{"id":9171,"date":"2023-10-04T15:04:58","date_gmt":"2023-10-04T20:04:58","guid":{"rendered":"https:\/\/hxdrstage.wpengine.com\/vue-densemble-de-loclab-cloud\/cas-dutilisation-de-loclab-cloud\/"},"modified":"2026-02-17T11:58:17","modified_gmt":"2026-02-17T16:58:17","slug":"cas-dutilisation-de-loclab-cloud","status":"publish","type":"page","link":"https:\/\/hxdr.com\/fr\/vue-densemble-de-loclab-cloud\/cas-dutilisation-de-loclab-cloud\/","title":{"rendered":"Cas d\u2019utilisation de LocLab Cloud"},"content":{"rendered":"\t\t<div data-elementor-type=\"wp-page\" data-elementor-id=\"9171\" class=\"elementor elementor-9171 elementor-3636\" data-elementor-post-type=\"page\">\n\t\t\t\t<div class=\"elementor-element elementor-element-aca6dd0 outerGridContainer e-flex e-con-boxed e-con e-parent\" data-id=\"aca6dd0\" data-element_type=\"container\" data-e-type=\"container\">\n\t\t\t\t\t<div class=\"e-con-inner\">\n\t\t<div class=\"elementor-element elementor-element-41621be e-con-full e-flex e-con e-child\" data-id=\"41621be\" data-element_type=\"container\" data-e-type=\"container\">\n\t\t<div class=\"elementor-element elementor-element-59ea0b6 e-con-full e-flex e-con e-child\" data-id=\"59ea0b6\" data-element_type=\"container\" data-e-type=\"container\">\n\t\t\t\t<div class=\"elementor-element elementor-element-e72299f elementor-widget elementor-widget-image\" data-id=\"e72299f\" data-element_type=\"widget\" data-e-type=\"widget\" data-widget_type=\"image.default\">\n\t\t\t\t\t\t\t\t\t\t\t\t\t\t\t<img decoding=\"async\" width=\"1\" height=\"1\" src=\"https:\/\/hxdr.com\/wp-content\/uploads\/2023\/10\/LocLabCloudIcon.svg\" class=\"attachment-1536x1536 size-1536x1536 wp-image-7896\" alt=\"\" srcset=\"https:\/\/hxdr.com\/wp-content\/uploads\/\/2023\/10\/LocLabCloudIcon.svg 150w, https:\/\/hxdr.com\/wp-content\/uploads\/\/2023\/10\/LocLabCloudIcon.svg 300w, https:\/\/hxdr.com\/wp-content\/uploads\/\/2023\/10\/LocLabCloudIcon.svg 768w, https:\/\/hxdr.com\/wp-content\/uploads\/\/2023\/10\/LocLabCloudIcon.svg 1024w, https:\/\/hxdr.com\/wp-content\/uploads\/\/2023\/10\/LocLabCloudIcon.svg 0w\" sizes=\"(max-width: 1px) 100vw, 1px\" \/>\t\t\t\t\t\t\t\t\t\t\t\t\t\t\t<\/div>\n\t\t\t\t<div class=\"elementor-element elementor-element-54395fd elementor-widget elementor-widget-heading\" data-id=\"54395fd\" data-element_type=\"widget\" data-e-type=\"widget\" data-widget_type=\"heading.default\">\n\t\t\t\t\t<h1 class=\"elementor-heading-title elementor-size-default\">Qui utilise nos solutions?<\/h1>\t\t\t\t<\/div>\n\t\t\t\t<\/div>\n\t\t\t\t<\/div>\n\t\t\t\t\t<\/div>\n\t\t\t\t<\/div>\n\t\t<div class=\"elementor-element elementor-element-beae055 outerGridContainer e-flex e-con-boxed e-con e-parent\" data-id=\"beae055\" data-element_type=\"container\" data-e-type=\"container\">\n\t\t\t\t\t<div class=\"e-con-inner\">\n\t\t<div class=\"elementor-element elementor-element-242ad3b e-con-full e-flex e-con e-child\" data-id=\"242ad3b\" data-element_type=\"container\" data-e-type=\"container\">\n\t\t<div class=\"elementor-element elementor-element-92c5521 e-con-full e-flex e-con e-child\" data-id=\"92c5521\" data-element_type=\"container\" data-e-type=\"container\">\n\t\t\t\t<div class=\"elementor-element elementor-element-d4e3e2c elementor-widget elementor-widget-heading\" data-id=\"d4e3e2c\" data-element_type=\"widget\" data-e-type=\"widget\" data-widget_type=\"heading.default\">\n\t\t\t\t\t<h3 class=\"elementor-heading-title elementor-size-default\">Les jumeaux num\u00e9riques LocLab sont d\u00e9j\u00e0 en train de transformer des secteurs cl\u00e9s. D\u00e9couvrez comment ces secteurs utilisent nos produits pour exploiter pleinement leurs donn\u00e9es. <\/h3>\t\t\t\t<\/div>\n\t\t\t\t<\/div>\n\t\t\t\t<\/div>\n\t\t\t\t\t<\/div>\n\t\t\t\t<\/div>\n\t\t<div class=\"elementor-element elementor-element-2c1c3f3 outerGridContainer e-flex e-con-boxed e-con e-parent\" data-id=\"2c1c3f3\" data-element_type=\"container\" data-e-type=\"container\" data-settings=\"{&quot;background_background&quot;:&quot;classic&quot;}\">\n\t\t\t\t\t<div class=\"e-con-inner\">\n\t\t<div class=\"elementor-element elementor-element-2d65ec6f e-con-full e-flex e-con e-child\" data-id=\"2d65ec6f\" data-element_type=\"container\" data-e-type=\"container\">\n\t\t<div class=\"elementor-element elementor-element-8769656 e-con-full e-flex e-con e-child\" data-id=\"8769656\" data-element_type=\"container\" data-e-type=\"container\">\n\t\t\t\t<div class=\"elementor-element elementor-element-41ac5484 elementor-widget elementor-widget-heading\" data-id=\"41ac5484\" data-element_type=\"widget\" data-e-type=\"widget\" data-widget_type=\"heading.default\">\n\t\t\t\t\t<h3 class=\"elementor-heading-title elementor-size-default\">Transport<\/h3>\t\t\t\t<\/div>\n\t\t\t\t<div class=\"elementor-element elementor-element-3a8c612 elementor-widget elementor-widget-text-editor\" data-id=\"3a8c612\" data-element_type=\"widget\" data-e-type=\"widget\" data-widget_type=\"text-editor.default\">\n\t\t\t\t\t\t\t\t\t<p><span class=\"TextRun SCXW150745026 BCX0\" data-contrast=\"auto\"><span class=\"NormalTextRun SCXW150745026 BCX0\">Nos<\/span><span class=\"NormalTextRun SCXW150745026 BCX0\">\u00a0jumeaux num\u00e9riques facilitent la planification des actifs, la communication et la m\u00e9diation politique de vos\u00a0<\/span><span class=\"NormalTextRun SCXW150745026 BCX0\">projets routiers, ferroviaires, fluviaux ou de transports\u00a0<\/span><span class=\"NormalTextRun SCXW150745026 BCX0\">publics<\/span><span class=\"NormalTextRun SCXW150745026 BCX0\">, ainsi que\u00a0<\/span><span class=\"NormalTextRun SCXW150745026 BCX0\">la surveillance\u00a0<\/span><span class=\"NormalTextRun SCXW150745026 BCX0\">de la maintenance et des r\u00e9parations<\/span><span class=\"NormalTextRun SCXW150745026 BCX0\">.<\/span><\/span><\/p><p><span class=\"TextRun SCXW150745026 BCX0\" data-contrast=\"auto\"><span class=\"NormalTextRun SCXW150745026 BCX0\">Simulez\u00a0<\/span><span class=\"NormalTextRun SCXW150745026 BCX0\">les variables environnementales et structurelles<\/span>\u00a0<span class=\"NormalTextRun SCXW150745026 BCX0\">et\u00a0<\/span><span class=\"NormalTextRun SCXW150745026 BCX0\">connectez votre jumeau num\u00e9rique<\/span><span class=\"NormalTextRun SCXW150745026 BCX0\">\u00a0\u00e0<\/span><span class=\"NormalTextRun SCXW150745026 BCX0\">\u00a0votre<\/span><span class=\"NormalTextRun SCXW150745026 BCX0\">\u00a0logiciel commercial<\/span><span class=\"NormalTextRun SCXW150745026 BCX0\">\u00a0pour<\/span><span class=\"NormalTextRun SCXW150745026 BCX0\">\u00a0mieux planifier les op\u00e9rations et trouver les actifs et leurs informations plus facilement et intuitivement sur site<\/span><span class=\"NormalTextRun SCXW150745026 BCX0\">.<\/span><\/span><\/p>\t\t\t\t\t\t\t\t<\/div>\n\t\t\t\t<\/div>\n\t\t<div class=\"elementor-element elementor-element-7ad5749c e-con-full e-flex e-con e-child\" data-id=\"7ad5749c\" data-element_type=\"container\" data-e-type=\"container\">\n\t\t\t\t<div class=\"elementor-element elementor-element-65d966e0 elementor-widget elementor-widget-image\" data-id=\"65d966e0\" data-element_type=\"widget\" data-e-type=\"widget\" data-widget_type=\"image.default\">\n\t\t\t\t\t\t\t\t\t\t\t\t\t\t\t<img fetchpriority=\"high\" decoding=\"async\" width=\"1920\" height=\"975\" src=\"https:\/\/hxdr.com\/wp-content\/uploads\/2023\/10\/Transportation_2.jpg\" class=\"attachment-full size-full wp-image-8136\" alt=\"\" srcset=\"https:\/\/hxdr.com\/wp-content\/uploads\/2023\/10\/Transportation_2.jpg 1920w, https:\/\/hxdr.com\/wp-content\/uploads\/2023\/10\/Transportation_2-300x152.jpg 300w, https:\/\/hxdr.com\/wp-content\/uploads\/2023\/10\/Transportation_2-1024x520.jpg 1024w, https:\/\/hxdr.com\/wp-content\/uploads\/2023\/10\/Transportation_2-768x390.jpg 768w, https:\/\/hxdr.com\/wp-content\/uploads\/2023\/10\/Transportation_2-1536x780.jpg 1536w\" sizes=\"(max-width: 1920px) 100vw, 1920px\" \/>\t\t\t\t\t\t\t\t\t\t\t\t\t\t\t<\/div>\n\t\t\t\t<\/div>\n\t\t\t\t<\/div>\n\t\t\t\t\t<\/div>\n\t\t\t\t<\/div>\n\t\t<div class=\"elementor-element elementor-element-580d6311 outerGridContainer e-flex e-con-boxed e-con e-parent\" data-id=\"580d6311\" data-element_type=\"container\" data-e-type=\"container\">\n\t\t\t\t\t<div class=\"e-con-inner\">\n\t\t<div class=\"elementor-element elementor-element-55c5f2a5 e-con-full e-flex e-con e-child\" data-id=\"55c5f2a5\" data-element_type=\"container\" data-e-type=\"container\">\n\t\t<div class=\"elementor-element elementor-element-79091110 e-con-full e-flex e-con e-child\" data-id=\"79091110\" data-element_type=\"container\" data-e-type=\"container\">\n\t\t\t\t<div class=\"elementor-element elementor-element-73c42534 elementor-widget elementor-widget-image\" data-id=\"73c42534\" data-element_type=\"widget\" data-e-type=\"widget\" data-widget_type=\"image.default\">\n\t\t\t\t\t\t\t\t\t\t\t\t\t\t\t<img decoding=\"async\" width=\"1727\" height=\"1033\" src=\"https:\/\/hxdr.com\/wp-content\/uploads\/2023\/10\/Energy_2.jpg\" class=\"attachment-full size-full wp-image-8142\" alt=\"\" srcset=\"https:\/\/hxdr.com\/wp-content\/uploads\/2023\/10\/Energy_2.jpg 1727w, https:\/\/hxdr.com\/wp-content\/uploads\/2023\/10\/Energy_2-300x179.jpg 300w, https:\/\/hxdr.com\/wp-content\/uploads\/2023\/10\/Energy_2-1024x613.jpg 1024w, https:\/\/hxdr.com\/wp-content\/uploads\/2023\/10\/Energy_2-768x459.jpg 768w, https:\/\/hxdr.com\/wp-content\/uploads\/2023\/10\/Energy_2-1536x919.jpg 1536w\" sizes=\"(max-width: 1727px) 100vw, 1727px\" \/>\t\t\t\t\t\t\t\t\t\t\t\t\t\t\t<\/div>\n\t\t\t\t<\/div>\n\t\t<div class=\"elementor-element elementor-element-682ebf2b e-con-full e-flex e-con e-child\" data-id=\"682ebf2b\" data-element_type=\"container\" data-e-type=\"container\">\n\t\t\t\t<div class=\"elementor-element elementor-element-17a5e7ac elementor-widget elementor-widget-heading\" data-id=\"17a5e7ac\" data-element_type=\"widget\" data-e-type=\"widget\" data-widget_type=\"heading.default\">\n\t\t\t\t\t<h3 class=\"elementor-heading-title elementor-size-default\">\u00c9nergie et services publics<\/h3>\t\t\t\t<\/div>\n\t\t\t\t<div class=\"elementor-element elementor-element-d51de78 elementor-widget elementor-widget-text-editor\" data-id=\"d51de78\" data-element_type=\"widget\" data-e-type=\"widget\" data-widget_type=\"text-editor.default\">\n\t\t\t\t\t\t\t\t\t<p><span class=\"TextRun SCXW56523765 BCX0\" data-contrast=\"auto\"><span class=\"NormalTextRun SCXW56523765 BCX0\">Red\u00e9finissez la planification de vos op\u00e9rations.\u00a0<\/span><span class=\"NormalTextRun SCXW56523765 BCX0\">Les jumeaux num\u00e9riques de centrales \u00e9lectriques, de parcs \u00e9oliens, de lignes de transmission<\/span><span class=\"NormalTextRun SCXW56523765 BCX0\">\u00a0ou de sous-stations \u00e9largissent vos connaissances en mati\u00e8re de ressources. Les informations qui \u00e9taient auparavant\u00a0<\/span><span class=\"NormalTextRun SCXW56523765 BCX0\">cloisonn\u00e9es\u00a0<\/span><span class=\"NormalTextRun SCXW56523765 BCX0\">dans diff\u00e9rents syst\u00e8mes sont agr\u00e9g\u00e9es dans\u00a0<\/span><span class=\"NormalTextRun SCXW56523765 BCX0\">votre Vrai Jumeau Num\u00e9rique<\/span><span class=\"NormalTextRun SCXW56523765 BCX0\">\u00a0et rendues facilement accessibles.<\/span><\/span><\/p><p><span class=\"TextRun SCXW56523765 BCX0\" data-contrast=\"auto\"><span class=\"NormalTextRun SCXW56523765 BCX0\">Simulez les processus sur le mod\u00e8le, commandez vos unit\u00e9s virtuellement<\/span><span class=\"NormalTextRun SCXW56523765 BCX0\">\u00a0et\u00a0<\/span><span class=\"NormalTextRun SCXW56523765 BCX0\">reconnaissez<\/span><span class=\"NormalTextRun SCXW56523765 BCX0\">\u00a0les liens\u00a0<\/span><span class=\"NormalTextRun SCXW56523765 BCX0\">entre les syst\u00e8mes qui seraient peut-\u00eatre pass\u00e9s inaper\u00e7us<\/span><span class=\"NormalTextRun SCXW56523765 BCX0\">. Obtenez toutes les informations sur un\u00a0<\/span><span class=\"NormalTextRun SCXW56523765 BCX0\">composant<\/span><span class=\"NormalTextRun SCXW56523765 BCX0\">\u00a0technique en cliquant simplement sur la pi\u00e8ce dans le jumeau num\u00e9rique<\/span><span class=\"NormalTextRun SCXW56523765 BCX0\">. Plus besoin de parcourir\u00a0<\/span><span class=\"NormalTextRun SCXW56523765 BCX0\">des tableaux ou hi\u00e9rarchies dans le logiciel.<\/span><\/span><\/p>\t\t\t\t\t\t\t\t<\/div>\n\t\t\t\t<\/div>\n\t\t\t\t<\/div>\n\t\t\t\t\t<\/div>\n\t\t\t\t<\/div>\n\t\t<div class=\"elementor-element elementor-element-dfd0763 outerGridContainer e-flex e-con-boxed e-con e-parent\" data-id=\"dfd0763\" data-element_type=\"container\" data-e-type=\"container\" data-settings=\"{&quot;background_background&quot;:&quot;classic&quot;}\">\n\t\t\t\t\t<div class=\"e-con-inner\">\n\t\t<div class=\"elementor-element elementor-element-d1585da e-con-full e-flex e-con e-child\" data-id=\"d1585da\" data-element_type=\"container\" data-e-type=\"container\">\n\t\t<div class=\"elementor-element elementor-element-f5ee8bf e-con-full e-flex e-con e-child\" data-id=\"f5ee8bf\" data-element_type=\"container\" data-e-type=\"container\">\n\t\t\t\t<div class=\"elementor-element elementor-element-4c14bed elementor-widget elementor-widget-heading\" data-id=\"4c14bed\" data-element_type=\"widget\" data-e-type=\"widget\" data-widget_type=\"heading.default\">\n\t\t\t\t\t<h3 class=\"elementor-heading-title elementor-size-default\">Installations et fabrication<\/h3>\t\t\t\t<\/div>\n\t\t\t\t<div class=\"elementor-element elementor-element-7a0dd18 elementor-widget elementor-widget-text-editor\" data-id=\"7a0dd18\" data-element_type=\"widget\" data-e-type=\"widget\" data-widget_type=\"text-editor.default\">\n\t\t\t\t\t\t\t\t\t<p><span class=\"TextRun SCXW240244531 BCX0\" data-contrast=\"auto\"><span class=\"NormalTextRun SCXW240244531 BCX0\">Que\u00a0<\/span><span class=\"NormalTextRun SCXW240244531 BCX0\">vous<\/span><span class=\"NormalTextRun SCXW240244531 BCX0\">\u00a0r\u00e9alisiez des<\/span><span class=\"NormalTextRun SCXW240244531 BCX0\">\u00a0a\u00e9ronefs<\/span><span class=\"NormalTextRun SCXW240244531 BCX0\">, v\u00e9hicules, produits\u00a0<\/span><span class=\"NormalTextRun SCXW240244531 BCX0\">chimiques<\/span><span class=\"NormalTextRun SCXW240244531 BCX0\">\u00a0et pharmaceutiques, b\u00e2timents en acier ou pr\u00e9fabriqu\u00e9s<\/span><span class=\"NormalTextRun SCXW240244531 BCX0\">,\u00a0<\/span><span class=\"NormalTextRun SCXW240244531 BCX0\">nos Vrais\u00a0<\/span><span class=\"NormalTextRun SCXW240244531 BCX0\">Jumeaux\u00a0<\/span><span class=\"NormalTextRun SCXW240244531 BCX0\">Num\u00e9riques transforment votre unit\u00e9 en usine num\u00e9rique dans laquelle les processus\u00a0<\/span><span class=\"NormalTextRun SCXW240244531 BCX0\">sont\u00a0<\/span><span class=\"NormalTextRun SCXW240244531 BCX0\">command\u00e9s et\u00a0<\/span><span class=\"NormalTextRun SCXW240244531 BCX0\">optimis\u00e9s<\/span><span class=\"NormalTextRun SCXW240244531 BCX0\">\u00a0virtuellement.<\/span><\/span><\/p><p><a class=\"Hyperlink SCXW240244531 BCX0\" href=\"https:\/\/aliresources.hexagon.com\/asset-lifecycle-information-management\/how-industry-4-0-technologies-are-transforming-the-power-and-utilities-industry\" target=\"_blank\" rel=\"nofollow noopener\"><span class=\"TextRun Underlined SCXW240244531 BCX0\" data-contrast=\"none\"><span class=\"NormalTextRun SCXW240244531 BCX0\" data-ccp-charstyle=\"Hyperlink\">L\u2019industrie 4.0<\/span><\/span><\/a><span class=\"TextRun SCXW240244531 BCX0\" data-contrast=\"auto\"><span class=\"NormalTextRun SCXW240244531 BCX0\">\u00a0devient r\u00e9alit\u00e9 gr\u00e2ce \u00e0 l\u2019image num\u00e9rique de vos sites de production<\/span><span class=\"NormalTextRun SCXW240244531 BCX0\">,<\/span><span class=\"NormalTextRun SCXW240244531 BCX0\">\u00a0que\u00a0<\/span><span class=\"NormalTextRun SCXW240244531 BCX0\">votre\u00a0<\/span><span class=\"NormalTextRun SCXW240244531 BCX0\">implantation\u00a0<\/span><span class=\"NormalTextRun SCXW240244531 BCX0\">soit locale ou mondiale<\/span><span class=\"NormalTextRun SCXW240244531 BCX0\">. Les\u00a0<\/span><span class=\"NormalTextRun SCXW240244531 BCX0\">pi\u00e8ces similaires, difficiles \u00e0 distinguer dans l\u2019inventaire, apparaissent clairement dans votre jumeau num\u00e9rique et sont<\/span><span class=\"NormalTextRun SCXW240244531 BCX0\">\u00a0<\/span><span class=\"NormalTextRun SCXW240244531 BCX0\">facilement<\/span><span class=\"NormalTextRun SCXW240244531 BCX0\">\u00a0localis\u00e9es\u00a0<\/span><span class=\"NormalTextRun SCXW240244531 BCX0\">dans l\u2019espace r\u00e9el sur site<\/span><span class=\"NormalTextRun SCXW240244531 BCX0\">. En un clic, vous obtenez toutes les donn\u00e9es pertinentes<\/span><span class=\"NormalTextRun SCXW240244531 BCX0\">\u00a0au m\u00eame endroit, quel\u00a0<\/span><span class=\"NormalTextRun SCXW240244531 BCX0\">que soit le nombre de syst\u00e8mes d\u2019h\u00e9bergement de donn\u00e9es<\/span><span class=\"NormalTextRun SCXW240244531 BCX0\">\u00a0utilis\u00e9s<\/span><span class=\"NormalTextRun SCXW240244531 BCX0\">.<\/span><\/span><span class=\"EOP SCXW240244531 BCX0\" data-ccp-props=\"{&quot;201341983&quot;:0,&quot;335559739&quot;:160,&quot;335559740&quot;:259}\">\u00a0<\/span><\/p>\t\t\t\t\t\t\t\t<\/div>\n\t\t\t\t<\/div>\n\t\t<div class=\"elementor-element elementor-element-ca305df e-con-full e-flex e-con e-child\" data-id=\"ca305df\" data-element_type=\"container\" data-e-type=\"container\">\n\t\t\t\t<div class=\"elementor-element elementor-element-c47d1ae elementor-widget elementor-widget-image\" data-id=\"c47d1ae\" data-element_type=\"widget\" data-e-type=\"widget\" data-widget_type=\"image.default\">\n\t\t\t\t\t\t\t\t\t\t\t\t\t\t\t<img loading=\"lazy\" decoding=\"async\" width=\"1916\" height=\"870\" src=\"https:\/\/hxdr.com\/wp-content\/uploads\/2023\/10\/Facility_2.jpg\" class=\"attachment-full size-full wp-image-8148\" alt=\"\" srcset=\"https:\/\/hxdr.com\/wp-content\/uploads\/2023\/10\/Facility_2.jpg 1916w, https:\/\/hxdr.com\/wp-content\/uploads\/2023\/10\/Facility_2-300x136.jpg 300w, https:\/\/hxdr.com\/wp-content\/uploads\/2023\/10\/Facility_2-1024x465.jpg 1024w, https:\/\/hxdr.com\/wp-content\/uploads\/2023\/10\/Facility_2-768x349.jpg 768w, https:\/\/hxdr.com\/wp-content\/uploads\/2023\/10\/Facility_2-1536x697.jpg 1536w\" sizes=\"(max-width: 1916px) 100vw, 1916px\" \/>\t\t\t\t\t\t\t\t\t\t\t\t\t\t\t<\/div>\n\t\t\t\t<\/div>\n\t\t\t\t<\/div>\n\t\t\t\t\t<\/div>\n\t\t\t\t<\/div>\n\t\t<div class=\"elementor-element elementor-element-3368159 outerGridContainer e-flex e-con-boxed e-con e-parent\" data-id=\"3368159\" data-element_type=\"container\" data-e-type=\"container\">\n\t\t\t\t\t<div class=\"e-con-inner\">\n\t\t<div class=\"elementor-element elementor-element-bab6da0 e-con-full e-flex e-con e-child\" data-id=\"bab6da0\" data-element_type=\"container\" data-e-type=\"container\">\n\t\t<div class=\"elementor-element elementor-element-d1b29eb e-con-full e-flex e-con e-child\" data-id=\"d1b29eb\" data-element_type=\"container\" data-e-type=\"container\">\n\t\t\t\t<div class=\"elementor-element elementor-element-e369611 elementor-widget elementor-widget-heading\" data-id=\"e369611\" data-element_type=\"widget\" data-e-type=\"widget\" data-widget_type=\"heading.default\">\n\t\t\t\t\t<h3 class=\"elementor-heading-title elementor-size-default\">Dynamique. Ax\u00e9 sur les donn\u00e9es. R\u00e9alit\u00e9 num\u00e9rique. Commencez d\u00e8s aujourd\u2019hui avec LocLab. <\/h3>\t\t\t\t<\/div>\n\t\t\t\t<div class=\"elementor-element elementor-element-0376726 push-right-btn elementor-align-center elementor-widget elementor-widget-button\" data-id=\"0376726\" data-element_type=\"widget\" data-e-type=\"widget\" data-widget_type=\"button.default\">\n\t\t\t\t\t\t\t\t\t\t<a class=\"elementor-button elementor-button-link elementor-size-sm\" href=\"\/loclab-cloud\/contact\/\">\n\t\t\t\t\t\t<span class=\"elementor-button-content-wrapper\">\n\t\t\t\t\t\t<span class=\"elementor-button-icon\">\n\t\t\t\t<svg xmlns=\"http:\/\/www.w3.org\/2000\/svg\" width=\"19\" height=\"16\" viewBox=\"0 0 19 16\" fill=\"none\"><path d=\"M9.29362 14.5652L10.6036 15.8652L18.2436 8.22523L10.6036 0.585235L9.29362 1.90523L14.7036 7.28523H0.703613V9.16523H14.7036L9.29362 14.5652Z\" fill=\"white\"><\/path><\/svg>\t\t\t<\/span>\n\t\t\t\t\t\t\t\t\t<span class=\"elementor-button-text\">Nous contacter<\/span>\n\t\t\t\t\t<\/span>\n\t\t\t\t\t<\/a>\n\t\t\t\t\t\t\t\t<\/div>\n\t\t\t\t<\/div>\n\t\t\t\t<\/div>\n\t\t\t\t\t<\/div>\n\t\t\t\t<\/div>\n\t\t\t\t<\/div>\n\t\t","protected":false},"excerpt":{"rendered":"<p>Qui utilise nos solutions? Les jumeaux num\u00e9riques LocLab sont d\u00e9j\u00e0 en train de transformer des secteurs cl\u00e9s. D\u00e9couvrez comment ces secteurs utilisent nos produits pour exploiter pleinement leurs donn\u00e9es. Transport Nos\u00a0jumeaux num\u00e9riques facilitent la planification des actifs, la communication et la m\u00e9diation politique de vos\u00a0projets routiers, ferroviaires, fluviaux ou de transports\u00a0publics, ainsi que\u00a0la surveillance\u00a0de la [&hellip;]<\/p>\n","protected":false},"author":7,"featured_media":0,"parent":9152,"menu_order":0,"comment_status":"closed","ping_status":"closed","template":"","meta":{"footnotes":""},"class_list":["post-9171","page","type-page","status-publish","hentry"],"_links":{"self":[{"href":"https:\/\/hxdr.com\/fr\/wp-json\/wp\/v2\/pages\/9171","targetHints":{"allow":["GET"]}}],"collection":[{"href":"https:\/\/hxdr.com\/fr\/wp-json\/wp\/v2\/pages"}],"about":[{"href":"https:\/\/hxdr.com\/fr\/wp-json\/wp\/v2\/types\/page"}],"author":[{"embeddable":true,"href":"https:\/\/hxdr.com\/fr\/wp-json\/wp\/v2\/users\/7"}],"replies":[{"embeddable":true,"href":"https:\/\/hxdr.com\/fr\/wp-json\/wp\/v2\/comments?post=9171"}],"version-history":[{"count":0,"href":"https:\/\/hxdr.com\/fr\/wp-json\/wp\/v2\/pages\/9171\/revisions"}],"up":[{"embeddable":true,"href":"https:\/\/hxdr.com\/fr\/wp-json\/wp\/v2\/pages\/9152"}],"wp:attachment":[{"href":"https:\/\/hxdr.com\/fr\/wp-json\/wp\/v2\/media?parent=9171"}],"curies":[{"name":"wp","href":"https:\/\/api.w.org\/{rel}","templated":true}]}}