{"id":9155,"date":"2023-10-04T14:47:24","date_gmt":"2023-10-04T19:47:24","guid":{"rendered":"https:\/\/hxdrstage.wpengine.com\/vue-densemble-de-loclab-cloud\/fonctionnalites-de-loclab-cloud\/"},"modified":"2026-02-17T11:54:37","modified_gmt":"2026-02-17T16:54:37","slug":"fonctionnalites-de-loclab-cloud","status":"publish","type":"page","link":"https:\/\/hxdr.com\/fr\/vue-densemble-de-loclab-cloud\/fonctionnalites-de-loclab-cloud\/","title":{"rendered":"Fonctionnalit\u00e9s de LocLab Cloud"},"content":{"rendered":"\t\t<div data-elementor-type=\"wp-page\" data-elementor-id=\"9155\" class=\"elementor elementor-9155 elementor-3634\" data-elementor-post-type=\"page\">\n\t\t\t\t<div class=\"elementor-element elementor-element-967fb99 outerGridContainer e-flex e-con-boxed e-con e-parent\" data-id=\"967fb99\" data-element_type=\"container\" data-e-type=\"container\">\n\t\t\t\t\t<div class=\"e-con-inner\">\n\t\t<div class=\"elementor-element elementor-element-e5a4cb6 e-con-full e-flex e-con e-child\" data-id=\"e5a4cb6\" data-element_type=\"container\" data-e-type=\"container\">\n\t\t<div class=\"elementor-element elementor-element-56c6864 e-con-full e-flex e-con e-child\" data-id=\"56c6864\" data-element_type=\"container\" data-e-type=\"container\">\n\t\t\t\t<div class=\"elementor-element elementor-element-ad8fde3 elementor-widget elementor-widget-image\" data-id=\"ad8fde3\" data-element_type=\"widget\" data-e-type=\"widget\" data-widget_type=\"image.default\">\n\t\t\t\t\t\t\t\t\t\t\t\t\t\t\t<img decoding=\"async\" width=\"1\" height=\"1\" src=\"https:\/\/hxdr.com\/wp-content\/uploads\/2023\/10\/LocLabCloudIcon.svg\" class=\"attachment-1536x1536 size-1536x1536 wp-image-7896\" alt=\"\" srcset=\"https:\/\/hxdr.com\/wp-content\/uploads\/\/2023\/10\/LocLabCloudIcon.svg 150w, https:\/\/hxdr.com\/wp-content\/uploads\/\/2023\/10\/LocLabCloudIcon.svg 300w, https:\/\/hxdr.com\/wp-content\/uploads\/\/2023\/10\/LocLabCloudIcon.svg 768w, https:\/\/hxdr.com\/wp-content\/uploads\/\/2023\/10\/LocLabCloudIcon.svg 1024w, https:\/\/hxdr.com\/wp-content\/uploads\/\/2023\/10\/LocLabCloudIcon.svg 0w\" sizes=\"(max-width: 1px) 100vw, 1px\" \/>\t\t\t\t\t\t\t\t\t\t\t\t\t\t\t<\/div>\n\t\t\t\t<div class=\"elementor-element elementor-element-0c3667e elementor-widget elementor-widget-heading\" data-id=\"0c3667e\" data-element_type=\"widget\" data-e-type=\"widget\" data-widget_type=\"heading.default\">\n\t\t\t\t\t<h1 class=\"elementor-heading-title elementor-size-default\">Pourquoi nous choisir?<\/h1>\t\t\t\t<\/div>\n\t\t\t\t<\/div>\n\t\t\t\t<\/div>\n\t\t\t\t\t<\/div>\n\t\t\t\t<\/div>\n\t\t<div class=\"elementor-element elementor-element-c6431f6 outerGridContainer e-flex e-con-boxed e-con e-parent\" data-id=\"c6431f6\" data-element_type=\"container\" data-e-type=\"container\">\n\t\t\t\t\t<div class=\"e-con-inner\">\n\t\t<div class=\"elementor-element elementor-element-29668d4 e-con-full e-flex e-con e-child\" data-id=\"29668d4\" data-element_type=\"container\" data-e-type=\"container\">\n\t\t<div class=\"elementor-element elementor-element-73991d3 e-con-full e-flex e-con e-child\" data-id=\"73991d3\" data-element_type=\"container\" data-e-type=\"container\">\n\t\t\t\t<div class=\"elementor-element elementor-element-7d87524 elementor-widget elementor-widget-heading\" data-id=\"7d87524\" data-element_type=\"widget\" data-e-type=\"widget\" data-widget_type=\"heading.default\">\n\t\t\t\t\t<h3 class=\"elementor-heading-title elementor-size-default\">LocLab Cloud offre une combinaison in\u00e9gal\u00e9e de fonctionnalit\u00e9s aux utilisateurs de ses jumeaux num\u00e9riques \u00e9volutifs, qui sont adapt\u00e9s aux petites entreprises comme aux grandes. <\/h3>\t\t\t\t<\/div>\n\t\t\t\t<\/div>\n\t\t\t\t<\/div>\n\t\t\t\t\t<\/div>\n\t\t\t\t<\/div>\n\t\t<div class=\"elementor-element elementor-element-169e3ae4 outerGridContainer e-flex e-con-boxed e-con e-parent\" data-id=\"169e3ae4\" data-element_type=\"container\" data-e-type=\"container\" data-settings=\"{&quot;background_background&quot;:&quot;classic&quot;}\">\n\t\t\t\t\t<div class=\"e-con-inner\">\n\t\t<div class=\"elementor-element elementor-element-62a0f4d8 e-con-full e-flex e-con e-child\" data-id=\"62a0f4d8\" data-element_type=\"container\" data-e-type=\"container\">\n\t\t<div class=\"elementor-element elementor-element-63b3994d e-con-full e-flex e-con e-child\" data-id=\"63b3994d\" data-element_type=\"container\" data-e-type=\"container\">\n\t\t\t\t<div class=\"elementor-element elementor-element-4747964 elementor-widget elementor-widget-heading\" data-id=\"4747964\" data-element_type=\"widget\" data-e-type=\"widget\" data-widget_type=\"heading.default\">\n\t\t\t\t\t<h2 class=\"elementor-heading-title elementor-size-default\">Un ensemble robuste de fonctionnalit\u00e9s<\/h2>\t\t\t\t<\/div>\n\t\t\t\t<div class=\"elementor-element elementor-element-d1643ff elementor-widget elementor-widget-heading\" data-id=\"d1643ff\" data-element_type=\"widget\" data-e-type=\"widget\" data-widget_type=\"heading.default\">\n\t\t\t\t\t<h5 class=\"elementor-heading-title elementor-size-default\">Exploitez pleinement vos donn\u00e9es gr\u00e2ce \u00e0 ces fonctionnalit\u00e9s-cl\u00e9s disponibles pour les utilisateurs de LocLab Cloud et adapt\u00e9es \u00e0 vos projets.  <\/h5>\t\t\t\t<\/div>\n\t\t\t\t<\/div>\n\t\t\t\t<\/div>\n\t\t<div class=\"elementor-element elementor-element-4b59a17a e-con-full e-flex e-con e-child\" data-id=\"4b59a17a\" data-element_type=\"container\" data-e-type=\"container\">\n\t\t<div class=\"elementor-element elementor-element-3e47a44c e-con-full e-flex e-con e-child\" data-id=\"3e47a44c\" data-element_type=\"container\" data-e-type=\"container\">\n\t\t\t\t<div class=\"elementor-element elementor-element-a99ea2b elementor-widget elementor-widget-heading\" data-id=\"a99ea2b\" data-element_type=\"widget\" data-e-type=\"widget\" data-widget_type=\"heading.default\">\n\t\t\t\t\t<h3 class=\"elementor-heading-title elementor-size-default\">Gestion de donn\u00e9es<\/h3>\t\t\t\t<\/div>\n\t\t\t\t<div class=\"elementor-element elementor-element-60c923d elementor-widget elementor-widget-text-editor\" data-id=\"60c923d\" data-element_type=\"widget\" data-e-type=\"widget\" data-widget_type=\"text-editor.default\">\n\t\t\t\t\t\t\t\t\t<ul><li>Acc\u00e9dez \u00e0 vos donn\u00e9es de projet partout et \u00e0 tout moment. Les changements de mod\u00e8le sont charg\u00e9s progressivement en arri\u00e8re-plan.<\/li><li>G\u00e9rez les dossiers, les \u00e9tiquettes de num\u00e9risation, les mod\u00e8les, les supports et autres fichiers de donn\u00e9es.<\/li><li>D\u00e9finissez pour chaque projet les droits d\u2019acc\u00e8s aux donn\u00e9es et de modification en fonction des r\u00f4les.<\/li><\/ul>\t\t\t\t\t\t\t\t<\/div>\n\t\t\t\t<\/div>\n\t\t<div class=\"elementor-element elementor-element-20f08d66 e-con-full e-flex e-con e-child\" data-id=\"20f08d66\" data-element_type=\"container\" data-e-type=\"container\">\n\t\t\t\t<div class=\"elementor-element elementor-element-365db05 elementor-widget elementor-widget-image\" data-id=\"365db05\" data-element_type=\"widget\" data-e-type=\"widget\" data-widget_type=\"image.default\">\n\t\t\t\t\t\t\t\t\t\t\t\t\t\t\t<img fetchpriority=\"high\" decoding=\"async\" width=\"800\" height=\"547\" src=\"https:\/\/hxdr.com\/wp-content\/uploads\/2023\/10\/MyProjects-1024x700.png\" class=\"attachment-large size-large wp-image-8052\" alt=\"\" srcset=\"https:\/\/hxdr.com\/wp-content\/uploads\/2023\/10\/MyProjects-1024x700.png 1024w, https:\/\/hxdr.com\/wp-content\/uploads\/2023\/10\/MyProjects-300x205.png 300w, https:\/\/hxdr.com\/wp-content\/uploads\/2023\/10\/MyProjects-768x525.png 768w, https:\/\/hxdr.com\/wp-content\/uploads\/2023\/10\/MyProjects-1536x1050.png 1536w, https:\/\/hxdr.com\/wp-content\/uploads\/2023\/10\/MyProjects.png 1920w\" sizes=\"(max-width: 800px) 100vw, 800px\" \/>\t\t\t\t\t\t\t\t\t\t\t\t\t\t\t<\/div>\n\t\t\t\t<\/div>\n\t\t\t\t<\/div>\n\t\t\t\t\t<\/div>\n\t\t\t\t<\/div>\n\t\t<div class=\"elementor-element elementor-element-1975044 outerGridContainer e-flex e-con-boxed e-con e-parent\" data-id=\"1975044\" data-element_type=\"container\" data-e-type=\"container\">\n\t\t\t\t\t<div class=\"e-con-inner\">\n\t\t<div class=\"elementor-element elementor-element-fb567dd e-con-full e-flex e-con e-child\" data-id=\"fb567dd\" data-element_type=\"container\" data-e-type=\"container\">\n\t\t<div class=\"elementor-element elementor-element-c554b04 e-con-full e-flex e-con e-child\" data-id=\"c554b04\" data-element_type=\"container\" data-e-type=\"container\">\n\t\t\t\t<div class=\"elementor-element elementor-element-933f255 elementor-widget elementor-widget-heading\" data-id=\"933f255\" data-element_type=\"widget\" data-e-type=\"widget\" data-widget_type=\"heading.default\">\n\t\t\t\t\t<h3 class=\"elementor-heading-title elementor-size-default\">Gestion de projets et d\u2019utilisateurs<\/h3>\t\t\t\t<\/div>\n\t\t\t\t<div class=\"elementor-element elementor-element-6889cc8 elementor-widget elementor-widget-text-editor\" data-id=\"6889cc8\" data-element_type=\"widget\" data-e-type=\"widget\" data-widget_type=\"text-editor.default\">\n\t\t\t\t\t\t\t\t\t<ul><li>G\u00e9rez les utilisateurs, les identifiants et les licences pour tous les projets de l\u2019entreprise.<\/li><li class=\"x_MsoNormal\">Organisez les utilisateurs, les r\u00f4les et les donn\u00e9es dans diff\u00e9rents projets.<\/li><li>Plus hautes normes de s\u00e9curit\u00e9 de l\u2019information avec les services de plateforme AWS et HxDR.<\/li><\/ul>\t\t\t\t\t\t\t\t<\/div>\n\t\t\t\t<\/div>\n\t\t<div class=\"elementor-element elementor-element-da3c46f e-con-full e-flex e-con e-child\" data-id=\"da3c46f\" data-element_type=\"container\" data-e-type=\"container\">\n\t\t\t\t<div class=\"elementor-element elementor-element-cc79bf5 elementor-widget elementor-widget-image\" data-id=\"cc79bf5\" data-element_type=\"widget\" data-e-type=\"widget\" data-widget_type=\"image.default\">\n\t\t\t\t\t\t\t\t\t\t\t\t\t\t\t<img decoding=\"async\" width=\"800\" height=\"547\" src=\"https:\/\/hxdr.com\/wp-content\/uploads\/2023\/10\/ProjectMemberList2-1024x700.png\" class=\"attachment-large size-large wp-image-8124\" alt=\"\" srcset=\"https:\/\/hxdr.com\/wp-content\/uploads\/2023\/10\/ProjectMemberList2-1024x700.png 1024w, https:\/\/hxdr.com\/wp-content\/uploads\/2023\/10\/ProjectMemberList2-300x205.png 300w, https:\/\/hxdr.com\/wp-content\/uploads\/2023\/10\/ProjectMemberList2-768x525.png 768w, https:\/\/hxdr.com\/wp-content\/uploads\/2023\/10\/ProjectMemberList2-1536x1050.png 1536w, https:\/\/hxdr.com\/wp-content\/uploads\/2023\/10\/ProjectMemberList2.png 1920w\" sizes=\"(max-width: 800px) 100vw, 800px\" \/>\t\t\t\t\t\t\t\t\t\t\t\t\t\t\t<\/div>\n\t\t\t\t<\/div>\n\t\t\t\t<\/div>\n\t\t\t\t\t<\/div>\n\t\t\t\t<\/div>\n\t\t<div class=\"elementor-element elementor-element-d398ce5 outerGridContainer e-flex e-con-boxed e-con e-parent\" data-id=\"d398ce5\" data-element_type=\"container\" data-e-type=\"container\" data-settings=\"{&quot;background_background&quot;:&quot;classic&quot;}\">\n\t\t\t\t\t<div class=\"e-con-inner\">\n\t\t<div class=\"elementor-element elementor-element-bbaf4bf e-con-full e-flex e-con e-child\" data-id=\"bbaf4bf\" data-element_type=\"container\" data-e-type=\"container\">\n\t\t<div class=\"elementor-element elementor-element-048266d e-con-full e-flex e-con e-child\" data-id=\"048266d\" data-element_type=\"container\" data-e-type=\"container\">\n\t\t\t\t<div class=\"elementor-element elementor-element-c97d34e elementor-widget elementor-widget-heading\" data-id=\"c97d34e\" data-element_type=\"widget\" data-e-type=\"widget\" data-widget_type=\"heading.default\">\n\t\t\t\t\t<h3 class=\"elementor-heading-title elementor-size-default\">LocLab Lecteur<\/h3>\t\t\t\t<\/div>\n\t\t\t\t<div class=\"elementor-element elementor-element-7974b5d elementor-widget elementor-widget-text-editor\" data-id=\"7974b5d\" data-element_type=\"widget\" data-e-type=\"widget\" data-widget_type=\"text-editor.default\">\n\t\t\t\t\t\t\t\t\t<ul><li>Un lecteur unique pour tous les projets de jumeaux num\u00e9riques<br \/>Visionneuse\u00a03D immersive en temps r\u00e9el<\/li><li class=\"x_MsoNormal\">Plusieurs options de cam\u00e9ra et graphiques, pour une visualisation rapide et facile ou experte<\/li><li>Simulation de diff\u00e9rentes conditions m\u00e9t\u00e9orologiques, de date et d\u2019heure<\/li><li>Synchronisation automatique de toutes les donn\u00e9es du projet de jumeau num\u00e9rique<\/li><li>Mises \u00e0 jour automatiques du logiciel du lecteur avec correctifs et nouvelles fonctionnalit\u00e9s<\/li><li>Cr\u00e9ation et partage des points de saut, des annotations et des mesures.<\/li><li>Int\u00e9gration des sources de donn\u00e9es externes dans les jumeaux num\u00e9riques et r\u00e9ception de notifications syst\u00e8me via API.<\/li><\/ul>\t\t\t\t\t\t\t\t<\/div>\n\t\t\t\t<\/div>\n\t\t<div class=\"elementor-element elementor-element-4c55ebe e-con-full e-flex e-con e-child\" data-id=\"4c55ebe\" data-element_type=\"container\" data-e-type=\"container\">\n\t\t\t\t<div class=\"elementor-element elementor-element-1f8bd0f elementor-widget elementor-widget-image\" data-id=\"1f8bd0f\" data-element_type=\"widget\" data-e-type=\"widget\" data-widget_type=\"image.default\">\n\t\t\t\t\t\t\t\t\t\t\t\t\t\t\t<img loading=\"lazy\" decoding=\"async\" width=\"800\" height=\"547\" src=\"https:\/\/hxdr.com\/wp-content\/uploads\/2023\/10\/LocLabCloud3-1024x700.png\" class=\"attachment-large size-large wp-image-7998\" alt=\"\" srcset=\"https:\/\/hxdr.com\/wp-content\/uploads\/2023\/10\/LocLabCloud3-1024x700.png 1024w, https:\/\/hxdr.com\/wp-content\/uploads\/2023\/10\/LocLabCloud3-300x205.png 300w, https:\/\/hxdr.com\/wp-content\/uploads\/2023\/10\/LocLabCloud3-768x525.png 768w, https:\/\/hxdr.com\/wp-content\/uploads\/2023\/10\/LocLabCloud3-1536x1050.png 1536w, https:\/\/hxdr.com\/wp-content\/uploads\/2023\/10\/LocLabCloud3.png 1920w\" sizes=\"(max-width: 800px) 100vw, 800px\" \/>\t\t\t\t\t\t\t\t\t\t\t\t\t\t\t<\/div>\n\t\t\t\t<\/div>\n\t\t\t\t<\/div>\n\t\t\t\t\t<\/div>\n\t\t\t\t<\/div>\n\t\t<div class=\"elementor-element elementor-element-191c217 outerGridContainer e-flex e-con-boxed e-con e-parent\" data-id=\"191c217\" data-element_type=\"container\" data-e-type=\"container\">\n\t\t\t\t\t<div class=\"e-con-inner\">\n\t\t<div class=\"elementor-element elementor-element-5ef8491 e-con-full e-flex e-con e-child\" data-id=\"5ef8491\" data-element_type=\"container\" data-e-type=\"container\">\n\t\t<div class=\"elementor-element elementor-element-0198e88 e-con-full e-flex e-con e-child\" data-id=\"0198e88\" data-element_type=\"container\" data-e-type=\"container\">\n\t\t\t\t<div class=\"elementor-element elementor-element-02c742b elementor-widget elementor-widget-heading\" data-id=\"02c742b\" data-element_type=\"widget\" data-e-type=\"widget\" data-widget_type=\"heading.default\">\n\t\t\t\t\t<h3 class=\"elementor-heading-title elementor-size-default\">Collaboration<\/h3>\t\t\t\t<\/div>\n\t\t\t\t<div class=\"elementor-element elementor-element-0ff5288 elementor-widget elementor-widget-text-editor\" data-id=\"0ff5288\" data-element_type=\"widget\" data-e-type=\"widget\" data-widget_type=\"text-editor.default\">\n\t\t\t\t\t\t\t\t\t<ul><li>Espace de travail partag\u00e9 pour collaborer directement avec les experts LocLab et partager les exigences, les informations de projet et les donn\u00e9es de jumeau.<\/li><li>Espace de travail partag\u00e9 pour int\u00e9grer des consultants et des sous-traitants externes.<\/li><li>Utilisez le jumeau num\u00e9rique dans votre entreprise \u00e0 diff\u00e9rentes fins.<\/li><\/ul>\t\t\t\t\t\t\t\t<\/div>\n\t\t\t\t<\/div>\n\t\t<div class=\"elementor-element elementor-element-7ebd653 e-con-full e-flex e-con e-child\" data-id=\"7ebd653\" data-element_type=\"container\" data-e-type=\"container\">\n\t\t\t\t<div class=\"elementor-element elementor-element-d60e103 elementor-widget elementor-widget-image\" data-id=\"d60e103\" data-element_type=\"widget\" data-e-type=\"widget\" data-widget_type=\"image.default\">\n\t\t\t\t\t\t\t\t\t\t\t\t\t\t\t<img loading=\"lazy\" decoding=\"async\" width=\"800\" height=\"547\" src=\"https:\/\/hxdr.com\/wp-content\/uploads\/2023\/10\/Collaboration_Sync-1024x700.png\" class=\"attachment-large size-large wp-image-8130\" alt=\"\" srcset=\"https:\/\/hxdr.com\/wp-content\/uploads\/2023\/10\/Collaboration_Sync-1024x700.png 1024w, https:\/\/hxdr.com\/wp-content\/uploads\/2023\/10\/Collaboration_Sync-300x205.png 300w, https:\/\/hxdr.com\/wp-content\/uploads\/2023\/10\/Collaboration_Sync-768x525.png 768w, https:\/\/hxdr.com\/wp-content\/uploads\/2023\/10\/Collaboration_Sync-1536x1050.png 1536w, https:\/\/hxdr.com\/wp-content\/uploads\/2023\/10\/Collaboration_Sync.png 1920w\" sizes=\"(max-width: 800px) 100vw, 800px\" \/>\t\t\t\t\t\t\t\t\t\t\t\t\t\t\t<\/div>\n\t\t\t\t<\/div>\n\t\t\t\t<\/div>\n\t\t\t\t\t<\/div>\n\t\t\t\t<\/div>\n\t\t<div class=\"elementor-element elementor-element-b575aa5 outerGridContainer e-flex e-con-boxed e-con e-parent\" data-id=\"b575aa5\" data-element_type=\"container\" data-e-type=\"container\">\n\t\t\t\t\t<div class=\"e-con-inner\">\n\t\t<div class=\"elementor-element elementor-element-4e21b76 e-con-full e-flex e-con e-child\" data-id=\"4e21b76\" data-element_type=\"container\" data-e-type=\"container\">\n\t\t<div class=\"elementor-element elementor-element-9ee6e2c e-con-full e-flex e-con e-child\" data-id=\"9ee6e2c\" data-element_type=\"container\" data-e-type=\"container\">\n\t\t\t\t<div class=\"elementor-element elementor-element-9c4f8c9 elementor-widget elementor-widget-heading\" data-id=\"9c4f8c9\" data-element_type=\"widget\" data-e-type=\"widget\" data-widget_type=\"heading.default\">\n\t\t\t\t\t<h3 class=\"elementor-heading-title elementor-size-default\">Dynamique. Ax\u00e9 sur les donn\u00e9es. R\u00e9alit\u00e9 num\u00e9rique. <\/br>Commencez d\u00e8s aujourd\u2019hui avec LocLab. <\/h3>\t\t\t\t<\/div>\n\t\t\t\t<div class=\"elementor-element elementor-element-fde7a5f push-right-btn elementor-align-center elementor-widget elementor-widget-button\" data-id=\"fde7a5f\" data-element_type=\"widget\" data-e-type=\"widget\" data-widget_type=\"button.default\">\n\t\t\t\t\t\t\t\t\t\t<a class=\"elementor-button elementor-button-link elementor-size-sm\" href=\"\/loclab-cloud\/contact\/\">\n\t\t\t\t\t\t<span class=\"elementor-button-content-wrapper\">\n\t\t\t\t\t\t<span class=\"elementor-button-icon\">\n\t\t\t\t<svg xmlns=\"http:\/\/www.w3.org\/2000\/svg\" width=\"19\" height=\"16\" viewBox=\"0 0 19 16\" fill=\"none\"><path d=\"M9.29362 14.5652L10.6036 15.8652L18.2436 8.22523L10.6036 0.585235L9.29362 1.90523L14.7036 7.28523H0.703613V9.16523H14.7036L9.29362 14.5652Z\" fill=\"white\"><\/path><\/svg>\t\t\t<\/span>\n\t\t\t\t\t\t\t\t\t<span class=\"elementor-button-text\">Nous contacter<\/span>\n\t\t\t\t\t<\/span>\n\t\t\t\t\t<\/a>\n\t\t\t\t\t\t\t\t<\/div>\n\t\t\t\t<\/div>\n\t\t\t\t<\/div>\n\t\t\t\t\t<\/div>\n\t\t\t\t<\/div>\n\t\t\t\t<\/div>\n\t\t","protected":false},"excerpt":{"rendered":"<p>Pourquoi nous choisir? LocLab Cloud offre une combinaison in\u00e9gal\u00e9e de fonctionnalit\u00e9s aux utilisateurs de ses jumeaux num\u00e9riques \u00e9volutifs, qui sont adapt\u00e9s aux petites entreprises comme aux grandes. Un ensemble robuste de fonctionnalit\u00e9s Exploitez pleinement vos donn\u00e9es gr\u00e2ce \u00e0 ces fonctionnalit\u00e9s-cl\u00e9s disponibles pour les utilisateurs de LocLab Cloud et adapt\u00e9es \u00e0 vos projets. Gestion de donn\u00e9es [&hellip;]<\/p>\n","protected":false},"author":7,"featured_media":0,"parent":9152,"menu_order":0,"comment_status":"closed","ping_status":"closed","template":"","meta":{"footnotes":""},"class_list":["post-9155","page","type-page","status-publish","hentry"],"_links":{"self":[{"href":"https:\/\/hxdr.com\/fr\/wp-json\/wp\/v2\/pages\/9155","targetHints":{"allow":["GET"]}}],"collection":[{"href":"https:\/\/hxdr.com\/fr\/wp-json\/wp\/v2\/pages"}],"about":[{"href":"https:\/\/hxdr.com\/fr\/wp-json\/wp\/v2\/types\/page"}],"author":[{"embeddable":true,"href":"https:\/\/hxdr.com\/fr\/wp-json\/wp\/v2\/users\/7"}],"replies":[{"embeddable":true,"href":"https:\/\/hxdr.com\/fr\/wp-json\/wp\/v2\/comments?post=9155"}],"version-history":[{"count":0,"href":"https:\/\/hxdr.com\/fr\/wp-json\/wp\/v2\/pages\/9155\/revisions"}],"up":[{"embeddable":true,"href":"https:\/\/hxdr.com\/fr\/wp-json\/wp\/v2\/pages\/9152"}],"wp:attachment":[{"href":"https:\/\/hxdr.com\/fr\/wp-json\/wp\/v2\/media?parent=9155"}],"curies":[{"name":"wp","href":"https:\/\/api.w.org\/{rel}","templated":true}]}}