{"id":9039,"date":"2023-10-04T14:47:24","date_gmt":"2023-10-04T19:47:24","guid":{"rendered":"https:\/\/hxdrstage.wpengine.com\/vision-general-de-loclab-cloud\/funciones-de-loclab-cloud\/"},"modified":"2026-02-17T11:54:43","modified_gmt":"2026-02-17T16:54:43","slug":"funciones-de-loclab-cloud","status":"publish","type":"page","link":"https:\/\/hxdr.com\/es\/vision-general-de-loclab-cloud\/funciones-de-loclab-cloud\/","title":{"rendered":"Funciones de LocLab Cloud"},"content":{"rendered":"\t\t<div data-elementor-type=\"wp-page\" data-elementor-id=\"9039\" class=\"elementor elementor-9039 elementor-3634\" data-elementor-post-type=\"page\">\n\t\t\t\t<div class=\"elementor-element elementor-element-967fb99 outerGridContainer e-flex e-con-boxed e-con e-parent\" data-id=\"967fb99\" data-element_type=\"container\" data-e-type=\"container\">\n\t\t\t\t\t<div class=\"e-con-inner\">\n\t\t<div class=\"elementor-element elementor-element-e5a4cb6 e-con-full e-flex e-con e-child\" data-id=\"e5a4cb6\" data-element_type=\"container\" data-e-type=\"container\">\n\t\t<div class=\"elementor-element elementor-element-56c6864 e-con-full e-flex e-con e-child\" data-id=\"56c6864\" data-element_type=\"container\" data-e-type=\"container\">\n\t\t\t\t<div class=\"elementor-element elementor-element-ad8fde3 elementor-widget elementor-widget-image\" data-id=\"ad8fde3\" data-element_type=\"widget\" data-e-type=\"widget\" data-widget_type=\"image.default\">\n\t\t\t\t\t\t\t\t\t\t\t\t\t\t\t<img decoding=\"async\" width=\"1\" height=\"1\" src=\"https:\/\/hxdr.com\/wp-content\/uploads\/2023\/10\/LocLabCloudIcon.svg\" class=\"attachment-1536x1536 size-1536x1536 wp-image-7901\" alt=\"\" srcset=\"https:\/\/hxdr.com\/wp-content\/uploads\/\/2023\/10\/LocLabCloudIcon.svg 150w, https:\/\/hxdr.com\/wp-content\/uploads\/\/2023\/10\/LocLabCloudIcon.svg 300w, https:\/\/hxdr.com\/wp-content\/uploads\/\/2023\/10\/LocLabCloudIcon.svg 768w, https:\/\/hxdr.com\/wp-content\/uploads\/\/2023\/10\/LocLabCloudIcon.svg 1024w, https:\/\/hxdr.com\/wp-content\/uploads\/\/2023\/10\/LocLabCloudIcon.svg 0w\" sizes=\"(max-width: 1px) 100vw, 1px\" \/>\t\t\t\t\t\t\t\t\t\t\t\t\t\t\t<\/div>\n\t\t\t\t<div class=\"elementor-element elementor-element-0c3667e elementor-widget elementor-widget-heading\" data-id=\"0c3667e\" data-element_type=\"widget\" data-e-type=\"widget\" data-widget_type=\"heading.default\">\n\t\t\t\t\t<h1 class=\"elementor-heading-title elementor-size-default\">\u00bfPor qu\u00e9 usarnos?<\/h1>\t\t\t\t<\/div>\n\t\t\t\t<\/div>\n\t\t\t\t<\/div>\n\t\t\t\t\t<\/div>\n\t\t\t\t<\/div>\n\t\t<div class=\"elementor-element elementor-element-c6431f6 outerGridContainer e-flex e-con-boxed e-con e-parent\" data-id=\"c6431f6\" data-element_type=\"container\" data-e-type=\"container\">\n\t\t\t\t\t<div class=\"e-con-inner\">\n\t\t<div class=\"elementor-element elementor-element-29668d4 e-con-full e-flex e-con e-child\" data-id=\"29668d4\" data-element_type=\"container\" data-e-type=\"container\">\n\t\t<div class=\"elementor-element elementor-element-73991d3 e-con-full e-flex e-con e-child\" data-id=\"73991d3\" data-element_type=\"container\" data-e-type=\"container\">\n\t\t\t\t<div class=\"elementor-element elementor-element-7d87524 elementor-widget elementor-widget-heading\" data-id=\"7d87524\" data-element_type=\"widget\" data-e-type=\"widget\" data-widget_type=\"heading.default\">\n\t\t\t\t\t<h3 class=\"elementor-heading-title elementor-size-default\">LocLab Cloud ofrece una combinaci\u00f3n inigualable de fidelidad y funciones para sus usuarios gemelos digitales, escalable desde peque\u00f1as empresas hasta grandes sistemas empresariales. <\/h3>\t\t\t\t<\/div>\n\t\t\t\t<\/div>\n\t\t\t\t<\/div>\n\t\t\t\t\t<\/div>\n\t\t\t\t<\/div>\n\t\t<div class=\"elementor-element elementor-element-169e3ae4 outerGridContainer e-flex e-con-boxed e-con e-parent\" data-id=\"169e3ae4\" data-element_type=\"container\" data-e-type=\"container\" data-settings=\"{&quot;background_background&quot;:&quot;classic&quot;}\">\n\t\t\t\t\t<div class=\"e-con-inner\">\n\t\t<div class=\"elementor-element elementor-element-62a0f4d8 e-con-full e-flex e-con e-child\" data-id=\"62a0f4d8\" data-element_type=\"container\" data-e-type=\"container\">\n\t\t<div class=\"elementor-element elementor-element-63b3994d e-con-full e-flex e-con e-child\" data-id=\"63b3994d\" data-element_type=\"container\" data-e-type=\"container\">\n\t\t\t\t<div class=\"elementor-element elementor-element-4747964 elementor-widget elementor-widget-heading\" data-id=\"4747964\" data-element_type=\"widget\" data-e-type=\"widget\" data-widget_type=\"heading.default\">\n\t\t\t\t\t<h2 class=\"elementor-heading-title elementor-size-default\">Un s\u00f3lido conjunto de caracter\u00edsticas<\/h2>\t\t\t\t<\/div>\n\t\t\t\t<div class=\"elementor-element elementor-element-d1643ff elementor-widget elementor-widget-heading\" data-id=\"d1643ff\" data-element_type=\"widget\" data-e-type=\"widget\" data-widget_type=\"heading.default\">\n\t\t\t\t\t<h5 class=\"elementor-heading-title elementor-size-default\">Libere el poder de sus datos con estas funciones clave disponibles para los usuarios de LocLab Cloud, adaptadas a sus proyectos.  <\/h5>\t\t\t\t<\/div>\n\t\t\t\t<\/div>\n\t\t\t\t<\/div>\n\t\t<div class=\"elementor-element elementor-element-4b59a17a e-con-full e-flex e-con e-child\" data-id=\"4b59a17a\" data-element_type=\"container\" data-e-type=\"container\">\n\t\t<div class=\"elementor-element elementor-element-3e47a44c e-con-full e-flex e-con e-child\" data-id=\"3e47a44c\" data-element_type=\"container\" data-e-type=\"container\">\n\t\t\t\t<div class=\"elementor-element elementor-element-a99ea2b elementor-widget elementor-widget-heading\" data-id=\"a99ea2b\" data-element_type=\"widget\" data-e-type=\"widget\" data-widget_type=\"heading.default\">\n\t\t\t\t\t<h3 class=\"elementor-heading-title elementor-size-default\">Gesti\u00f3n de datos<\/h3>\t\t\t\t<\/div>\n\t\t\t\t<div class=\"elementor-element elementor-element-60c923d elementor-widget elementor-widget-text-editor\" data-id=\"60c923d\" data-element_type=\"widget\" data-e-type=\"widget\" data-widget_type=\"text-editor.default\">\n\t\t\t\t\t\t\t\t\t<ul><li>Acceda a los datos de su proyecto desde cualquier lugar y en cualquier momento. Los cambios de modelo se cargan de forma incremental en segundo plano.<\/li><li>Gestione carpetas, etiquetas de escaneo, modelos, medios y otros archivos de datos.<\/li><li>Defina el acceso a los datos basado en roles y los derechos de edici\u00f3n para cada proyecto.<\/li><\/ul>\t\t\t\t\t\t\t\t<\/div>\n\t\t\t\t<\/div>\n\t\t<div class=\"elementor-element elementor-element-20f08d66 e-con-full e-flex e-con e-child\" data-id=\"20f08d66\" data-element_type=\"container\" data-e-type=\"container\">\n\t\t\t\t<div class=\"elementor-element elementor-element-365db05 elementor-widget elementor-widget-image\" data-id=\"365db05\" data-element_type=\"widget\" data-e-type=\"widget\" data-widget_type=\"image.default\">\n\t\t\t\t\t\t\t\t\t\t\t\t\t\t\t<img fetchpriority=\"high\" decoding=\"async\" width=\"800\" height=\"547\" src=\"https:\/\/hxdr.com\/wp-content\/uploads\/2023\/10\/MyProjects-1024x700.png\" class=\"attachment-large size-large wp-image-8057\" alt=\"\" srcset=\"https:\/\/hxdr.com\/wp-content\/uploads\/2023\/10\/MyProjects-1024x700.png 1024w, https:\/\/hxdr.com\/wp-content\/uploads\/2023\/10\/MyProjects-300x205.png 300w, https:\/\/hxdr.com\/wp-content\/uploads\/2023\/10\/MyProjects-768x525.png 768w, https:\/\/hxdr.com\/wp-content\/uploads\/2023\/10\/MyProjects-1536x1050.png 1536w, https:\/\/hxdr.com\/wp-content\/uploads\/2023\/10\/MyProjects.png 1920w\" sizes=\"(max-width: 800px) 100vw, 800px\" \/>\t\t\t\t\t\t\t\t\t\t\t\t\t\t\t<\/div>\n\t\t\t\t<\/div>\n\t\t\t\t<\/div>\n\t\t\t\t\t<\/div>\n\t\t\t\t<\/div>\n\t\t<div class=\"elementor-element elementor-element-1975044 outerGridContainer e-flex e-con-boxed e-con e-parent\" data-id=\"1975044\" data-element_type=\"container\" data-e-type=\"container\">\n\t\t\t\t\t<div class=\"e-con-inner\">\n\t\t<div class=\"elementor-element elementor-element-fb567dd e-con-full e-flex e-con e-child\" data-id=\"fb567dd\" data-element_type=\"container\" data-e-type=\"container\">\n\t\t<div class=\"elementor-element elementor-element-c554b04 e-con-full e-flex e-con e-child\" data-id=\"c554b04\" data-element_type=\"container\" data-e-type=\"container\">\n\t\t\t\t<div class=\"elementor-element elementor-element-933f255 elementor-widget elementor-widget-heading\" data-id=\"933f255\" data-element_type=\"widget\" data-e-type=\"widget\" data-widget_type=\"heading.default\">\n\t\t\t\t\t<h3 class=\"elementor-heading-title elementor-size-default\">Gesti\u00f3n de proyectos y dise\u00f1os<\/h3>\t\t\t\t<\/div>\n\t\t\t\t<div class=\"elementor-element elementor-element-6889cc8 elementor-widget elementor-widget-text-editor\" data-id=\"6889cc8\" data-element_type=\"widget\" data-e-type=\"widget\" data-widget_type=\"text-editor.default\">\n\t\t\t\t\t\t\t\t\t<ul><li>Gestione usuarios, inicios de sesi\u00f3n y licencias para todos los proyectos de la empresa.<\/li><li class=\"x_MsoNormal\">Organice usuarios, roles de usuario y datos en diferentes proyectos.<\/li><li>Los m\u00e1s altos est\u00e1ndares de seguridad de la informaci\u00f3n con los servicios de plataforma AWS y HxDR.<\/li><\/ul>\t\t\t\t\t\t\t\t<\/div>\n\t\t\t\t<\/div>\n\t\t<div class=\"elementor-element elementor-element-da3c46f e-con-full e-flex e-con e-child\" data-id=\"da3c46f\" data-element_type=\"container\" data-e-type=\"container\">\n\t\t\t\t<div class=\"elementor-element elementor-element-cc79bf5 elementor-widget elementor-widget-image\" data-id=\"cc79bf5\" data-element_type=\"widget\" data-e-type=\"widget\" data-widget_type=\"image.default\">\n\t\t\t\t\t\t\t\t\t\t\t\t\t\t\t<img decoding=\"async\" width=\"800\" height=\"547\" src=\"https:\/\/hxdr.com\/wp-content\/uploads\/2023\/10\/ProjectMemberList2-1024x700.png\" class=\"attachment-large size-large wp-image-8129\" alt=\"\" srcset=\"https:\/\/hxdr.com\/wp-content\/uploads\/2023\/10\/ProjectMemberList2-1024x700.png 1024w, https:\/\/hxdr.com\/wp-content\/uploads\/2023\/10\/ProjectMemberList2-300x205.png 300w, https:\/\/hxdr.com\/wp-content\/uploads\/2023\/10\/ProjectMemberList2-768x525.png 768w, https:\/\/hxdr.com\/wp-content\/uploads\/2023\/10\/ProjectMemberList2-1536x1050.png 1536w, https:\/\/hxdr.com\/wp-content\/uploads\/2023\/10\/ProjectMemberList2.png 1920w\" sizes=\"(max-width: 800px) 100vw, 800px\" \/>\t\t\t\t\t\t\t\t\t\t\t\t\t\t\t<\/div>\n\t\t\t\t<\/div>\n\t\t\t\t<\/div>\n\t\t\t\t\t<\/div>\n\t\t\t\t<\/div>\n\t\t<div class=\"elementor-element elementor-element-d398ce5 outerGridContainer e-flex e-con-boxed e-con e-parent\" data-id=\"d398ce5\" data-element_type=\"container\" data-e-type=\"container\" data-settings=\"{&quot;background_background&quot;:&quot;classic&quot;}\">\n\t\t\t\t\t<div class=\"e-con-inner\">\n\t\t<div class=\"elementor-element elementor-element-bbaf4bf e-con-full e-flex e-con e-child\" data-id=\"bbaf4bf\" data-element_type=\"container\" data-e-type=\"container\">\n\t\t<div class=\"elementor-element elementor-element-048266d e-con-full e-flex e-con e-child\" data-id=\"048266d\" data-element_type=\"container\" data-e-type=\"container\">\n\t\t\t\t<div class=\"elementor-element elementor-element-c97d34e elementor-widget elementor-widget-heading\" data-id=\"c97d34e\" data-element_type=\"widget\" data-e-type=\"widget\" data-widget_type=\"heading.default\">\n\t\t\t\t\t<h3 class=\"elementor-heading-title elementor-size-default\">Reproductor LocLab<\/h3>\t\t\t\t<\/div>\n\t\t\t\t<div class=\"elementor-element elementor-element-7974b5d elementor-widget elementor-widget-text-editor\" data-id=\"7974b5d\" data-element_type=\"widget\" data-e-type=\"widget\" data-widget_type=\"text-editor.default\">\n\t\t\t\t\t\t\t\t\t<ul><li>Un jugador para todos los proyectos de gemelos digitales<br \/>Visor 3D inmersivo en tiempo real<\/li><li class=\"x_MsoNormal\">M\u00faltiples opciones de c\u00e1mara y gr\u00e1ficos para una visualizaci\u00f3n r\u00e1pida y sencilla o experta<\/li><li>Simulaci\u00f3n de distintas condiciones meteorol\u00f3gicas, fecha y hora<\/li><li>Sincronizaci\u00f3n autom\u00e1tica de todos los datos del proyecto de gemelo digital<\/li><li>Actualizaciones autom\u00e1ticas del software del reproductor con correcciones y funciones nuevas<\/li><li>Cree y comparta puntos de salto, anotaciones y mediciones.<\/li><li>Integre fuentes de datos externas en sus gemelos digitales y reciba notificaciones del sistema a trav\u00e9s de API.<\/li><\/ul>\t\t\t\t\t\t\t\t<\/div>\n\t\t\t\t<\/div>\n\t\t<div class=\"elementor-element elementor-element-4c55ebe e-con-full e-flex e-con e-child\" data-id=\"4c55ebe\" data-element_type=\"container\" data-e-type=\"container\">\n\t\t\t\t<div class=\"elementor-element elementor-element-1f8bd0f elementor-widget elementor-widget-image\" data-id=\"1f8bd0f\" data-element_type=\"widget\" data-e-type=\"widget\" data-widget_type=\"image.default\">\n\t\t\t\t\t\t\t\t\t\t\t\t\t\t\t<img loading=\"lazy\" decoding=\"async\" width=\"800\" height=\"547\" src=\"https:\/\/hxdr.com\/wp-content\/uploads\/2023\/10\/LocLabCloud3-1024x700.png\" class=\"attachment-large size-large wp-image-8003\" alt=\"\" srcset=\"https:\/\/hxdr.com\/wp-content\/uploads\/2023\/10\/LocLabCloud3-1024x700.png 1024w, https:\/\/hxdr.com\/wp-content\/uploads\/2023\/10\/LocLabCloud3-300x205.png 300w, https:\/\/hxdr.com\/wp-content\/uploads\/2023\/10\/LocLabCloud3-768x525.png 768w, https:\/\/hxdr.com\/wp-content\/uploads\/2023\/10\/LocLabCloud3-1536x1050.png 1536w, https:\/\/hxdr.com\/wp-content\/uploads\/2023\/10\/LocLabCloud3.png 1920w\" sizes=\"(max-width: 800px) 100vw, 800px\" \/>\t\t\t\t\t\t\t\t\t\t\t\t\t\t\t<\/div>\n\t\t\t\t<\/div>\n\t\t\t\t<\/div>\n\t\t\t\t\t<\/div>\n\t\t\t\t<\/div>\n\t\t<div class=\"elementor-element elementor-element-191c217 outerGridContainer e-flex e-con-boxed e-con e-parent\" data-id=\"191c217\" data-element_type=\"container\" data-e-type=\"container\">\n\t\t\t\t\t<div class=\"e-con-inner\">\n\t\t<div class=\"elementor-element elementor-element-5ef8491 e-con-full e-flex e-con e-child\" data-id=\"5ef8491\" data-element_type=\"container\" data-e-type=\"container\">\n\t\t<div class=\"elementor-element elementor-element-0198e88 e-con-full e-flex e-con e-child\" data-id=\"0198e88\" data-element_type=\"container\" data-e-type=\"container\">\n\t\t\t\t<div class=\"elementor-element elementor-element-02c742b elementor-widget elementor-widget-heading\" data-id=\"02c742b\" data-element_type=\"widget\" data-e-type=\"widget\" data-widget_type=\"heading.default\">\n\t\t\t\t\t<h3 class=\"elementor-heading-title elementor-size-default\">Colaboraci\u00f3n<\/h3>\t\t\t\t<\/div>\n\t\t\t\t<div class=\"elementor-element elementor-element-0ff5288 elementor-widget elementor-widget-text-editor\" data-id=\"0ff5288\" data-element_type=\"widget\" data-e-type=\"widget\" data-widget_type=\"text-editor.default\">\n\t\t\t\t\t\t\t\t\t<ul><li>Espacio de trabajo compartido para colaborar directamente con expertos de LocLab y compartir requisitos, informaci\u00f3n del proyecto y datos gemelos.<\/li><li>Espacio de trabajo compartido para integrar consultores y contratistas externos.<\/li><li>Utilice el gemelo digital en toda su empresa en diferentes casos de uso.<\/li><\/ul>\t\t\t\t\t\t\t\t<\/div>\n\t\t\t\t<\/div>\n\t\t<div class=\"elementor-element elementor-element-7ebd653 e-con-full e-flex e-con e-child\" data-id=\"7ebd653\" data-element_type=\"container\" data-e-type=\"container\">\n\t\t\t\t<div class=\"elementor-element elementor-element-d60e103 elementor-widget elementor-widget-image\" data-id=\"d60e103\" data-element_type=\"widget\" data-e-type=\"widget\" data-widget_type=\"image.default\">\n\t\t\t\t\t\t\t\t\t\t\t\t\t\t\t<img loading=\"lazy\" decoding=\"async\" width=\"800\" height=\"547\" src=\"https:\/\/hxdr.com\/wp-content\/uploads\/2023\/10\/Collaboration_Sync-1024x700.png\" class=\"attachment-large size-large wp-image-8135\" alt=\"\" srcset=\"https:\/\/hxdr.com\/wp-content\/uploads\/2023\/10\/Collaboration_Sync-1024x700.png 1024w, https:\/\/hxdr.com\/wp-content\/uploads\/2023\/10\/Collaboration_Sync-300x205.png 300w, https:\/\/hxdr.com\/wp-content\/uploads\/2023\/10\/Collaboration_Sync-768x525.png 768w, https:\/\/hxdr.com\/wp-content\/uploads\/2023\/10\/Collaboration_Sync-1536x1050.png 1536w, https:\/\/hxdr.com\/wp-content\/uploads\/2023\/10\/Collaboration_Sync.png 1920w\" sizes=\"(max-width: 800px) 100vw, 800px\" \/>\t\t\t\t\t\t\t\t\t\t\t\t\t\t\t<\/div>\n\t\t\t\t<\/div>\n\t\t\t\t<\/div>\n\t\t\t\t\t<\/div>\n\t\t\t\t<\/div>\n\t\t<div class=\"elementor-element elementor-element-b575aa5 outerGridContainer e-flex e-con-boxed e-con e-parent\" data-id=\"b575aa5\" data-element_type=\"container\" data-e-type=\"container\">\n\t\t\t\t\t<div class=\"e-con-inner\">\n\t\t<div class=\"elementor-element elementor-element-4e21b76 e-con-full e-flex e-con e-child\" data-id=\"4e21b76\" data-element_type=\"container\" data-e-type=\"container\">\n\t\t<div class=\"elementor-element elementor-element-9ee6e2c e-con-full e-flex e-con e-child\" data-id=\"9ee6e2c\" data-element_type=\"container\" data-e-type=\"container\">\n\t\t\t\t<div class=\"elementor-element elementor-element-9c4f8c9 elementor-widget elementor-widget-heading\" data-id=\"9c4f8c9\" data-element_type=\"widget\" data-e-type=\"widget\" data-widget_type=\"heading.default\">\n\t\t\t\t\t<h3 class=\"elementor-heading-title elementor-size-default\">Din\u00e1mico. Basado en datos. Realidad digital.  <br \/><span class=\"loclab\">Empiece a trabajar con LocLab hoy mismo. <\/span><\/h3>\t\t\t\t<\/div>\n\t\t\t\t<div class=\"elementor-element elementor-element-fde7a5f push-right-btn elementor-align-center elementor-widget elementor-widget-button\" data-id=\"fde7a5f\" data-element_type=\"widget\" data-e-type=\"widget\" data-widget_type=\"button.default\">\n\t\t\t\t\t\t\t\t\t\t<a class=\"elementor-button elementor-button-link elementor-size-sm\" href=\"\/loclab-cloud\/contact\/\">\n\t\t\t\t\t\t<span class=\"elementor-button-content-wrapper\">\n\t\t\t\t\t\t<span class=\"elementor-button-icon\">\n\t\t\t\t<svg xmlns=\"http:\/\/www.w3.org\/2000\/svg\" width=\"19\" height=\"16\" viewBox=\"0 0 19 16\" fill=\"none\"><path d=\"M9.29362 14.5652L10.6036 15.8652L18.2436 8.22523L10.6036 0.585235L9.29362 1.90523L14.7036 7.28523H0.703613V9.16523H14.7036L9.29362 14.5652Z\" fill=\"white\"><\/path><\/svg>\t\t\t<\/span>\n\t\t\t\t\t\t\t\t\t<span class=\"elementor-button-text\">P\u00f3ngase en contacto aqu\u00ed<\/span>\n\t\t\t\t\t<\/span>\n\t\t\t\t\t<\/a>\n\t\t\t\t\t\t\t\t<\/div>\n\t\t\t\t<\/div>\n\t\t\t\t<\/div>\n\t\t\t\t\t<\/div>\n\t\t\t\t<\/div>\n\t\t\t\t<\/div>\n\t\t","protected":false},"excerpt":{"rendered":"<p>\u00bfPor qu\u00e9 usarnos? LocLab Cloud ofrece una combinaci\u00f3n inigualable de fidelidad y funciones para sus usuarios gemelos digitales, escalable desde peque\u00f1as empresas hasta grandes sistemas empresariales. Un s\u00f3lido conjunto de caracter\u00edsticas Libere el poder de sus datos con estas funciones clave disponibles para los usuarios de LocLab Cloud, adaptadas a sus proyectos. Gesti\u00f3n de datos [&hellip;]<\/p>\n","protected":false},"author":7,"featured_media":0,"parent":9022,"menu_order":0,"comment_status":"closed","ping_status":"closed","template":"","meta":{"footnotes":""},"class_list":["post-9039","page","type-page","status-publish","hentry"],"_links":{"self":[{"href":"https:\/\/hxdr.com\/es\/wp-json\/wp\/v2\/pages\/9039","targetHints":{"allow":["GET"]}}],"collection":[{"href":"https:\/\/hxdr.com\/es\/wp-json\/wp\/v2\/pages"}],"about":[{"href":"https:\/\/hxdr.com\/es\/wp-json\/wp\/v2\/types\/page"}],"author":[{"embeddable":true,"href":"https:\/\/hxdr.com\/es\/wp-json\/wp\/v2\/users\/7"}],"replies":[{"embeddable":true,"href":"https:\/\/hxdr.com\/es\/wp-json\/wp\/v2\/comments?post=9039"}],"version-history":[{"count":0,"href":"https:\/\/hxdr.com\/es\/wp-json\/wp\/v2\/pages\/9039\/revisions"}],"up":[{"embeddable":true,"href":"https:\/\/hxdr.com\/es\/wp-json\/wp\/v2\/pages\/9022"}],"wp:attachment":[{"href":"https:\/\/hxdr.com\/es\/wp-json\/wp\/v2\/media?parent=9039"}],"curies":[{"name":"wp","href":"https:\/\/api.w.org\/{rel}","templated":true}]}}