{"id":9025,"date":"2022-09-07T19:17:11","date_gmt":"2022-09-08T00:17:11","guid":{"rendered":"https:\/\/hxdrstage.wpengine.com\/programa-nacional\/"},"modified":"2026-02-17T11:26:36","modified_gmt":"2026-02-17T16:26:36","slug":"programa-nacional","status":"publish","type":"page","link":"https:\/\/hxdr.com\/es\/tienda-de-datos-data-store\/programa-nacional\/","title":{"rendered":"Programa nacional"},"content":{"rendered":"\t\t<div data-elementor-type=\"wp-page\" data-elementor-id=\"9025\" class=\"elementor elementor-9025 elementor-2861\" data-elementor-post-type=\"page\">\n\t\t\t\t<div class=\"elementor-element elementor-element-9c6aa2f outerGridContainer mask-img-2-height-reader e-flex e-con-boxed e-con e-parent\" data-id=\"9c6aa2f\" data-element_type=\"container\" data-e-type=\"container\">\n\t\t\t\t\t<div class=\"e-con-inner\">\n\t\t<div class=\"elementor-element elementor-element-60c56fb e-con-full e-flex e-con e-child\" data-id=\"60c56fb\" data-element_type=\"container\" data-e-type=\"container\">\n\t\t<div class=\"elementor-element elementor-element-b57fba9 e-con-full e-flex e-con e-child\" data-id=\"b57fba9\" data-element_type=\"container\" data-e-type=\"container\">\n\t\t\t\t<div class=\"elementor-element elementor-element-9dcbbe9 elementor-widget elementor-widget-image\" data-id=\"9dcbbe9\" data-element_type=\"widget\" data-e-type=\"widget\" data-widget_type=\"image.default\">\n\t\t\t\t\t\t\t\t\t\t\t\t\t\t\t<img fetchpriority=\"high\" decoding=\"async\" width=\"1536\" height=\"1536\" src=\"https:\/\/hxdr.com\/wp-content\/uploads\/2024\/02\/HxGN_Content_Program_HxDR_Icon-1536x1536.png\" class=\"attachment-1536x1536 size-1536x1536 wp-image-8159\" alt=\"\" srcset=\"https:\/\/hxdr.com\/wp-content\/uploads\/2024\/02\/HxGN_Content_Program_HxDR_Icon-1536x1536.png 1536w, https:\/\/hxdr.com\/wp-content\/uploads\/2024\/02\/HxGN_Content_Program_HxDR_Icon-300x300.png 300w, https:\/\/hxdr.com\/wp-content\/uploads\/2024\/02\/HxGN_Content_Program_HxDR_Icon-1024x1024.png 1024w, https:\/\/hxdr.com\/wp-content\/uploads\/2024\/02\/HxGN_Content_Program_HxDR_Icon-150x150.png 150w, https:\/\/hxdr.com\/wp-content\/uploads\/2024\/02\/HxGN_Content_Program_HxDR_Icon-768x768.png 768w\" sizes=\"(max-width: 1536px) 100vw, 1536px\" \/>\t\t\t\t\t\t\t\t\t\t\t\t\t\t\t<\/div>\n\t\t\t\t<div class=\"elementor-element elementor-element-55c870f elementor-widget elementor-widget-heading\" data-id=\"55c870f\" data-element_type=\"widget\" data-e-type=\"widget\" data-widget_type=\"heading.default\">\n\t\t\t\t\t<h1 class=\"elementor-heading-title elementor-size-default\">Conjuntos de datos de todo el pa\u00eds<\/h1>\t\t\t\t<\/div>\n\t\t\t\t<div class=\"elementor-element elementor-element-a7b3347 elementor-widget__width-initial elementor-widget elementor-widget-global elementor-global-10034 elementor-widget-html\" data-id=\"a7b3347\" data-element_type=\"widget\" data-e-type=\"widget\" data-widget_type=\"html.default\">\n\t\t\t\t\t<div class=\"custom-divider-left\">\r\n  <div class=\"divider-thick-left\"><\/div>\r\n<\/div>\r\n\r\n<style>\r\n.custom-divider-left {\r\n  position: relative;\r\n  width: 100%;\r\n  height: var(--thinLineWidth); \/* Thin line thickness *\/\r\n  background-color: var(--e-global-color-d7fa53c); \/* Thin Line Color *\/\r\n  border-radius: 50px;\r\n  display: flex;\r\n  align-items: center;\r\n  justify-content: start;\r\n}\r\n\r\n.custom-divider-left .divider-thick-left {\r\n  position: absolute;\r\n  margin-left: 8%;\r\n  height: var(--thickLineWidth); \/* Thick bar height *\/\r\n  min-width: 140px;\r\n  width: 33%;\r\n  max-width: 300px; \/* Length of the thick center bar *\/\r\n  background-color: var(--e-global-color-accent); \/* Accent color *\/\r\n  border-radius: 50px;\r\n}\r\n<\/style>\r\n\t\t\t\t<\/div>\n\t\t\t\t<div class=\"elementor-element elementor-element-cc84da0 elementor-widget elementor-widget-heading\" data-id=\"cc84da0\" data-element_type=\"widget\" data-e-type=\"widget\" data-widget_type=\"heading.default\">\n\t\t\t\t\t<h4 class=\"elementor-heading-title elementor-size-default\">Construido por Hexagon's HxGN Content Program<\/h4>\t\t\t\t<\/div>\n\t\t\t\t<\/div>\n\t\t<div class=\"elementor-element elementor-element-b92ca87 e-con-full e-flex e-con e-child\" data-id=\"b92ca87\" data-element_type=\"container\" data-e-type=\"container\">\n\t\t\t\t<div class=\"elementor-element elementor-element-c370b2b elementor-widget elementor-widget-image\" data-id=\"c370b2b\" data-element_type=\"widget\" data-e-type=\"widget\" data-widget_type=\"image.default\">\n\t\t\t\t\t\t\t\t\t\t\t\t\t\t\t<img decoding=\"async\" width=\"1920\" height=\"1080\" src=\"https:\/\/hxdr.com\/wp-content\/uploads\/2022\/09\/2-Countrywide_HxGN_Content_Program_1920x1080.jpg\" class=\"attachment-full size-full wp-image-6095\" alt=\"\" srcset=\"https:\/\/hxdr.com\/wp-content\/uploads\/2022\/09\/2-Countrywide_HxGN_Content_Program_1920x1080.jpg 1920w, https:\/\/hxdr.com\/wp-content\/uploads\/2022\/09\/2-Countrywide_HxGN_Content_Program_1920x1080-300x169.jpg 300w, https:\/\/hxdr.com\/wp-content\/uploads\/2022\/09\/2-Countrywide_HxGN_Content_Program_1920x1080-1024x576.jpg 1024w, https:\/\/hxdr.com\/wp-content\/uploads\/2022\/09\/2-Countrywide_HxGN_Content_Program_1920x1080-768x432.jpg 768w, https:\/\/hxdr.com\/wp-content\/uploads\/2022\/09\/2-Countrywide_HxGN_Content_Program_1920x1080-1536x864.jpg 1536w\" sizes=\"(max-width: 1920px) 100vw, 1920px\" \/>\t\t\t\t\t\t\t\t\t\t\t\t\t\t\t<\/div>\n\t\t\t\t<div class=\"elementor-element elementor-element-84228df elementor-absolute elementor-widget elementor-widget-image\" data-id=\"84228df\" data-element_type=\"widget\" data-e-type=\"widget\" data-settings=\"{&quot;_position&quot;:&quot;absolute&quot;}\" data-widget_type=\"image.default\">\n\t\t\t\t\t\t\t\t\t\t\t\t\t\t\t<img decoding=\"async\" src=\"https:\/\/hxdr.com\/wp-content\/uploads\/2025\/11\/Blue_Green_2-Flip-Lines.svg\" class=\"attachment-full size-full wp-image-10155\" alt=\"\" \/>\t\t\t\t\t\t\t\t\t\t\t\t\t\t\t<\/div>\n\t\t\t\t<\/div>\n\t\t\t\t<\/div>\n\t\t\t\t\t<\/div>\n\t\t\t\t<\/div>\n\t\t<div class=\"elementor-element elementor-element-56c79195 outerGridContainer e-flex e-con-boxed e-con e-parent\" data-id=\"56c79195\" data-element_type=\"container\" data-e-type=\"container\">\n\t\t\t\t\t<div class=\"e-con-inner\">\n\t\t<div class=\"elementor-element elementor-element-3381c18a e-con-full e-flex e-con e-child\" data-id=\"3381c18a\" data-element_type=\"container\" data-e-type=\"container\">\n\t\t<div class=\"elementor-element elementor-element-69b9b8f6 e-con-full e-flex e-con e-child\" data-id=\"69b9b8f6\" data-element_type=\"container\" data-e-type=\"container\">\n\t\t\t\t<div class=\"elementor-element elementor-element-56dd677 elementor-widget elementor-widget-heading\" data-id=\"56dd677\" data-element_type=\"widget\" data-e-type=\"widget\" data-widget_type=\"heading.default\">\n\t\t\t\t\t<h3 class=\"elementor-heading-title elementor-size-default\">Obtenga informaci\u00f3n valiosa que impulse decisiones m\u00e1s inteligentes con im\u00e1genes a\u00e9reas de alta resoluci\u00f3n y datos de altura ortom\u00e9trica. <\/h3>\t\t\t\t<\/div>\n\t\t\t\t<\/div>\n\t\t\t\t<\/div>\n\t\t\t\t\t<\/div>\n\t\t\t\t<\/div>\n\t\t<div class=\"elementor-element elementor-element-5b668654 outerGridContainer e-flex e-con-boxed e-con e-parent\" data-id=\"5b668654\" data-element_type=\"container\" data-e-type=\"container\">\n\t\t\t\t\t<div class=\"e-con-inner\">\n\t\t<div class=\"elementor-element elementor-element-7d0b106 e-con-full e-flex e-con e-child\" data-id=\"7d0b106\" data-element_type=\"container\" data-e-type=\"container\">\n\t\t<div class=\"elementor-element elementor-element-31ab8ffc e-con-full e-flex e-con e-child\" data-id=\"31ab8ffc\" data-element_type=\"container\" data-e-type=\"container\">\n\t\t\t\t<div class=\"elementor-element elementor-element-9ed9daa elementor-widget elementor-widget-heading\" data-id=\"9ed9daa\" data-element_type=\"widget\" data-e-type=\"widget\" data-widget_type=\"heading.default\">\n\t\t\t\t\t<h2 class=\"elementor-heading-title elementor-size-default\">Lleve su proyecto a un nivel superior<\/h2>\t\t\t\t<\/div>\n\t\t\t\t<\/div>\n\t\t\t\t<\/div>\n\t\t<div class=\"elementor-element elementor-element-3b23794 e-con-full e-flex e-con e-child\" data-id=\"3b23794\" data-element_type=\"container\" data-e-type=\"container\">\n\t\t<div class=\"elementor-element elementor-element-9c81cbd e-con-full e-flex e-con e-child\" data-id=\"9c81cbd\" data-element_type=\"container\" data-e-type=\"container\">\n\t\t\t\t<div class=\"elementor-element elementor-element-9b03ef9 elementor-widget elementor-widget-heading\" data-id=\"9b03ef9\" data-element_type=\"widget\" data-e-type=\"widget\" data-widget_type=\"heading.default\">\n\t\t\t\t\t<h3 class=\"elementor-heading-title elementor-size-default\">Amplia cobertura de datos<\/h3>\t\t\t\t<\/div>\n\t\t\t\t<div class=\"elementor-element elementor-element-da557a2 elementor-widget elementor-widget-text-editor\" data-id=\"da557a2\" data-element_type=\"widget\" data-e-type=\"widget\" data-widget_type=\"text-editor.default\">\n\t\t\t\t\t\t\t\t\t<p><span class=\"TextRun SCXW209290831 BCX0\" data-contrast=\"auto\"><span class=\"NormalTextRun SCXW209290831 BCX0\" data-ccp-parastyle=\"No Spacing\">Acceso a m\u00e1s de 51 millones de km\u00b2 de im\u00e1genes a\u00e9reas de alta resoluci\u00f3n y datos de altura ortom\u00e9trica que abarcan pa\u00edses enteros, incluidos Estados Unidos y pa\u00edses de Europa Occidental.<\/span><\/span><span class=\"EOP SCXW209290831 BCX0\" data-ccp-props=\"{&quot;201341983&quot;:0,&quot;335559739&quot;:0,&quot;335559740&quot;:240}\">\u00a0<\/span><\/p>\t\t\t\t\t\t\t\t<\/div>\n\t\t\t\t<\/div>\n\t\t<div class=\"elementor-element elementor-element-ed01a02 e-con-full e-flex e-con e-child\" data-id=\"ed01a02\" data-element_type=\"container\" data-e-type=\"container\">\n\t\t\t\t<div class=\"elementor-element elementor-element-2c92943 elementor-widget elementor-widget-image\" data-id=\"2c92943\" data-element_type=\"widget\" data-e-type=\"widget\" data-widget_type=\"image.default\">\n\t\t\t\t\t\t\t\t\t\t\t\t\t\t\t<img decoding=\"async\" width=\"551\" height=\"421\" src=\"https:\/\/hxdr.com\/wp-content\/uploads\/2023\/10\/AerialImagery-2048x1565.png-2.png\" class=\"attachment-full size-full wp-image-7055\" alt=\"\" srcset=\"https:\/\/hxdr.com\/wp-content\/uploads\/2023\/10\/AerialImagery-2048x1565.png-2.png 551w, https:\/\/hxdr.com\/wp-content\/uploads\/2023\/10\/AerialImagery-2048x1565.png-2-300x229.png 300w\" sizes=\"(max-width: 551px) 100vw, 551px\" \/>\t\t\t\t\t\t\t\t\t\t\t\t\t\t\t<\/div>\n\t\t\t\t<\/div>\n\t\t\t\t<\/div>\n\t\t<div class=\"elementor-element elementor-element-415f65d e-con-full e-flex e-con e-child\" data-id=\"415f65d\" data-element_type=\"container\" data-e-type=\"container\">\n\t\t<div class=\"elementor-element elementor-element-c6bfba0 e-con-full e-flex e-con e-child\" data-id=\"c6bfba0\" data-element_type=\"container\" data-e-type=\"container\">\n\t\t\t\t<div class=\"elementor-element elementor-element-ef7f36d elementor-widget elementor-widget-heading\" data-id=\"ef7f36d\" data-element_type=\"widget\" data-e-type=\"widget\" data-widget_type=\"heading.default\">\n\t\t\t\t\t<h3 class=\"elementor-heading-title elementor-size-default\">Actualizaciones de datos preprogramadas<\/h3>\t\t\t\t<\/div>\n\t\t\t\t<div class=\"elementor-element elementor-element-7cc6d6a elementor-widget elementor-widget-text-editor\" data-id=\"7cc6d6a\" data-element_type=\"widget\" data-e-type=\"widget\" data-widget_type=\"text-editor.default\">\n\t\t\t\t\t\t\t\t\t<p><span class=\"TextRun SCXW152525252 BCX0\" data-contrast=\"auto\"><span class=\"NormalTextRun SCXW152525252 BCX0\" data-ccp-parastyle=\"No Spacing\">P<\/span><span class=\"NormalTextRun SCXW152525252 BCX0\" data-ccp-parastyle=\"No Spacing\">lanifique<\/span><span class=\"NormalTextRun SCXW152525252 BCX0\" data-ccp-parastyle=\"No Spacing\">\u00a0y presupueste<\/span>\u00a0<span class=\"NormalTextRun SCXW152525252 BCX0\" data-ccp-parastyle=\"No Spacing\">con antelaci\u00f3n con los ciclos de actualizaci\u00f3n regulares\u00a0<\/span><span class=\"NormalTextRun SCXW152525252 BCX0\" data-ccp-parastyle=\"No Spacing\">de Hexagon.\u00a0<\/span><span class=\"NormalTextRun SCXW152525252 BCX0\" data-ccp-parastyle=\"No Spacing\">A medida que las im\u00e1genes a\u00e9reas actualizadas pasan a estar en l\u00ednea, obtendr\u00e1 acceso inmediato a trav\u00e9s de la transmisi\u00f3n y la descarga.<\/span><\/span><span class=\"EOP SCXW152525252 BCX0\" data-ccp-props=\"{&quot;201341983&quot;:0,&quot;335559739&quot;:0,&quot;335559740&quot;:240}\">\u00a0<\/span><\/p>\t\t\t\t\t\t\t\t<\/div>\n\t\t\t\t<\/div>\n\t\t<div class=\"elementor-element elementor-element-09e5f93 e-con-full e-flex e-con e-child\" data-id=\"09e5f93\" data-element_type=\"container\" data-e-type=\"container\">\n\t\t\t\t<div class=\"elementor-element elementor-element-10ed509 elementor-widget elementor-widget-image\" data-id=\"10ed509\" data-element_type=\"widget\" data-e-type=\"widget\" data-widget_type=\"image.default\">\n\t\t\t\t\t\t\t\t\t\t\t\t\t\t\t<img loading=\"lazy\" decoding=\"async\" width=\"551\" height=\"421\" src=\"https:\/\/hxdr.com\/wp-content\/uploads\/2023\/10\/AerialImagery-2048x1565-1.png-1.png\" class=\"attachment-full size-full wp-image-7061\" alt=\"\" srcset=\"https:\/\/hxdr.com\/wp-content\/uploads\/2023\/10\/AerialImagery-2048x1565-1.png-1.png 551w, https:\/\/hxdr.com\/wp-content\/uploads\/2023\/10\/AerialImagery-2048x1565-1.png-1-300x229.png 300w\" sizes=\"(max-width: 551px) 100vw, 551px\" \/>\t\t\t\t\t\t\t\t\t\t\t\t\t\t\t<\/div>\n\t\t\t\t<\/div>\n\t\t\t\t<\/div>\n\t\t<div class=\"elementor-element elementor-element-905007a e-con-full e-flex e-con e-child\" data-id=\"905007a\" data-element_type=\"container\" data-e-type=\"container\">\n\t\t<div class=\"elementor-element elementor-element-ba65c76 e-con-full e-flex e-con e-child\" data-id=\"ba65c76\" data-element_type=\"container\" data-e-type=\"container\">\n\t\t\t\t<div class=\"elementor-element elementor-element-be5ac52 elementor-widget elementor-widget-heading\" data-id=\"be5ac52\" data-element_type=\"widget\" data-e-type=\"widget\" data-widget_type=\"heading.default\">\n\t\t\t\t\t<h3 class=\"elementor-heading-title elementor-size-default\">Condiciones de uso de datos flexibles<\/h3>\t\t\t\t<\/div>\n\t\t\t\t<div class=\"elementor-element elementor-element-bf3b837 elementor-widget elementor-widget-text-editor\" data-id=\"bf3b837\" data-element_type=\"widget\" data-e-type=\"widget\" data-widget_type=\"text-editor.default\">\n\t\t\t\t\t\t\t\t\t<p><span class=\"TextRun SCXW221411576 BCX0\" data-contrast=\"auto\"><span class=\"NormalTextRun SCXW221411576 BCX0\" data-ccp-parastyle=\"No Spacing\">No importa\u00a0<\/span><span class=\"NormalTextRun SCXW221411576 BCX0\" data-ccp-parastyle=\"No Spacing\">si est\u00e1<\/span><span class=\"NormalTextRun SCXW221411576 BCX0\" data-ccp-parastyle=\"No Spacing\">\u00a0creando\u00a0<\/span><span class=\"NormalTextRun SCXW221411576 BCX0\" data-ccp-parastyle=\"No Spacing\">productos derivados<\/span><span class=\"NormalTextRun SCXW221411576 BCX0\" data-ccp-parastyle=\"No Spacing\">, an\u00e1lisis u otras capas con atributos a\u00f1adidos, los\u00a0<\/span><span class=\"NormalTextRun SCXW221411576 BCX0\" data-ccp-parastyle=\"No Spacing\">flexibles t\u00e9rminos de uso<\/span><span class=\"NormalTextRun SCXW221411576 BCX0\" data-ccp-parastyle=\"No Spacing\">\u00a0de Hexagon le permiten ser creativo.<\/span><\/span><span class=\"EOP SCXW221411576 BCX0\" data-ccp-props=\"{&quot;201341983&quot;:0,&quot;335559739&quot;:0,&quot;335559740&quot;:240}\">\u00a0<\/span><\/p>\t\t\t\t\t\t\t\t<\/div>\n\t\t\t\t<\/div>\n\t\t<div class=\"elementor-element elementor-element-8d83151 e-con-full e-flex e-con e-child\" data-id=\"8d83151\" data-element_type=\"container\" data-e-type=\"container\">\n\t\t\t\t<div class=\"elementor-element elementor-element-9898115 elementor-widget elementor-widget-image\" data-id=\"9898115\" data-element_type=\"widget\" data-e-type=\"widget\" data-widget_type=\"image.default\">\n\t\t\t\t\t\t\t\t\t\t\t\t\t\t\t<img loading=\"lazy\" decoding=\"async\" width=\"551\" height=\"421\" src=\"https:\/\/hxdr.com\/wp-content\/uploads\/2023\/10\/AerialImagery-2048x1565.png-1.png\" class=\"attachment-full size-full wp-image-7049\" alt=\"\" srcset=\"https:\/\/hxdr.com\/wp-content\/uploads\/2023\/10\/AerialImagery-2048x1565.png-1.png 551w, https:\/\/hxdr.com\/wp-content\/uploads\/2023\/10\/AerialImagery-2048x1565.png-1-300x229.png 300w\" sizes=\"(max-width: 551px) 100vw, 551px\" \/>\t\t\t\t\t\t\t\t\t\t\t\t\t\t\t<\/div>\n\t\t\t\t<\/div>\n\t\t\t\t<\/div>\n\t\t\t\t\t<\/div>\n\t\t\t\t<\/div>\n\t\t<div class=\"elementor-element elementor-element-634c74ca outerGridContainer e-flex e-con-boxed e-con e-parent\" data-id=\"634c74ca\" data-element_type=\"container\" data-e-type=\"container\">\n\t\t\t\t\t<div class=\"e-con-inner\">\n\t\t<div class=\"elementor-element elementor-element-5faced7d e-con-full e-flex e-con e-child\" data-id=\"5faced7d\" data-element_type=\"container\" data-e-type=\"container\">\n\t\t<div class=\"elementor-element elementor-element-5f26d770 e-con-full e-flex e-con e-child\" data-id=\"5f26d770\" data-element_type=\"container\" data-e-type=\"container\">\n\t\t\t\t<div class=\"elementor-element elementor-element-25710658 elementor-widget elementor-widget-heading\" data-id=\"25710658\" data-element_type=\"widget\" data-e-type=\"widget\" data-widget_type=\"heading.default\">\n\t\t\t\t\t<h3 class=\"elementor-heading-title elementor-size-default\">Descubra si las im\u00e1genes a\u00e9reas de Hexagon son adecuadas para su proyecto<\/h3>\t\t\t\t<\/div>\n\t\t\t\t<div class=\"elementor-element elementor-element-6d52f0f elementor-widget elementor-widget-heading\" data-id=\"6d52f0f\" data-element_type=\"widget\" data-e-type=\"widget\" data-widget_type=\"heading.default\">\n\t\t\t\t\t<h6 class=\"elementor-heading-title elementor-size-default\">Reg\u00edstrese para una prueba gratuita de 10 d\u00edas para transmitir im\u00e1genes a\u00e9reas de alta resoluci\u00f3n de Estados Unidos y los pa\u00edses de Europa Occidental a la aplicaci\u00f3n GIS de su elecci\u00f3n. <\/h6>\t\t\t\t<\/div>\n\t\t\t\t<div class=\"elementor-element elementor-element-33c83ccb push-right-btn elementor-align-center elementor-widget elementor-widget-button\" data-id=\"33c83ccb\" data-element_type=\"widget\" data-e-type=\"widget\" data-widget_type=\"button.default\">\n\t\t\t\t\t\t\t\t\t\t<a class=\"elementor-button elementor-button-link elementor-size-sm\" href=\"https:\/\/hxgncontent.com\/streaming-subscription\/free-trial?type=free-registration&#038;geofences=1192&#038;code=Zone_Country\" target=\"_blank\" rel=\"noopener\">\n\t\t\t\t\t\t<span class=\"elementor-button-content-wrapper\">\n\t\t\t\t\t\t<span class=\"elementor-button-icon\">\n\t\t\t\t<svg xmlns=\"http:\/\/www.w3.org\/2000\/svg\" width=\"19\" height=\"16\" viewBox=\"0 0 19 16\" fill=\"none\"><path d=\"M9.29362 14.5652L10.6036 15.8652L18.2436 8.22523L10.6036 0.585235L9.29362 1.90523L14.7036 7.28523H0.703613V9.16523H14.7036L9.29362 14.5652Z\" fill=\"white\"><\/path><\/svg>\t\t\t<\/span>\n\t\t\t\t\t\t\t\t\t<span class=\"elementor-button-text\">Suscribirme ahora<\/span>\n\t\t\t\t\t<\/span>\n\t\t\t\t\t<\/a>\n\t\t\t\t\t\t\t\t<\/div>\n\t\t\t\t<\/div>\n\t\t\t\t<\/div>\n\t\t\t\t\t<\/div>\n\t\t\t\t<\/div>\n\t\t\t\t<\/div>\n\t\t","protected":false},"excerpt":{"rendered":"<p>Conjuntos de datos de todo el pa\u00eds Construido por Hexagon&#8217;s HxGN Content Program Obtenga informaci\u00f3n valiosa que impulse decisiones m\u00e1s inteligentes con im\u00e1genes a\u00e9reas de alta resoluci\u00f3n y datos de altura ortom\u00e9trica. Lleve su proyecto a un nivel superior Amplia cobertura de datos Acceso a m\u00e1s de 51 millones de km\u00b2 de im\u00e1genes a\u00e9reas de [&hellip;]<\/p>\n","protected":false},"author":7,"featured_media":8159,"parent":9038,"menu_order":0,"comment_status":"closed","ping_status":"closed","template":"","meta":{"footnotes":""},"class_list":["post-9025","page","type-page","status-publish","has-post-thumbnail","hentry"],"_links":{"self":[{"href":"https:\/\/hxdr.com\/es\/wp-json\/wp\/v2\/pages\/9025","targetHints":{"allow":["GET"]}}],"collection":[{"href":"https:\/\/hxdr.com\/es\/wp-json\/wp\/v2\/pages"}],"about":[{"href":"https:\/\/hxdr.com\/es\/wp-json\/wp\/v2\/types\/page"}],"author":[{"embeddable":true,"href":"https:\/\/hxdr.com\/es\/wp-json\/wp\/v2\/users\/7"}],"replies":[{"embeddable":true,"href":"https:\/\/hxdr.com\/es\/wp-json\/wp\/v2\/comments?post=9025"}],"version-history":[{"count":0,"href":"https:\/\/hxdr.com\/es\/wp-json\/wp\/v2\/pages\/9025\/revisions"}],"up":[{"embeddable":true,"href":"https:\/\/hxdr.com\/es\/wp-json\/wp\/v2\/pages\/9038"}],"wp:featuredmedia":[{"embeddable":true,"href":"https:\/\/hxdr.com\/es\/wp-json\/wp\/v2\/media\/8159"}],"wp:attachment":[{"href":"https:\/\/hxdr.com\/es\/wp-json\/wp\/v2\/media?parent=9025"}],"curies":[{"name":"wp","href":"https:\/\/api.w.org\/{rel}","templated":true}]}}