{"id":9021,"date":"2022-09-07T20:34:37","date_gmt":"2022-09-08T01:34:37","guid":{"rendered":"https:\/\/hxdrstage.wpengine.com\/programa-metro-hd-city\/"},"modified":"2026-02-17T11:32:17","modified_gmt":"2026-02-17T16:32:17","slug":"programa-metro-hd-city","status":"publish","type":"page","link":"https:\/\/hxdr.com\/es\/tienda-de-datos-data-store\/programa-metro-hd-city\/","title":{"rendered":"Programa Metro HD City\u00a0"},"content":{"rendered":"\t\t<div data-elementor-type=\"wp-page\" data-elementor-id=\"9021\" class=\"elementor elementor-9021 elementor-2873\" data-elementor-post-type=\"page\">\n\t\t\t\t<div class=\"elementor-element elementor-element-dce09cf outerGridContainer mask-img-2-height-reader e-flex e-con-boxed e-con e-parent\" data-id=\"dce09cf\" data-element_type=\"container\" data-e-type=\"container\">\n\t\t\t\t\t<div class=\"e-con-inner\">\n\t\t<div class=\"elementor-element elementor-element-d64db66 e-con-full e-flex e-con e-child\" data-id=\"d64db66\" data-element_type=\"container\" data-e-type=\"container\">\n\t\t<div class=\"elementor-element elementor-element-8712d91 e-con-full e-flex e-con e-child\" data-id=\"8712d91\" data-element_type=\"container\" data-e-type=\"container\">\n\t\t\t\t<div class=\"elementor-element elementor-element-95ece98 elementor-widget elementor-widget-image\" data-id=\"95ece98\" data-element_type=\"widget\" data-e-type=\"widget\" data-widget_type=\"image.default\">\n\t\t\t\t\t\t\t\t\t\t\t\t\t\t\t<img fetchpriority=\"high\" decoding=\"async\" width=\"1536\" height=\"1536\" src=\"https:\/\/hxdr.com\/wp-content\/uploads\/2024\/02\/HxGN_Content_Program_HxDR_Icon-1536x1536.png\" class=\"attachment-1536x1536 size-1536x1536 wp-image-8159\" alt=\"\" srcset=\"https:\/\/hxdr.com\/wp-content\/uploads\/2024\/02\/HxGN_Content_Program_HxDR_Icon-1536x1536.png 1536w, https:\/\/hxdr.com\/wp-content\/uploads\/2024\/02\/HxGN_Content_Program_HxDR_Icon-300x300.png 300w, https:\/\/hxdr.com\/wp-content\/uploads\/2024\/02\/HxGN_Content_Program_HxDR_Icon-1024x1024.png 1024w, https:\/\/hxdr.com\/wp-content\/uploads\/2024\/02\/HxGN_Content_Program_HxDR_Icon-150x150.png 150w, https:\/\/hxdr.com\/wp-content\/uploads\/2024\/02\/HxGN_Content_Program_HxDR_Icon-768x768.png 768w\" sizes=\"(max-width: 1536px) 100vw, 1536px\" \/>\t\t\t\t\t\t\t\t\t\t\t\t\t\t\t<\/div>\n\t\t\t\t<div class=\"elementor-element elementor-element-2d4d4e7 elementor-widget elementor-widget-heading\" data-id=\"2d4d4e7\" data-element_type=\"widget\" data-e-type=\"widget\" data-widget_type=\"heading.default\">\n\t\t\t\t\t<h1 class=\"elementor-heading-title elementor-size-default\">Conjuntos de datos Metro HD<\/h1>\t\t\t\t<\/div>\n\t\t\t\t<div class=\"elementor-element elementor-element-de17e0c elementor-widget__width-initial elementor-widget elementor-widget-global elementor-global-10034 elementor-widget-html\" data-id=\"de17e0c\" data-element_type=\"widget\" data-e-type=\"widget\" data-widget_type=\"html.default\">\n\t\t\t\t\t<div class=\"custom-divider-left\">\r\n  <div class=\"divider-thick-left\"><\/div>\r\n<\/div>\r\n\r\n<style>\r\n.custom-divider-left {\r\n  position: relative;\r\n  width: 100%;\r\n  height: var(--thinLineWidth); \/* Thin line thickness *\/\r\n  background-color: var(--e-global-color-d7fa53c); \/* Thin Line Color *\/\r\n  border-radius: 50px;\r\n  display: flex;\r\n  align-items: center;\r\n  justify-content: start;\r\n}\r\n\r\n.custom-divider-left .divider-thick-left {\r\n  position: absolute;\r\n  margin-left: 8%;\r\n  height: var(--thickLineWidth); \/* Thick bar height *\/\r\n  min-width: 140px;\r\n  width: 33%;\r\n  max-width: 300px; \/* Length of the thick center bar *\/\r\n  background-color: var(--e-global-color-accent); \/* Accent color *\/\r\n  border-radius: 50px;\r\n}\r\n<\/style>\r\n\t\t\t\t<\/div>\n\t\t\t\t<div class=\"elementor-element elementor-element-1c858dd elementor-widget elementor-widget-heading\" data-id=\"1c858dd\" data-element_type=\"widget\" data-e-type=\"widget\" data-widget_type=\"heading.default\">\n\t\t\t\t\t<h4 class=\"elementor-heading-title elementor-size-default\">Construido por Hexagon HxGN Content Program<\/h4>\t\t\t\t<\/div>\n\t\t\t\t<\/div>\n\t\t<div class=\"elementor-element elementor-element-64666b4 e-con-full e-flex e-con e-child\" data-id=\"64666b4\" data-element_type=\"container\" data-e-type=\"container\">\n\t\t\t\t<div class=\"elementor-element elementor-element-161c14d elementor-widget elementor-widget-image\" data-id=\"161c14d\" data-element_type=\"widget\" data-e-type=\"widget\" data-widget_type=\"image.default\">\n\t\t\t\t\t\t\t\t\t\t\t\t\t\t\t<img decoding=\"async\" width=\"1917\" height=\"1019\" src=\"https:\/\/hxdr.com\/wp-content\/uploads\/2021\/08\/Munich_Mesh.png\" class=\"attachment-full size-full wp-image-5447\" alt=\"\" srcset=\"https:\/\/hxdr.com\/wp-content\/uploads\/2021\/08\/Munich_Mesh.png 1917w, https:\/\/hxdr.com\/wp-content\/uploads\/2021\/08\/Munich_Mesh-300x159.png 300w, https:\/\/hxdr.com\/wp-content\/uploads\/2021\/08\/Munich_Mesh-1024x544.png 1024w, https:\/\/hxdr.com\/wp-content\/uploads\/2021\/08\/Munich_Mesh-768x408.png 768w, https:\/\/hxdr.com\/wp-content\/uploads\/2021\/08\/Munich_Mesh-1536x816.png 1536w\" sizes=\"(max-width: 1917px) 100vw, 1917px\" \/>\t\t\t\t\t\t\t\t\t\t\t\t\t\t\t<\/div>\n\t\t\t\t<div class=\"elementor-element elementor-element-e6bc472 elementor-absolute elementor-widget elementor-widget-image\" data-id=\"e6bc472\" data-element_type=\"widget\" data-e-type=\"widget\" data-settings=\"{&quot;_position&quot;:&quot;absolute&quot;}\" data-widget_type=\"image.default\">\n\t\t\t\t\t\t\t\t\t\t\t\t\t\t\t<img decoding=\"async\" src=\"https:\/\/hxdr.com\/wp-content\/uploads\/2025\/11\/Blue_Green_2-Flip-Lines.svg\" class=\"attachment-full size-full wp-image-10155\" alt=\"\" \/>\t\t\t\t\t\t\t\t\t\t\t\t\t\t\t<\/div>\n\t\t\t\t<\/div>\n\t\t\t\t<\/div>\n\t\t\t\t\t<\/div>\n\t\t\t\t<\/div>\n\t\t<div class=\"elementor-element elementor-element-d473bc6 outerGridContainer e-flex e-con-boxed e-con e-parent\" data-id=\"d473bc6\" data-element_type=\"container\" data-e-type=\"container\">\n\t\t\t\t\t<div class=\"e-con-inner\">\n\t\t<div class=\"elementor-element elementor-element-f4e7bbc e-con-full e-flex e-con e-child\" data-id=\"f4e7bbc\" data-element_type=\"container\" data-e-type=\"container\">\n\t\t<div class=\"elementor-element elementor-element-73754ea e-con-full e-flex e-con e-child\" data-id=\"73754ea\" data-element_type=\"container\" data-e-type=\"container\">\n\t\t\t\t<div class=\"elementor-element elementor-element-ea3522d elementor-widget elementor-widget-heading\" data-id=\"ea3522d\" data-element_type=\"widget\" data-e-type=\"widget\" data-widget_type=\"heading.default\">\n\t\t\t\t\t<h3 class=\"elementor-heading-title elementor-size-default\">Analice, modele y visualice su paisaje urbano con una pila completa de datos de gemelos digitales ultra-HD. <\/h3>\t\t\t\t<\/div>\n\t\t\t\t<\/div>\n\t\t\t\t<\/div>\n\t\t\t\t\t<\/div>\n\t\t\t\t<\/div>\n\t\t<div class=\"elementor-element elementor-element-6db16a1 outerGridContainer e-flex e-con-boxed e-con e-parent\" data-id=\"6db16a1\" data-element_type=\"container\" data-e-type=\"container\">\n\t\t\t\t\t<div class=\"e-con-inner\">\n\t\t<div class=\"elementor-element elementor-element-e80eb81 e-con-full e-flex e-con e-child\" data-id=\"e80eb81\" data-element_type=\"container\" data-e-type=\"container\">\n\t\t<div class=\"elementor-element elementor-element-de2e26b e-con-full e-flex e-con e-child\" data-id=\"de2e26b\" data-element_type=\"container\" data-e-type=\"container\">\n\t\t\t\t<div class=\"elementor-element elementor-element-b3f0450 elementor-widget elementor-widget-heading\" data-id=\"b3f0450\" data-element_type=\"widget\" data-e-type=\"widget\" data-widget_type=\"heading.default\">\n\t\t\t\t\t<h2 class=\"elementor-heading-title elementor-size-default\">Gemelos digitales urbanos de las principales ciudades del mundo<\/h2>\t\t\t\t<\/div>\n\t\t\t\t<\/div>\n\t\t\t\t<\/div>\n\t\t<div class=\"elementor-element elementor-element-03caf4d e-con-full e-flex e-con e-child\" data-id=\"03caf4d\" data-element_type=\"container\" data-e-type=\"container\">\n\t\t<div class=\"elementor-element elementor-element-c851a4f e-con-full e-flex e-con e-child\" data-id=\"c851a4f\" data-element_type=\"container\" data-e-type=\"container\">\n\t\t\t\t<div class=\"elementor-element elementor-element-4fd7590 elementor-widget elementor-widget-heading\" data-id=\"4fd7590\" data-element_type=\"widget\" data-e-type=\"widget\" data-widget_type=\"heading.default\">\n\t\t\t\t\t<h3 class=\"elementor-heading-title elementor-size-default\">Vea las ciudades desde diez perspectivas diferentes<\/h3>\t\t\t\t<\/div>\n\t\t\t\t<div class=\"elementor-element elementor-element-ef75bed elementor-widget elementor-widget-text-editor\" data-id=\"ef75bed\" data-element_type=\"widget\" data-e-type=\"widget\" data-widget_type=\"text-editor.default\">\n\t\t\t\t\t\t\t\t\t<p><span class=\"TextRun SCXW1156862 BCX0\" data-contrast=\"auto\"><span class=\"NormalTextRun SCXW1156862 BCX0\" data-ccp-parastyle=\"No Spacing\">Consiga una visi\u00f3n hol\u00edstica de su entorno urbano para obtener informaci\u00f3n y an\u00e1lisis m\u00e1s profundos utilizando d<\/span><span class=\"NormalTextRun SCXW1156862 BCX0\" data-ccp-parastyle=\"No Spacing\">iez\u00a0<\/span><span class=\"NormalTextRun SCXW1156862 BCX0\" data-ccp-parastyle=\"No Spacing\">conjuntos de datos a\u00e9reos distintos<\/span>\u00a0<span class=\"NormalTextRun SCXW1156862 BCX0\" data-ccp-parastyle=\"No Spacing\">derivados<\/span>\u00a0<span class=\"NormalTextRun SCXW1156862 BCX0\" data-ccp-parastyle=\"No Spacing\">de\u00a0<\/span><span class=\"NormalTextRun SCXW1156862 BCX0\" data-ccp-parastyle=\"No Spacing\">una \u00fanica<\/span><span class=\"NormalTextRun SCXW1156862 BCX0\" data-ccp-parastyle=\"No Spacing\">\u00a0fuente<\/span><span class=\"NormalTextRun SCXW1156862 BCX0\" data-ccp-parastyle=\"No Spacing\">\u00a0fiable<\/span><span class=\"NormalTextRun SCXW1156862 BCX0\" data-ccp-parastyle=\"No Spacing\">.\u00a0<\/span><\/span><span class=\"EOP SCXW1156862 BCX0\" data-ccp-props=\"{&quot;201341983&quot;:0,&quot;335559739&quot;:0,&quot;335559740&quot;:240}\">\u00a0<\/span><\/p>\t\t\t\t\t\t\t\t<\/div>\n\t\t\t\t<\/div>\n\t\t<div class=\"elementor-element elementor-element-fa3880b e-con-full e-flex e-con e-child\" data-id=\"fa3880b\" data-element_type=\"container\" data-e-type=\"container\">\n\t\t\t\t<div class=\"elementor-element elementor-element-2acae9c elementor-widget elementor-widget-image\" data-id=\"2acae9c\" data-element_type=\"widget\" data-e-type=\"widget\" data-widget_type=\"image.default\">\n\t\t\t\t\t\t\t\t\t\t\t\t\t\t\t<img decoding=\"async\" width=\"551\" height=\"421\" src=\"https:\/\/hxdr.com\/wp-content\/uploads\/2023\/10\/AerialImagery-2048x1565.png-3.png\" class=\"attachment-full size-full wp-image-7067\" alt=\"\" srcset=\"https:\/\/hxdr.com\/wp-content\/uploads\/2023\/10\/AerialImagery-2048x1565.png-3.png 551w, https:\/\/hxdr.com\/wp-content\/uploads\/2023\/10\/AerialImagery-2048x1565.png-3-300x229.png 300w\" sizes=\"(max-width: 551px) 100vw, 551px\" \/>\t\t\t\t\t\t\t\t\t\t\t\t\t\t\t<\/div>\n\t\t\t\t<\/div>\n\t\t\t\t<\/div>\n\t\t<div class=\"elementor-element elementor-element-946e70d e-con-full e-flex e-con e-child\" data-id=\"946e70d\" data-element_type=\"container\" data-e-type=\"container\">\n\t\t<div class=\"elementor-element elementor-element-6be573f e-con-full e-flex e-con e-child\" data-id=\"6be573f\" data-element_type=\"container\" data-e-type=\"container\">\n\t\t\t\t<div class=\"elementor-element elementor-element-04e069f elementor-widget elementor-widget-heading\" data-id=\"04e069f\" data-element_type=\"widget\" data-e-type=\"widget\" data-widget_type=\"heading.default\">\n\t\t\t\t\t<h3 class=\"elementor-heading-title elementor-size-default\">Tome decisiones seguras y basadas en datos<\/h3>\t\t\t\t<\/div>\n\t\t\t\t<div class=\"elementor-element elementor-element-7015b23 elementor-widget elementor-widget-text-editor\" data-id=\"7015b23\" data-element_type=\"widget\" data-e-type=\"widget\" data-widget_type=\"text-editor.default\">\n\t\t\t\t\t\t\t\t\t<p><span class=\"NormalTextRun SCXW118044480 BCX0\" data-ccp-parastyle=\"No Spacing\">Nuestro conjunto de datos se deriva<\/span><span class=\"NormalTextRun SCXW118044480 BCX0\" data-ccp-parastyle=\"No Spacing\">\u00a0de\u00a0<\/span><span class=\"NormalTextRun SCXW118044480 BCX0\" data-ccp-parastyle=\"No Spacing\">im\u00e1genes a\u00e9reas\u00a0<\/span><span class=\"NormalTextRun SCXW118044480 BCX0\" data-ccp-parastyle=\"No Spacing\">simult\u00e1neas de 5 cm de resoluci\u00f3n y nubes de puntos LiDAR de 20\u00a0puntos\/m\u00b2\u00a0<\/span><span class=\"NormalTextRun SCXW118044480 BCX0\" data-ccp-parastyle=\"No Spacing\">, y ofrece as\u00ed\u00a0<\/span><span class=\"NormalTextRun SCXW118044480 BCX0\" data-ccp-parastyle=\"No Spacing\">coherencia temporal<\/span><span class=\"NormalTextRun SCXW118044480 BCX0\" data-ccp-parastyle=\"No Spacing\">\u00a0y\u00a0<\/span><span class=\"NormalTextRun SCXW118044480 BCX0\" data-ccp-parastyle=\"No Spacing\">una precisi\u00f3n superior en todas las dimensiones<\/span><span class=\"NormalTextRun SCXW118044480 BCX0\" data-ccp-parastyle=\"No Spacing\">.<\/span><\/p>\t\t\t\t\t\t\t\t<\/div>\n\t\t\t\t<\/div>\n\t\t<div class=\"elementor-element elementor-element-182db6d e-con-full e-flex e-con e-child\" data-id=\"182db6d\" data-element_type=\"container\" data-e-type=\"container\">\n\t\t\t\t<div class=\"elementor-element elementor-element-33b9337 elementor-widget elementor-widget-image\" data-id=\"33b9337\" data-element_type=\"widget\" data-e-type=\"widget\" data-widget_type=\"image.default\">\n\t\t\t\t\t\t\t\t\t\t\t\t\t\t\t<img loading=\"lazy\" decoding=\"async\" width=\"551\" height=\"421\" src=\"https:\/\/hxdr.com\/wp-content\/uploads\/2023\/10\/AerialImagery-2048x1565.png-4.png\" class=\"attachment-full size-full wp-image-7073\" alt=\"\" srcset=\"https:\/\/hxdr.com\/wp-content\/uploads\/2023\/10\/AerialImagery-2048x1565.png-4.png 551w, https:\/\/hxdr.com\/wp-content\/uploads\/2023\/10\/AerialImagery-2048x1565.png-4-300x229.png 300w\" sizes=\"(max-width: 551px) 100vw, 551px\" \/>\t\t\t\t\t\t\t\t\t\t\t\t\t\t\t<\/div>\n\t\t\t\t<\/div>\n\t\t\t\t<\/div>\n\t\t<div class=\"elementor-element elementor-element-9b47745 e-con-full e-flex e-con e-child\" data-id=\"9b47745\" data-element_type=\"container\" data-e-type=\"container\">\n\t\t<div class=\"elementor-element elementor-element-0bbb3e7 e-con-full e-flex e-con e-child\" data-id=\"0bbb3e7\" data-element_type=\"container\" data-e-type=\"container\">\n\t\t\t\t<div class=\"elementor-element elementor-element-af303a7 elementor-widget elementor-widget-heading\" data-id=\"af303a7\" data-element_type=\"widget\" data-e-type=\"widget\" data-widget_type=\"heading.default\">\n\t\t\t\t\t<h3 class=\"elementor-heading-title elementor-size-default\">Los datos que trabajan para usted<\/h3>\t\t\t\t<\/div>\n\t\t\t\t<div class=\"elementor-element elementor-element-30bcd32 elementor-widget elementor-widget-text-editor\" data-id=\"30bcd32\" data-element_type=\"widget\" data-e-type=\"widget\" data-widget_type=\"text-editor.default\">\n\t\t\t\t\t\t\t\t\t<p><span class=\"NormalTextRun SCXW147470973 BCX0\" data-ccp-parastyle=\"No Spacing\">Los t\u00e9rminos<\/span><span class=\"NormalTextRun SCXW147470973 BCX0\" data-ccp-parastyle=\"No Spacing\">\u00a0flexibles de uso de datos de Hexagon le permiten crear\u00a0<\/span><span class=\"NormalTextRun SCXW147470973 BCX0\" data-ccp-parastyle=\"No Spacing\">simulaciones, modelos y otros\u00a0<\/span><span class=\"NormalTextRun SCXW147470973 BCX0\" data-ccp-parastyle=\"No Spacing\">productos derivados<\/span><span class=\"NormalTextRun SCXW147470973 BCX0\" data-ccp-parastyle=\"No Spacing\">\u00a0que cumplen con sus requisitos \u00fanicos<\/span><span class=\"NormalTextRun SCXW147470973 BCX0\" data-ccp-parastyle=\"No Spacing\">.<\/span><\/p>\t\t\t\t\t\t\t\t<\/div>\n\t\t\t\t<\/div>\n\t\t<div class=\"elementor-element elementor-element-e12626f e-con-full e-flex e-con e-child\" data-id=\"e12626f\" data-element_type=\"container\" data-e-type=\"container\">\n\t\t\t\t<div class=\"elementor-element elementor-element-ba5ff82 elementor-widget elementor-widget-image\" data-id=\"ba5ff82\" data-element_type=\"widget\" data-e-type=\"widget\" data-widget_type=\"image.default\">\n\t\t\t\t\t\t\t\t\t\t\t\t\t\t\t<img loading=\"lazy\" decoding=\"async\" width=\"551\" height=\"422\" src=\"https:\/\/hxdr.com\/wp-content\/uploads\/2023\/10\/AerialImagery-2048x1565.png-5.png\" class=\"attachment-full size-full wp-image-7079\" alt=\"\" srcset=\"https:\/\/hxdr.com\/wp-content\/uploads\/2023\/10\/AerialImagery-2048x1565.png-5.png 551w, https:\/\/hxdr.com\/wp-content\/uploads\/2023\/10\/AerialImagery-2048x1565.png-5-300x230.png 300w\" sizes=\"(max-width: 551px) 100vw, 551px\" \/>\t\t\t\t\t\t\t\t\t\t\t\t\t\t\t<\/div>\n\t\t\t\t<\/div>\n\t\t\t\t<\/div>\n\t\t\t\t\t<\/div>\n\t\t\t\t<\/div>\n\t\t<div class=\"elementor-element elementor-element-4e1eb37c outerGridContainer e-flex e-con-boxed e-con e-parent\" data-id=\"4e1eb37c\" data-element_type=\"container\" data-e-type=\"container\">\n\t\t\t\t\t<div class=\"e-con-inner\">\n\t\t<div class=\"elementor-element elementor-element-7c1e98e2 e-con-full e-flex e-con e-child\" data-id=\"7c1e98e2\" data-element_type=\"container\" data-e-type=\"container\">\n\t\t<div class=\"elementor-element elementor-element-718df202 e-con-full e-flex e-con e-child\" data-id=\"718df202\" data-element_type=\"container\" data-e-type=\"container\">\n\t\t\t\t<div class=\"elementor-element elementor-element-a08d49b elementor-widget elementor-widget-video\" data-id=\"a08d49b\" data-element_type=\"widget\" data-e-type=\"widget\" data-settings=\"{&quot;video_type&quot;:&quot;vimeo&quot;,&quot;autoplay&quot;:&quot;yes&quot;}\" data-widget_type=\"video.default\">\n\t\t\t\t\t\t\t<div class=\"elementor-wrapper elementor-open-inline\">\n\t\t\t<iframe class=\"elementor-video-iframe\" allowfullscreen allow=\"autoplay\" title=\"Reproductor de v\u00eddeo vimeo\" src=\"https:\/\/player.vimeo.com\/video\/747488280?autoplay=1&amp;color&amp;autopause=0&amp;loop=0&amp;muted=0&amp;title=1&amp;portrait=1&amp;byline=1&amp;h=b2f69cac5a#t=\"><\/iframe>\t\t<\/div>\n\t\t\t\t\t\t<\/div>\n\t\t\t\t<\/div>\n\t\t\t\t<\/div>\n\t\t\t\t\t<\/div>\n\t\t\t\t<\/div>\n\t\t<div class=\"elementor-element elementor-element-42fcb50 outerGridContainer e-flex e-con-boxed e-con e-parent\" data-id=\"42fcb50\" data-element_type=\"container\" data-e-type=\"container\">\n\t\t\t\t\t<div class=\"e-con-inner\">\n\t\t<div class=\"elementor-element elementor-element-5d5798f e-con-full e-flex e-con e-child\" data-id=\"5d5798f\" data-element_type=\"container\" data-e-type=\"container\">\n\t\t<div class=\"elementor-element elementor-element-98dbff0 e-con-full e-flex e-con e-child\" data-id=\"98dbff0\" data-element_type=\"container\" data-e-type=\"container\">\n\t\t\t\t<div class=\"elementor-element elementor-element-74f66f6 elementor-widget elementor-widget-heading\" data-id=\"74f66f6\" data-element_type=\"widget\" data-e-type=\"widget\" data-widget_type=\"heading.default\">\n\t\t\t\t\t<h3 class=\"elementor-heading-title elementor-size-default\">Averig\u00fce si los conjuntos de datos Metro HD son adecuados para su proyecto<\/h3>\t\t\t\t<\/div>\n\t\t\t\t<div class=\"elementor-element elementor-element-76d4853 elementor-widget elementor-widget-heading\" data-id=\"76d4853\" data-element_type=\"widget\" data-e-type=\"widget\" data-widget_type=\"heading.default\">\n\t\t\t\t\t<h6 class=\"elementor-heading-title elementor-size-default\">Env\u00ede su solicitud para recibir muestras de las diez capas de datos. Las muestras se enviar\u00e1n por correo electr\u00f3nico a la direcci\u00f3n que indique a continuaci\u00f3n. <\/h6>\t\t\t\t<\/div>\n\t\t\t\t<div class=\"elementor-element elementor-element-36bef5d elementor-widget elementor-widget-html\" data-id=\"36bef5d\" data-element_type=\"widget\" data-e-type=\"widget\" data-widget_type=\"html.default\">\n\t\t\t\t\t<iframe src=\"https:\/\/marketing.hxdr.com\/l\/665443\/2022-09-01\/6zp7pr\" width=\"100%\" height=\"1000\" type=\"text\/html\" frameborder=\"0\" allowTransparency=\"true\" style=\"border: 0\"><\/iframe>\t\t\t\t<\/div>\n\t\t\t\t<\/div>\n\t\t\t\t<\/div>\n\t\t\t\t\t<\/div>\n\t\t\t\t<\/div>\n\t\t\t\t<\/div>\n\t\t","protected":false},"excerpt":{"rendered":"<p>Conjuntos de datos Metro HD Construido por Hexagon HxGN Content Program Analice, modele y visualice su paisaje urbano con una pila completa de datos de gemelos digitales ultra-HD. Gemelos digitales urbanos de las principales ciudades del mundo Vea las ciudades desde diez perspectivas diferentes Consiga una visi\u00f3n hol\u00edstica de su entorno urbano para obtener informaci\u00f3n [&hellip;]<\/p>\n","protected":false},"author":7,"featured_media":8159,"parent":9038,"menu_order":0,"comment_status":"closed","ping_status":"closed","template":"","meta":{"footnotes":""},"class_list":["post-9021","page","type-page","status-publish","has-post-thumbnail","hentry"],"_links":{"self":[{"href":"https:\/\/hxdr.com\/es\/wp-json\/wp\/v2\/pages\/9021","targetHints":{"allow":["GET"]}}],"collection":[{"href":"https:\/\/hxdr.com\/es\/wp-json\/wp\/v2\/pages"}],"about":[{"href":"https:\/\/hxdr.com\/es\/wp-json\/wp\/v2\/types\/page"}],"author":[{"embeddable":true,"href":"https:\/\/hxdr.com\/es\/wp-json\/wp\/v2\/users\/7"}],"replies":[{"embeddable":true,"href":"https:\/\/hxdr.com\/es\/wp-json\/wp\/v2\/comments?post=9021"}],"version-history":[{"count":0,"href":"https:\/\/hxdr.com\/es\/wp-json\/wp\/v2\/pages\/9021\/revisions"}],"up":[{"embeddable":true,"href":"https:\/\/hxdr.com\/es\/wp-json\/wp\/v2\/pages\/9038"}],"wp:featuredmedia":[{"embeddable":true,"href":"https:\/\/hxdr.com\/es\/wp-json\/wp\/v2\/media\/8159"}],"wp:attachment":[{"href":"https:\/\/hxdr.com\/es\/wp-json\/wp\/v2\/media?parent=9021"}],"curies":[{"name":"wp","href":"https:\/\/api.w.org\/{rel}","templated":true}]}}