{"id":10322,"date":"2025-07-09T08:27:30","date_gmt":"2025-07-09T13:27:30","guid":{"rendered":"https:\/\/hxdrstage.wpengine.com\/reality-cloud-studio\/demostracion-gratuita-reality-cloud-studio\/"},"modified":"2026-02-17T05:20:17","modified_gmt":"2026-02-17T10:20:17","slug":"demostracion-gratuita-reality-cloud-studio","status":"publish","type":"page","link":"https:\/\/hxdr.com\/es\/reality-cloud-studio\/demostracion-gratuita-reality-cloud-studio\/","title":{"rendered":"Demostraci\u00f3n Gratuita &#8211; Reality Cloud Studio"},"content":{"rendered":"\t\t<div data-elementor-type=\"wp-page\" data-elementor-id=\"10322\" class=\"elementor elementor-10322 elementor-9318\" data-elementor-post-type=\"page\">\n\t\t\t\t<div class=\"elementor-element elementor-element-252a094a outerGridContainer e-flex e-con-boxed e-con e-parent\" data-id=\"252a094a\" data-element_type=\"container\" data-e-type=\"container\">\n\t\t\t\t\t<div class=\"e-con-inner\">\n\t\t<div class=\"elementor-element elementor-element-1cee8cdb e-con-full e-flex e-con e-child\" data-id=\"1cee8cdb\" data-element_type=\"container\" data-e-type=\"container\">\n\t\t<div class=\"elementor-element elementor-element-72bbedb9 e-con-full e-flex e-con e-child\" data-id=\"72bbedb9\" data-element_type=\"container\" data-e-type=\"container\" data-settings=\"{&quot;background_background&quot;:&quot;classic&quot;}\">\n\t\t\t\t<div class=\"elementor-element elementor-element-919a0fe elementor-widget elementor-widget-image\" data-id=\"919a0fe\" data-element_type=\"widget\" data-e-type=\"widget\" data-widget_type=\"image.default\">\n\t\t\t\t\t\t\t\t\t\t\t\t\t\t\t<img fetchpriority=\"high\" decoding=\"async\" width=\"1646\" height=\"990\" src=\"https:\/\/hxdr.com\/wp-content\/uploads\/2023\/05\/Reality-Cloud-Studio-Logo-White.svg\" class=\"attachment-full size-full wp-image-6281\" alt=\"\" \/>\t\t\t\t\t\t\t\t\t\t\t\t\t\t\t<\/div>\n\t\t\t\t<div class=\"elementor-element elementor-element-70604cda elementor-widget elementor-widget-heading\" data-id=\"70604cda\" data-element_type=\"widget\" data-e-type=\"widget\" data-widget_type=\"heading.default\">\n\t\t\t\t\t<h2 class=\"elementor-heading-title elementor-size-default\">Obtenga una demostraci\u00f3n gratuita de HxDR Reality Cloud Studio<\/h2>\t\t\t\t<\/div>\n\t\t\t\t<\/div>\n\t\t\t\t<\/div>\n\t\t\t\t\t<\/div>\n\t\t\t\t<\/div>\n\t\t<div class=\"elementor-element elementor-element-2db58ff7 outerGridContainer e-flex e-con-boxed e-con e-parent\" data-id=\"2db58ff7\" data-element_type=\"container\" data-e-type=\"container\">\n\t\t\t\t\t<div class=\"e-con-inner\">\n\t\t<div class=\"elementor-element elementor-element-b4baa80 e-con-full e-flex e-con e-child\" data-id=\"b4baa80\" data-element_type=\"container\" data-e-type=\"container\">\n\t\t<div class=\"elementor-element elementor-element-34fc6dc0 e-con-full e-flex e-con e-child\" data-id=\"34fc6dc0\" data-element_type=\"container\" data-e-type=\"container\">\n\t\t\t\t<div class=\"elementor-element elementor-element-ef208cd elementor-widget elementor-widget-heading\" data-id=\"ef208cd\" data-element_type=\"widget\" data-e-type=\"widget\" data-widget_type=\"heading.default\">\n\t\t\t\t\t<h3 class=\"elementor-heading-title elementor-size-default\">Descubra una mejor forma de gestionar sus flujos de trabajo de realidad digital, desde la captura hasta la colaboraci\u00f3n. <\/h3>\t\t\t\t<\/div>\n\t\t<div class=\"elementor-element elementor-element-d9bbcdc e-con-full e-flex e-con e-child\" data-id=\"d9bbcdc\" data-element_type=\"container\" data-e-type=\"container\">\n\t\t\t\t<div class=\"elementor-element elementor-element-f887ff1 elementor-widget__width-auto elementor-widget-tablet__width-auto elementor-widget elementor-widget-heading\" data-id=\"f887ff1\" data-element_type=\"widget\" data-e-type=\"widget\" data-widget_type=\"heading.default\">\n\t\t\t\t\t<h2 class=\"elementor-heading-title elementor-size-default\">10%<\/h2>\t\t\t\t<\/div>\n\t\t\t\t<div class=\"elementor-element elementor-element-5a02cc5 elementor-widget-tablet__width-inherit elementor-widget elementor-widget-heading\" data-id=\"5a02cc5\" data-element_type=\"widget\" data-e-type=\"widget\" data-widget_type=\"heading.default\">\n\t\t\t\t\t<h5 class=\"elementor-heading-title elementor-size-default\">Reducci\u00f3n de las horas de modelado<\/h5>\t\t\t\t<\/div>\n\t\t\t\t<\/div>\n\t\t<div class=\"elementor-element elementor-element-8d2c2d6 e-con-full e-flex e-con e-child\" data-id=\"8d2c2d6\" data-element_type=\"container\" data-e-type=\"container\">\n\t\t\t\t<div class=\"elementor-element elementor-element-ddce7de elementor-widget__width-auto elementor-widget-tablet__width-auto elementor-widget elementor-widget-heading\" data-id=\"ddce7de\" data-element_type=\"widget\" data-e-type=\"widget\" data-widget_type=\"heading.default\">\n\t\t\t\t\t<h2 class=\"elementor-heading-title elementor-size-default\">50%<\/h2>\t\t\t\t<\/div>\n\t\t\t\t<div class=\"elementor-element elementor-element-281ec6f elementor-widget-tablet__width-inherit elementor-widget elementor-widget-heading\" data-id=\"281ec6f\" data-element_type=\"widget\" data-e-type=\"widget\" data-widget_type=\"heading.default\">\n\t\t\t\t\t<h5 class=\"elementor-heading-title elementor-size-default\">Reducci\u00f3n del trabajo en malla y procesamiento de nubes de puntos<\/h5>\t\t\t\t<\/div>\n\t\t\t\t<\/div>\n\t\t<div class=\"elementor-element elementor-element-8ee3dc3 e-con-full e-flex e-con e-child\" data-id=\"8ee3dc3\" data-element_type=\"container\" data-e-type=\"container\">\n\t\t\t\t<div class=\"elementor-element elementor-element-0276853 elementor-widget__width-auto elementor-widget-tablet__width-auto elementor-widget elementor-widget-heading\" data-id=\"0276853\" data-element_type=\"widget\" data-e-type=\"widget\" data-widget_type=\"heading.default\">\n\t\t\t\t\t<h2 class=\"elementor-heading-title elementor-size-default\">10x<\/h2>\t\t\t\t<\/div>\n\t\t\t\t<div class=\"elementor-element elementor-element-9d3d758 elementor-widget-tablet__width-inherit elementor-widget elementor-widget-heading\" data-id=\"9d3d758\" data-element_type=\"widget\" data-e-type=\"widget\" data-widget_type=\"heading.default\">\n\t\t\t\t\t<h5 class=\"elementor-heading-title elementor-size-default\">Aumento de la utilizaci\u00f3n de datos<\/h5>\t\t\t\t<\/div>\n\t\t\t\t<\/div>\n\t\t<div class=\"elementor-element elementor-element-b5fa8c7 e-con-full e-flex e-con e-child\" data-id=\"b5fa8c7\" data-element_type=\"container\" data-e-type=\"container\">\n\t\t\t\t<div class=\"elementor-element elementor-element-2ff7c71 elementor-widget__width-auto elementor-widget-tablet__width-auto elementor-widget elementor-widget-heading\" data-id=\"2ff7c71\" data-element_type=\"widget\" data-e-type=\"widget\" data-widget_type=\"heading.default\">\n\t\t\t\t\t<h2 class=\"elementor-heading-title elementor-size-default\">100%<\/h2>\t\t\t\t<\/div>\n\t\t\t\t<div class=\"elementor-element elementor-element-2338cf7 elementor-widget-tablet__width-inherit elementor-widget elementor-widget-heading\" data-id=\"2338cf7\" data-element_type=\"widget\" data-e-type=\"widget\" data-widget_type=\"heading.default\">\n\t\t\t\t\t<h5 class=\"elementor-heading-title elementor-size-default\">Propiedad de los datos<\/h5>\t\t\t\t<\/div>\n\t\t\t\t<\/div>\n\t\t<div class=\"elementor-element elementor-element-4068a2f e-con-full e-flex e-con e-child\" data-id=\"4068a2f\" data-element_type=\"container\" data-e-type=\"container\">\n\t\t\t\t<div class=\"elementor-element elementor-element-0173e0a elementor-widget__width-auto elementor-widget-tablet__width-auto elementor-widget elementor-widget-heading\" data-id=\"0173e0a\" data-element_type=\"widget\" data-e-type=\"widget\" data-widget_type=\"heading.default\">\n\t\t\t\t\t<h2 class=\"elementor-heading-title elementor-size-default\">75%<\/h2>\t\t\t\t<\/div>\n\t\t\t\t<div class=\"elementor-element elementor-element-faa5bb7 elementor-widget-tablet__width-inherit elementor-widget elementor-widget-heading\" data-id=\"faa5bb7\" data-element_type=\"widget\" data-e-type=\"widget\" data-widget_type=\"heading.default\">\n\t\t\t\t\t<h5 class=\"elementor-heading-title elementor-size-default\">Reducci\u00f3n del coste total de propiedad<\/h5>\t\t\t\t<\/div>\n\t\t\t\t<\/div>\n\t\t<div class=\"elementor-element elementor-element-c22189f e-con-full e-flex e-con e-child\" data-id=\"c22189f\" data-element_type=\"container\" data-e-type=\"container\" data-settings=\"{&quot;background_background&quot;:&quot;classic&quot;}\">\n\t\t\t\t<div class=\"elementor-element elementor-element-53c4f77 elementor-widget elementor-widget-heading\" data-id=\"53c4f77\" data-element_type=\"widget\" data-e-type=\"widget\" data-widget_type=\"heading.default\">\n\t\t\t\t\t<h4 class=\"elementor-heading-title elementor-size-default\">HxDR Reality Cloud Studio es una plataforma integral dise\u00f1ada para profesionales que necesitan visualizar, compartir y ofrecer resultados con claridad y precisi\u00f3n. Vea c\u00f3mo apoya a su industria con funciones personalizadas como:<\/h4>\t\t\t\t<\/div>\n\t\t\t\t<div class=\"elementor-element elementor-element-3730b14 elementor-widget elementor-widget-heading\" data-id=\"3730b14\" data-element_type=\"widget\" data-e-type=\"widget\" data-widget_type=\"heading.default\">\n\t\t\t\t\t<h5 class=\"elementor-heading-title elementor-size-default\"><ul>  <li>Automatizaci\u00f3n de escaneo a BIM<\/li>  <li>Flujos de trabajo de escaneo frente a BIM<\/li>  <li>Clasificaci\u00f3n basada en IA<\/li>  <li>Gemelos digitales a partir de datos escaneados<\/li>  <li>Colaboraci\u00f3n en tiempo real con todas las partes interesadas<\/li>  <li>Acceso basado en la nube a gemelos digitales y modelos de malla<\/li><\/ul><\/h5>\t\t\t\t<\/div>\n\t\t\t\t<\/div>\n\t\t\t\t<div class=\"elementor-element elementor-element-a1432cd elementor-widget elementor-widget-heading\" data-id=\"a1432cd\" data-element_type=\"widget\" data-e-type=\"widget\" data-widget_type=\"heading.default\">\n\t\t\t\t\t<h4 class=\"elementor-heading-title elementor-size-default\">Para capacitar a los equipos de AEC, topograf\u00eda, petr\u00f3leo y gas, fabricaci\u00f3n de procesos, fabricaci\u00f3n discreta y m\u00e1s para colaborar y crear a escala, sin necesidad de habilidades especializadas. <\/h4>\t\t\t\t<\/div>\n\t\t\t\t<\/div>\n\t\t<div class=\"elementor-element elementor-element-2e4991be e-con-full elementor-hidden-tablet elementor-hidden-mobile e-flex e-con e-child\" data-id=\"2e4991be\" data-element_type=\"container\" data-e-type=\"container\">\n\t\t\t\t<div class=\"elementor-element elementor-element-c23c542 elementor-widget elementor-widget-heading\" data-id=\"c23c542\" data-element_type=\"widget\" data-e-type=\"widget\" data-widget_type=\"heading.default\">\n\t\t\t\t\t<h3 class=\"elementor-heading-title elementor-size-default\">V\u00e9alo en acci\u00f3n: solicite hoy mismo su demostraci\u00f3n personalizada gratuita<\/h3>\t\t\t\t<\/div>\n\t\t\t\t<div class=\"elementor-element elementor-element-964b9cc elementor-widget elementor-widget-html\" data-id=\"964b9cc\" data-element_type=\"widget\" data-e-type=\"widget\" data-widget_type=\"html.default\">\n\t\t\t\t\t<iframe src=\"https:\/\/marketing.hxdr.com\/l\/665443\/2025-07-10\/7w9p3r\" width=\"100%\" height=\"1200\" type=\"text\/html\" frameborder=\"0\" allowTransparency=\"true\" style=\"border: 0\"><\/iframe>\t\t\t\t<\/div>\n\t\t\t\t<\/div>\n\t\t\t\t<\/div>\n\t\t\t\t\t<\/div>\n\t\t\t\t<\/div>\n\t\t<div class=\"elementor-element elementor-element-b39c98e outerGridContainer e-flex e-con-boxed e-con e-parent\" data-id=\"b39c98e\" data-element_type=\"container\" data-e-type=\"container\">\n\t\t\t\t\t<div class=\"e-con-inner\">\n\t\t<div class=\"elementor-element elementor-element-39f44ec0 e-con-full e-flex e-con e-child\" data-id=\"39f44ec0\" data-element_type=\"container\" data-e-type=\"container\">\n\t\t<div class=\"elementor-element elementor-element-5dd9ebdd e-con-full e-flex e-con e-child\" data-id=\"5dd9ebdd\" data-element_type=\"container\" data-e-type=\"container\">\n\t\t\t\t<div class=\"elementor-element elementor-element-d55f4 elementor-widget elementor-widget-heading\" data-id=\"d55f4\" data-element_type=\"widget\" data-e-type=\"widget\" data-widget_type=\"heading.default\">\n\t\t\t\t\t<h2 class=\"elementor-heading-title elementor-size-default\">No se f\u00ede solo de nuestra palabra<\/h2>\t\t\t\t<\/div>\n\t\t\t\t<div class=\"elementor-element elementor-element-5845df57 elementor-widget elementor-widget-heading\" data-id=\"5845df57\" data-element_type=\"widget\" data-e-type=\"widget\" data-widget_type=\"heading.default\">\n\t\t\t\t\t<h4 class=\"elementor-heading-title elementor-size-default\">Esto es lo que ya dicen los clientes: <\/h4>\t\t\t\t<\/div>\n\t\t\t\t<\/div>\n\t\t\t\t<\/div>\n\t\t<div class=\"elementor-element elementor-element-750308b7 e-con-full e-grid e-con e-child\" data-id=\"750308b7\" data-element_type=\"container\" data-e-type=\"container\">\n\t\t\t\t<div class=\"elementor-element elementor-element-bcd52c2 elementor-widget elementor-widget-heading\" data-id=\"bcd52c2\" data-element_type=\"widget\" data-e-type=\"widget\" data-widget_type=\"heading.default\">\n\t\t\t\t\t<h4 class=\"elementor-heading-title elementor-size-default\"><span class=\"quote-before\">\"<\/span> En lugar de pedir a los clientes que instalen visores o gestionen descargas, ahora compartimos |datos al instante, lo que hace que la colaboraci\u00f3n sea mucho m\u00e1s \u00e1gil con Reality Cloud Studio.<span class=\"quote-after\">\"<\/span><\/h4>\t\t\t\t<\/div>\n\t\t\t\t<div class=\"elementor-element elementor-element-b68016f elementor-widget elementor-widget-heading\" data-id=\"b68016f\" data-element_type=\"widget\" data-e-type=\"widget\" data-widget_type=\"heading.default\">\n\t\t\t\t\t<h4 class=\"elementor-heading-title elementor-size-default\"><span class=\"quote-before\">\"<\/span> La generaci\u00f3n de mallas con un solo clic garantiza que todo el proceso sea m\u00e1s r\u00e1pido, sencillo y eficiente.<span class=\"quote-after\">\"<\/span><\/h4>\t\t\t\t<\/div>\n\t\t\t\t<\/div>\n\t\t\t\t\t<\/div>\n\t\t\t\t<\/div>\n\t\t<div class=\"elementor-element elementor-element-b9b33e outerGridContainer elementor-hidden-desktop e-flex e-con-boxed e-con e-parent\" data-id=\"b9b33e\" data-element_type=\"container\" data-e-type=\"container\">\n\t\t\t\t\t<div class=\"e-con-inner\">\n\t\t<div class=\"elementor-element elementor-element-5cbb71f9 e-con-full e-flex e-con e-child\" data-id=\"5cbb71f9\" data-element_type=\"container\" data-e-type=\"container\">\n\t\t<div class=\"elementor-element elementor-element-4c3b5f47 e-con-full e-flex e-con e-child\" data-id=\"4c3b5f47\" data-element_type=\"container\" data-e-type=\"container\">\n\t\t\t\t<div class=\"elementor-element elementor-element-63c845b elementor-widget elementor-widget-heading\" data-id=\"63c845b\" data-element_type=\"widget\" data-e-type=\"widget\" data-widget_type=\"heading.default\">\n\t\t\t\t\t<h3 class=\"elementor-heading-title elementor-size-default\">V\u00e9alo en acci\u00f3n: solicite hoy mismo su demostraci\u00f3n personalizada gratuita<\/h3>\t\t\t\t<\/div>\n\t\t\t\t<div class=\"elementor-element elementor-element-f3753b8 elementor-widget elementor-widget-html\" data-id=\"f3753b8\" data-element_type=\"widget\" data-e-type=\"widget\" data-widget_type=\"html.default\">\n\t\t\t\t\t<iframe src=\"https:\/\/marketing.hxdr.com\/l\/665443\/2025-07-10\/7w9p3r\" width=\"100%\" height=\"1500\" type=\"text\/html\" frameborder=\"0\" allowTransparency=\"true\" style=\"border: 0\"><\/iframe>\t\t\t\t<\/div>\n\t\t\t\t<\/div>\n\t\t\t\t<\/div>\n\t\t\t\t\t<\/div>\n\t\t\t\t<\/div>\n\t\t\t\t<\/div>\n\t\t","protected":false},"excerpt":{"rendered":"<p>Obtenga una demostraci\u00f3n gratuita de HxDR Reality Cloud Studio Descubra una mejor forma de gestionar sus flujos de trabajo de realidad digital, desde la captura hasta la colaboraci\u00f3n. 10% Reducci\u00f3n de las horas de modelado 50% Reducci\u00f3n del trabajo en malla y procesamiento de nubes de puntos 10x Aumento de la utilizaci\u00f3n de datos 100% [&hellip;]<\/p>\n","protected":false},"author":7,"featured_media":7697,"parent":9043,"menu_order":0,"comment_status":"closed","ping_status":"closed","template":"","meta":{"footnotes":""},"class_list":["post-10322","page","type-page","status-publish","has-post-thumbnail","hentry"],"_links":{"self":[{"href":"https:\/\/hxdr.com\/es\/wp-json\/wp\/v2\/pages\/10322","targetHints":{"allow":["GET"]}}],"collection":[{"href":"https:\/\/hxdr.com\/es\/wp-json\/wp\/v2\/pages"}],"about":[{"href":"https:\/\/hxdr.com\/es\/wp-json\/wp\/v2\/types\/page"}],"author":[{"embeddable":true,"href":"https:\/\/hxdr.com\/es\/wp-json\/wp\/v2\/users\/7"}],"replies":[{"embeddable":true,"href":"https:\/\/hxdr.com\/es\/wp-json\/wp\/v2\/comments?post=10322"}],"version-history":[{"count":0,"href":"https:\/\/hxdr.com\/es\/wp-json\/wp\/v2\/pages\/10322\/revisions"}],"up":[{"embeddable":true,"href":"https:\/\/hxdr.com\/es\/wp-json\/wp\/v2\/pages\/9043"}],"wp:featuredmedia":[{"embeddable":true,"href":"https:\/\/hxdr.com\/es\/wp-json\/wp\/v2\/media\/7697"}],"wp:attachment":[{"href":"https:\/\/hxdr.com\/es\/wp-json\/wp\/v2\/media?parent=10322"}],"curies":[{"name":"wp","href":"https:\/\/api.w.org\/{rel}","templated":true}]}}