{"id":8940,"date":"2023-10-04T17:42:46","date_gmt":"2023-10-04T22:42:46","guid":{"rendered":"https:\/\/hxdrstage.wpengine.com\/loclab-cloud-dienstleistungen\/"},"modified":"2026-02-17T12:03:11","modified_gmt":"2026-02-17T17:03:11","slug":"loclab-cloud-dienstleistungen","status":"publish","type":"page","link":"https:\/\/hxdr.com\/de\/loclab-cloud-dienstleistungen\/","title":{"rendered":"LocLab Clouddienste"},"content":{"rendered":"\t\t<div data-elementor-type=\"wp-page\" data-elementor-id=\"8940\" class=\"elementor elementor-8940 elementor-3641\" data-elementor-post-type=\"page\">\n\t\t\t\t<div class=\"elementor-element elementor-element-5cedb50 outerGridContainer e-flex e-con-boxed e-con e-parent\" data-id=\"5cedb50\" data-element_type=\"container\" data-e-type=\"container\">\n\t\t\t\t\t<div class=\"e-con-inner\">\n\t\t<div class=\"elementor-element elementor-element-c8b75b5 e-con-full e-flex e-con e-child\" data-id=\"c8b75b5\" data-element_type=\"container\" data-e-type=\"container\">\n\t\t<div class=\"elementor-element elementor-element-48c92db e-con-full e-flex e-con e-child\" data-id=\"48c92db\" data-element_type=\"container\" data-e-type=\"container\">\n\t\t\t\t<div class=\"elementor-element elementor-element-4924779 elementor-widget elementor-widget-image\" data-id=\"4924779\" data-element_type=\"widget\" data-e-type=\"widget\" data-widget_type=\"image.default\">\n\t\t\t\t\t\t\t\t\t\t\t\t\t\t\t<img decoding=\"async\" width=\"1\" height=\"1\" src=\"https:\/\/hxdr.com\/wp-content\/uploads\/2023\/10\/LocLabCloudIcon.svg\" class=\"attachment-1536x1536 size-1536x1536 wp-image-7897\" alt=\"\" srcset=\"https:\/\/hxdr.com\/wp-content\/uploads\/\/2023\/10\/LocLabCloudIcon.svg 150w, https:\/\/hxdr.com\/wp-content\/uploads\/\/2023\/10\/LocLabCloudIcon.svg 300w, https:\/\/hxdr.com\/wp-content\/uploads\/\/2023\/10\/LocLabCloudIcon.svg 768w, https:\/\/hxdr.com\/wp-content\/uploads\/\/2023\/10\/LocLabCloudIcon.svg 1024w, https:\/\/hxdr.com\/wp-content\/uploads\/\/2023\/10\/LocLabCloudIcon.svg 0w\" sizes=\"(max-width: 1px) 100vw, 1px\" \/>\t\t\t\t\t\t\t\t\t\t\t\t\t\t\t<\/div>\n\t\t\t\t<div class=\"elementor-element elementor-element-a1156f4 elementor-widget elementor-widget-heading\" data-id=\"a1156f4\" data-element_type=\"widget\" data-e-type=\"widget\" data-widget_type=\"heading.default\">\n\t\t\t\t\t<h1 class=\"elementor-heading-title elementor-size-default\">LocLab Clouddienste<\/h1>\t\t\t\t<\/div>\n\t\t\t\t<\/div>\n\t\t\t\t<\/div>\n\t\t\t\t\t<\/div>\n\t\t\t\t<\/div>\n\t\t<div class=\"elementor-element elementor-element-38de54ce outerGridContainer e-flex e-con-boxed e-con e-parent\" data-id=\"38de54ce\" data-element_type=\"container\" data-e-type=\"container\">\n\t\t\t\t\t<div class=\"e-con-inner\">\n\t\t<div class=\"elementor-element elementor-element-b1322ab e-con-full e-flex e-con e-child\" data-id=\"b1322ab\" data-element_type=\"container\" data-e-type=\"container\">\n\t\t<div class=\"elementor-element elementor-element-58058d77 e-con-full e-flex e-con e-child\" data-id=\"58058d77\" data-element_type=\"container\" data-e-type=\"container\">\n\t\t\t\t<div class=\"elementor-element elementor-element-d2982dd elementor-widget elementor-widget-heading\" data-id=\"d2982dd\" data-element_type=\"widget\" data-e-type=\"widget\" data-widget_type=\"heading.default\">\n\t\t\t\t\t<h3 class=\"elementor-heading-title elementor-size-default\">Die Plattform LocLab Cloud bietet eine speziell auf Ihre Gesch\u00e4ftsanforderungen zugeschnittene und skalierbare Suite an Angeboten von LocLab. <\/h3>\t\t\t\t<\/div>\n\t\t\t\t<div class=\"elementor-element elementor-element-e903280 elementor-widget elementor-widget-heading\" data-id=\"e903280\" data-element_type=\"widget\" data-e-type=\"widget\" data-widget_type=\"heading.default\">\n\t\t\t\t\t<h3 class=\"elementor-heading-title elementor-size-default\">\u00dcberblick \u00fcber unsere Servicepakete. <\/h3>\t\t\t\t<\/div>\n\t\t\t\t<\/div>\n\t\t\t\t<\/div>\n\t\t\t\t\t<\/div>\n\t\t\t\t<\/div>\n\t\t<div class=\"elementor-element elementor-element-73c11f3 outerGridContainer e-flex e-con-boxed e-con e-parent\" data-id=\"73c11f3\" data-element_type=\"container\" data-e-type=\"container\">\n\t\t\t\t\t<div class=\"e-con-inner\">\n\t\t<div class=\"elementor-element elementor-element-23a39ddc e-con-full e-flex e-con e-child\" data-id=\"23a39ddc\" data-element_type=\"container\" data-e-type=\"container\">\n\t\t<div class=\"elementor-element elementor-element-41e5240 e-con-full e-flex e-con e-child\" data-id=\"41e5240\" data-element_type=\"container\" data-e-type=\"container\">\n\t\t\t\t<div class=\"elementor-element elementor-element-b667e3c elementor-widget elementor-widget-heading\" data-id=\"b667e3c\" data-element_type=\"widget\" data-e-type=\"widget\" data-widget_type=\"heading.default\">\n\t\t\t\t\t<h3 class=\"elementor-heading-title elementor-size-default\">Wesentliche Tools <\/h3>\t\t\t\t<\/div>\n\t\t\t\t<div class=\"elementor-element elementor-element-925ef35 elementor-widget elementor-widget-text-editor\" data-id=\"925ef35\" data-element_type=\"widget\" data-e-type=\"widget\" data-widget_type=\"text-editor.default\">\n\t\t\t\t\t\t\t\t\t<p>Sie liefern die Daten, wir stellen unsere ma\u00dfgeschneiderte 3D-Modellierung mit LocLab-Experten zur Verf\u00fcgung, um hochgenaue objektorientierte digitale Zwillinge zu erstellen, die Sie zu Ihrer Asset-Bibliothek hinzuf\u00fcgen und nach Belieben verwenden k\u00f6nnen.\u00a0\u00a0<\/p>\t\t\t\t\t\t\t\t<\/div>\n\t\t\t\t<\/div>\n\t\t<div class=\"elementor-element elementor-element-6afc7d8a e-con-full e-flex e-con e-child\" data-id=\"6afc7d8a\" data-element_type=\"container\" data-e-type=\"container\">\n\t\t\t\t<div class=\"elementor-element elementor-element-f280847 elementor-widget elementor-widget-image\" data-id=\"f280847\" data-element_type=\"widget\" data-e-type=\"widget\" data-widget_type=\"image.default\">\n\t\t\t\t\t\t\t\t\t\t\t\t\t\t\t<img fetchpriority=\"high\" decoding=\"async\" width=\"800\" height=\"547\" src=\"https:\/\/hxdr.com\/wp-content\/uploads\/2023\/10\/Indu_Tech_LOD9_GER2-1024x700.png\" class=\"attachment-large size-large wp-image-7981\" alt=\"\" srcset=\"https:\/\/hxdr.com\/wp-content\/uploads\/2023\/10\/Indu_Tech_LOD9_GER2-1024x700.png 1024w, https:\/\/hxdr.com\/wp-content\/uploads\/2023\/10\/Indu_Tech_LOD9_GER2-300x205.png 300w, https:\/\/hxdr.com\/wp-content\/uploads\/2023\/10\/Indu_Tech_LOD9_GER2-768x525.png 768w, https:\/\/hxdr.com\/wp-content\/uploads\/2023\/10\/Indu_Tech_LOD9_GER2-1536x1050.png 1536w, https:\/\/hxdr.com\/wp-content\/uploads\/2023\/10\/Indu_Tech_LOD9_GER2.png 1920w\" sizes=\"(max-width: 800px) 100vw, 800px\" \/>\t\t\t\t\t\t\t\t\t\t\t\t\t\t\t<\/div>\n\t\t\t\t<\/div>\n\t\t\t\t<\/div>\n\t\t\t\t\t<\/div>\n\t\t\t\t<\/div>\n\t\t<div class=\"elementor-element elementor-element-188d9b6 outerGridContainer e-flex e-con-boxed e-con e-parent\" data-id=\"188d9b6\" data-element_type=\"container\" data-e-type=\"container\">\n\t\t\t\t\t<div class=\"e-con-inner\">\n\t\t<div class=\"elementor-element elementor-element-55c49c2 e-con-full e-flex e-con e-child\" data-id=\"55c49c2\" data-element_type=\"container\" data-e-type=\"container\">\n\t\t<div class=\"elementor-element elementor-element-3b8be0e e-con-full e-flex e-con e-child\" data-id=\"3b8be0e\" data-element_type=\"container\" data-e-type=\"container\">\n\t\t\t\t<div class=\"elementor-element elementor-element-a778979 elementor-widget elementor-widget-heading\" data-id=\"a778979\" data-element_type=\"widget\" data-e-type=\"widget\" data-widget_type=\"heading.default\">\n\t\t\t\t\t<h3 class=\"elementor-heading-title elementor-size-default\">Erstellung und Zusammenarbeit <\/h3>\t\t\t\t<\/div>\n\t\t\t\t<div class=\"elementor-element elementor-element-3648bd5 elementor-widget elementor-widget-text-editor\" data-id=\"3648bd5\" data-element_type=\"widget\" data-e-type=\"widget\" data-widget_type=\"text-editor.default\">\n\t\t\t\t\t\t\t\t\t<p>Erstellung, Pflege und Einsatz digitaler Zwillinge intern sowie mit LocLab und Netzwerkpartnern.\u00a0<\/p>\t\t\t\t\t\t\t\t<\/div>\n\t\t\t\t<\/div>\n\t\t<div class=\"elementor-element elementor-element-3f0db95 e-con-full e-flex e-con e-child\" data-id=\"3f0db95\" data-element_type=\"container\" data-e-type=\"container\">\n\t\t\t\t<div class=\"elementor-element elementor-element-709f3b6 elementor-widget elementor-widget-image\" data-id=\"709f3b6\" data-element_type=\"widget\" data-e-type=\"widget\" data-widget_type=\"image.default\">\n\t\t\t\t\t\t\t\t\t\t\t\t\t\t\t<img decoding=\"async\" width=\"800\" height=\"547\" src=\"https:\/\/hxdr.com\/wp-content\/uploads\/2023\/10\/LocLabCloud6-1024x700.png\" class=\"attachment-large size-large wp-image-8017\" alt=\"\" srcset=\"https:\/\/hxdr.com\/wp-content\/uploads\/2023\/10\/LocLabCloud6-1024x700.png 1024w, https:\/\/hxdr.com\/wp-content\/uploads\/2023\/10\/LocLabCloud6-300x205.png 300w, https:\/\/hxdr.com\/wp-content\/uploads\/2023\/10\/LocLabCloud6-768x525.png 768w, https:\/\/hxdr.com\/wp-content\/uploads\/2023\/10\/LocLabCloud6-1536x1050.png 1536w, https:\/\/hxdr.com\/wp-content\/uploads\/2023\/10\/LocLabCloud6.png 1920w\" sizes=\"(max-width: 800px) 100vw, 800px\" \/>\t\t\t\t\t\t\t\t\t\t\t\t\t\t\t<\/div>\n\t\t\t\t<\/div>\n\t\t\t\t<\/div>\n\t\t\t\t\t<\/div>\n\t\t\t\t<\/div>\n\t\t<div class=\"elementor-element elementor-element-7b3d5ca outerGridContainer e-flex e-con-boxed e-con e-parent\" data-id=\"7b3d5ca\" data-element_type=\"container\" data-e-type=\"container\">\n\t\t\t\t\t<div class=\"e-con-inner\">\n\t\t<div class=\"elementor-element elementor-element-937c5f6 e-con-full e-flex e-con e-child\" data-id=\"937c5f6\" data-element_type=\"container\" data-e-type=\"container\">\n\t\t<div class=\"elementor-element elementor-element-62556d1 e-con-full e-flex e-con e-child\" data-id=\"62556d1\" data-element_type=\"container\" data-e-type=\"container\">\n\t\t\t\t<div class=\"elementor-element elementor-element-11e429c elementor-widget elementor-widget-heading\" data-id=\"11e429c\" data-element_type=\"widget\" data-e-type=\"widget\" data-widget_type=\"heading.default\">\n\t\t\t\t\t<h3 class=\"elementor-heading-title elementor-size-default\">Enterprise-Integration <\/h3>\t\t\t\t<\/div>\n\t\t\t\t<div class=\"elementor-element elementor-element-b401c38 elementor-widget elementor-widget-text-editor\" data-id=\"b401c38\" data-element_type=\"widget\" data-e-type=\"widget\" data-widget_type=\"text-editor.default\">\n\t\t\t\t\t\t\t\t\t<p>Nutzen Sie die Standortintelligenz digitaler Zwillinge \u00fcber Gesch\u00e4ftssysteme und Prozesse hinweg. Dies umfasst alle unsere Services zur Erstellung und Zusammenarbeit.\u00a0\u00a0<\/p>\t\t\t\t\t\t\t\t<\/div>\n\t\t\t\t<\/div>\n\t\t<div class=\"elementor-element elementor-element-2803391 e-con-full e-flex e-con e-child\" data-id=\"2803391\" data-element_type=\"container\" data-e-type=\"container\">\n\t\t\t\t<div class=\"elementor-element elementor-element-29767e0 elementor-widget elementor-widget-image\" data-id=\"29767e0\" data-element_type=\"widget\" data-e-type=\"widget\" data-widget_type=\"image.default\">\n\t\t\t\t\t\t\t\t\t\t\t\t\t\t\t<img loading=\"lazy\" decoding=\"async\" width=\"800\" height=\"547\" src=\"https:\/\/hxdr.com\/wp-content\/uploads\/2023\/10\/FCA_Hannover_CAM_2-1024x700.png\" class=\"attachment-large size-large wp-image-7957\" alt=\"\" srcset=\"https:\/\/hxdr.com\/wp-content\/uploads\/2023\/10\/FCA_Hannover_CAM_2-1024x700.png 1024w, https:\/\/hxdr.com\/wp-content\/uploads\/2023\/10\/FCA_Hannover_CAM_2-300x205.png 300w, https:\/\/hxdr.com\/wp-content\/uploads\/2023\/10\/FCA_Hannover_CAM_2-768x525.png 768w, https:\/\/hxdr.com\/wp-content\/uploads\/2023\/10\/FCA_Hannover_CAM_2-1536x1050.png 1536w, https:\/\/hxdr.com\/wp-content\/uploads\/2023\/10\/FCA_Hannover_CAM_2.png 1920w\" sizes=\"(max-width: 800px) 100vw, 800px\" \/>\t\t\t\t\t\t\t\t\t\t\t\t\t\t\t<\/div>\n\t\t\t\t<\/div>\n\t\t\t\t<\/div>\n\t\t\t\t\t<\/div>\n\t\t\t\t<\/div>\n\t\t<div class=\"elementor-element elementor-element-7634c0bb outerGridContainer e-flex e-con-boxed e-con e-parent\" data-id=\"7634c0bb\" data-element_type=\"container\" data-e-type=\"container\">\n\t\t\t\t\t<div class=\"e-con-inner\">\n\t\t<div class=\"elementor-element elementor-element-458dce5e e-con-full e-flex e-con e-child\" data-id=\"458dce5e\" data-element_type=\"container\" data-e-type=\"container\">\n\t\t<div class=\"elementor-element elementor-element-4218ddd5 e-con-full e-flex e-con e-child\" data-id=\"4218ddd5\" data-element_type=\"container\" data-e-type=\"container\">\n\t\t\t\t<div class=\"elementor-element elementor-element-59100dbe elementor-widget elementor-widget-heading\" data-id=\"59100dbe\" data-element_type=\"widget\" data-e-type=\"widget\" data-widget_type=\"heading.default\">\n\t\t\t\t\t<h3 class=\"elementor-heading-title elementor-size-default\">Dynamisch. Datengest\u00fctzt. Digital Reality.<br \/><span class=\"loclab\">Jetzt mit LocLab starten.<\/span><\/h3>\t\t\t\t<\/div>\n\t\t\t\t<div class=\"elementor-element elementor-element-feb45eb push-right-btn elementor-align-center elementor-widget elementor-widget-button\" data-id=\"feb45eb\" data-element_type=\"widget\" data-e-type=\"widget\" data-widget_type=\"button.default\">\n\t\t\t\t\t\t\t\t\t\t<a class=\"elementor-button elementor-button-link elementor-size-sm\" href=\"\/loclab-cloud\/contact\/\">\n\t\t\t\t\t\t<span class=\"elementor-button-content-wrapper\">\n\t\t\t\t\t\t<span class=\"elementor-button-icon\">\n\t\t\t\t<svg xmlns=\"http:\/\/www.w3.org\/2000\/svg\" width=\"19\" height=\"16\" viewBox=\"0 0 19 16\" fill=\"none\"><path d=\"M9.29362 14.5652L10.6036 15.8652L18.2436 8.22523L10.6036 0.585235L9.29362 1.90523L14.7036 7.28523H0.703613V9.16523H14.7036L9.29362 14.5652Z\" fill=\"white\"><\/path><\/svg>\t\t\t<\/span>\n\t\t\t\t\t\t\t\t\t<span class=\"elementor-button-text\">Kontakt<\/span>\n\t\t\t\t\t<\/span>\n\t\t\t\t\t<\/a>\n\t\t\t\t\t\t\t\t<\/div>\n\t\t\t\t<\/div>\n\t\t\t\t<\/div>\n\t\t\t\t\t<\/div>\n\t\t\t\t<\/div>\n\t\t\t\t<\/div>\n\t\t","protected":false},"excerpt":{"rendered":"<p>LocLab Clouddienste Die Plattform LocLab Cloud bietet eine speziell auf Ihre Gesch\u00e4ftsanforderungen zugeschnittene und skalierbare Suite an Angeboten von LocLab. \u00dcberblick \u00fcber unsere Servicepakete. Wesentliche Tools Sie liefern die Daten, wir stellen unsere ma\u00dfgeschneiderte 3D-Modellierung mit LocLab-Experten zur Verf\u00fcgung, um hochgenaue objektorientierte digitale Zwillinge zu erstellen, die Sie zu Ihrer Asset-Bibliothek hinzuf\u00fcgen und nach Belieben [&hellip;]<\/p>\n","protected":false},"author":7,"featured_media":0,"parent":8942,"menu_order":0,"comment_status":"closed","ping_status":"closed","template":"","meta":{"footnotes":""},"class_list":["post-8940","page","type-page","status-publish","hentry"],"_links":{"self":[{"href":"https:\/\/hxdr.com\/de\/wp-json\/wp\/v2\/pages\/8940","targetHints":{"allow":["GET"]}}],"collection":[{"href":"https:\/\/hxdr.com\/de\/wp-json\/wp\/v2\/pages"}],"about":[{"href":"https:\/\/hxdr.com\/de\/wp-json\/wp\/v2\/types\/page"}],"author":[{"embeddable":true,"href":"https:\/\/hxdr.com\/de\/wp-json\/wp\/v2\/users\/7"}],"replies":[{"embeddable":true,"href":"https:\/\/hxdr.com\/de\/wp-json\/wp\/v2\/comments?post=8940"}],"version-history":[{"count":0,"href":"https:\/\/hxdr.com\/de\/wp-json\/wp\/v2\/pages\/8940\/revisions"}],"up":[{"embeddable":true,"href":"https:\/\/hxdr.com\/de\/wp-json\/wp\/v2\/pages\/8942"}],"wp:attachment":[{"href":"https:\/\/hxdr.com\/de\/wp-json\/wp\/v2\/media?parent=8940"}],"curies":[{"name":"wp","href":"https:\/\/api.w.org\/{rel}","templated":true}]}}