{"id":8910,"date":"2023-05-24T12:54:25","date_gmt":"2023-05-24T17:54:25","guid":{"rendered":"https:\/\/hxdrstage.wpengine.com\/reality-cloud-studio-arbeitsablauf\/"},"modified":"2026-02-17T04:40:53","modified_gmt":"2026-02-17T09:40:53","slug":"reality-cloud-studio-arbeitsablauf","status":"publish","type":"page","link":"https:\/\/hxdr.com\/de\/reality-cloud-studio-arbeitsablauf\/","title":{"rendered":"Reality Cloud Studio Arbeitsablauf"},"content":{"rendered":"\t\t<div data-elementor-type=\"wp-page\" data-elementor-id=\"8910\" class=\"elementor elementor-8910 elementor-3083\" data-elementor-post-type=\"page\">\n\t\t\t\t<div class=\"elementor-element elementor-element-9fd88e9 outerGridContainer e-flex e-con-boxed e-con e-parent\" data-id=\"9fd88e9\" data-element_type=\"container\" data-e-type=\"container\">\n\t\t\t\t\t<div class=\"e-con-inner\">\n\t\t<div class=\"elementor-element elementor-element-0a329f7 e-con-full e-flex e-con e-child\" data-id=\"0a329f7\" data-element_type=\"container\" data-e-type=\"container\">\n\t\t<div class=\"elementor-element elementor-element-2e27657 e-con-full e-flex e-con e-child\" data-id=\"2e27657\" data-element_type=\"container\" data-e-type=\"container\">\n\t\t\t\t<div class=\"elementor-element elementor-element-93068f6 elementor-widget elementor-widget-image\" data-id=\"93068f6\" data-element_type=\"widget\" data-e-type=\"widget\" data-widget_type=\"image.default\">\n\t\t\t\t\t\t\t\t\t\t\t\t\t\t\t<img fetchpriority=\"high\" decoding=\"async\" width=\"1024\" height=\"1024\" src=\"https:\/\/hxdr.com\/wp-content\/uploads\/2023\/05\/Reality-Cloud-Studio-Logo.svg\" class=\"attachment-1536x1536 size-1536x1536 wp-image-6283\" alt=\"\" srcset=\"https:\/\/hxdr.com\/wp-content\/uploads\/\/2023\/05\/Reality-Cloud-Studio-Logo.svg 150w, https:\/\/hxdr.com\/wp-content\/uploads\/\/2023\/05\/Reality-Cloud-Studio-Logo.svg 300w, https:\/\/hxdr.com\/wp-content\/uploads\/\/2023\/05\/Reality-Cloud-Studio-Logo.svg 1024w\" sizes=\"(max-width: 1024px) 100vw, 1024px\" \/>\t\t\t\t\t\t\t\t\t\t\t\t\t\t\t<\/div>\n\t\t\t\t<div class=\"elementor-element elementor-element-2c22572 elementor-widget elementor-widget-heading\" data-id=\"2c22572\" data-element_type=\"widget\" data-e-type=\"widget\" data-widget_type=\"heading.default\">\n\t\t\t\t\t<h1 class=\"elementor-heading-title elementor-size-default\">Arbeitsablauf<\/h1>\t\t\t\t<\/div>\n\t\t\t\t<div class=\"elementor-element elementor-element-f9c7bc8 elementor-widget elementor-widget-heading\" data-id=\"f9c7bc8\" data-element_type=\"widget\" data-e-type=\"widget\" data-widget_type=\"heading.default\">\n\t\t\t\t\t<h3 class=\"elementor-heading-title elementor-size-default\">Digitale Realit\u00e4t. Optimiert.<\/h3>\t\t\t\t<\/div>\n\t\t\t\t<div class=\"elementor-element elementor-element-a91a36f elementor-widget elementor-widget-heading\" data-id=\"a91a36f\" data-element_type=\"widget\" data-e-type=\"widget\" data-widget_type=\"heading.default\">\n\t\t\t\t\t<h5 class=\"elementor-heading-title elementor-size-default\">Nahtlose Cloud-basierte Reality Capture Software-Workflows<\/h5>\t\t\t\t<\/div>\n\t\t\t\t<\/div>\n\t\t\t\t<\/div>\n\t\t\t\t\t<\/div>\n\t\t\t\t<\/div>\n\t\t<div class=\"elementor-element elementor-element-28f50d5 outerGridContainer e-flex e-con-boxed e-con e-parent\" data-id=\"28f50d5\" data-element_type=\"container\" data-e-type=\"container\">\n\t\t\t\t\t<div class=\"e-con-inner\">\n\t\t<div class=\"elementor-element elementor-element-518f24d4 e-con-full e-flex e-con e-child\" data-id=\"518f24d4\" data-element_type=\"container\" data-e-type=\"container\">\n\t\t<div class=\"elementor-element elementor-element-79e1c906 e-con-full e-flex e-con e-child\" data-id=\"79e1c906\" data-element_type=\"container\" data-e-type=\"container\">\n\t\t\t\t<div class=\"elementor-element elementor-element-1b661e9 elementor-widget elementor-widget-heading\" data-id=\"1b661e9\" data-element_type=\"widget\" data-e-type=\"widget\" data-widget_type=\"heading.default\">\n\t\t\t\t\t<h2 class=\"elementor-heading-title elementor-size-default\">Vollst\u00e4ndiger End-to-End-Workflow in der Cloud.<\/h2>\t\t\t\t<\/div>\n\t\t\t\t<\/div>\n\t\t\t\t<\/div>\n\t\t\t\t\t<\/div>\n\t\t\t\t<\/div>\n\t\t<div class=\"elementor-element elementor-element-6a6297f9 outerGridContainer e-flex e-con-boxed e-con e-parent\" data-id=\"6a6297f9\" data-element_type=\"container\" data-e-type=\"container\">\n\t\t\t\t\t<div class=\"e-con-inner\">\n\t\t<div class=\"elementor-element elementor-element-2b5a4c66 e-con-full e-flex e-con e-child\" data-id=\"2b5a4c66\" data-element_type=\"container\" data-e-type=\"container\">\n\t\t<div class=\"elementor-element elementor-element-786cddcb e-con-full e-flex e-con e-child\" data-id=\"786cddcb\" data-element_type=\"container\" data-e-type=\"container\" data-settings=\"{&quot;background_background&quot;:&quot;classic&quot;}\">\n\t\t\t\t<div class=\"elementor-element elementor-element-44dc91da elementor-widget elementor-widget-heading\" data-id=\"44dc91da\" data-element_type=\"widget\" data-e-type=\"widget\" data-widget_type=\"heading.default\">\n\t\t\t\t\t<h2 class=\"elementor-heading-title elementor-size-default\">Feld zu Cloud<\/h2>\t\t\t\t<\/div>\n\t\t\t\t<div class=\"elementor-element elementor-element-2e69c610 elementor-widget elementor-widget-heading\" data-id=\"2e69c610\" data-element_type=\"widget\" data-e-type=\"widget\" data-widget_type=\"heading.default\">\n\t\t\t\t\t<h5 class=\"elementor-heading-title elementor-size-default\">Reality Cloud Studio ist f\u00fcr einen vollst\u00e4ndigen, durchg\u00e4ngigen Hardware-\/Software-Workflow f\u00fcr kompatible Leica BLK-Sensoren optimiert.\n<\/h5>\t\t\t\t<\/div>\n\t\t\t\t<div class=\"elementor-element elementor-element-a6ed0d5 elementor-widget elementor-widget-image\" data-id=\"a6ed0d5\" data-element_type=\"widget\" data-e-type=\"widget\" data-widget_type=\"image.default\">\n\t\t\t\t\t\t\t\t\t\t\t\t\t\t\t<img decoding=\"async\" width=\"800\" height=\"800\" src=\"https:\/\/hxdr.com\/wp-content\/uploads\/2023\/06\/4-BLK-Devices.svg\" class=\"attachment-large size-large wp-image-7549\" alt=\"\" srcset=\"https:\/\/hxdr.com\/wp-content\/uploads\/\/2023\/06\/4-BLK-Devices.svg 150w, https:\/\/hxdr.com\/wp-content\/uploads\/\/2023\/06\/4-BLK-Devices.svg 300w, https:\/\/hxdr.com\/wp-content\/uploads\/\/2023\/06\/4-BLK-Devices.svg 1024w\" sizes=\"(max-width: 800px) 100vw, 800px\" \/>\t\t\t\t\t\t\t\t\t\t\t\t\t\t\t<\/div>\n\t\t\t\t<div class=\"elementor-element elementor-element-f00ac6a elementor-widget elementor-widget-heading\" data-id=\"f00ac6a\" data-element_type=\"widget\" data-e-type=\"widget\" data-widget_type=\"heading.default\">\n\t\t\t\t\t<h5 class=\"elementor-heading-title elementor-size-default\">Dr\u00fccken Sie in BLK Live Apps oder in Cyclone FIELD 360 einfach auf die Schaltfl\u00e4che \u201eHochladen\u201c und Ihr Datensatz wird automatisch hochgeladen, bereit f\u00fcr automatische Registrierung, automatische Vernetzung und anschauliche Visualisierung.<\/h5>\t\t\t\t<\/div>\n\t\t\t\t<div class=\"elementor-element elementor-element-f574d3c elementor-widget elementor-widget-image\" data-id=\"f574d3c\" data-element_type=\"widget\" data-e-type=\"widget\" data-widget_type=\"image.default\">\n\t\t\t\t\t\t\t\t\t\t\t\t\t\t\t<img decoding=\"async\" width=\"434\" height=\"446\" src=\"https:\/\/hxdr.com\/wp-content\/uploads\/2023\/06\/FieldtoCloud-Group.png\" class=\"attachment-large size-large wp-image-7537\" alt=\"\" srcset=\"https:\/\/hxdr.com\/wp-content\/uploads\/2023\/06\/FieldtoCloud-Group.png 434w, https:\/\/hxdr.com\/wp-content\/uploads\/2023\/06\/FieldtoCloud-Group-292x300.png 292w\" sizes=\"(max-width: 434px) 100vw, 434px\" \/>\t\t\t\t\t\t\t\t\t\t\t\t\t\t\t<\/div>\n\t\t\t\t<\/div>\n\t\t\t\t<\/div>\n\t\t\t\t\t<\/div>\n\t\t\t\t<\/div>\n\t\t<div class=\"elementor-element elementor-element-3f9f4b5f outerGridContainer e-flex e-con-boxed e-con e-parent\" data-id=\"3f9f4b5f\" data-element_type=\"container\" data-e-type=\"container\" data-settings=\"{&quot;background_background&quot;:&quot;classic&quot;}\">\n\t\t\t\t\t<div class=\"e-con-inner\">\n\t\t<div class=\"elementor-element elementor-element-b930be1 e-con-full e-flex e-con e-child\" data-id=\"b930be1\" data-element_type=\"container\" data-e-type=\"container\">\n\t\t<div class=\"elementor-element elementor-element-93c1a9d e-con-full e-flex e-con e-child\" data-id=\"93c1a9d\" data-element_type=\"container\" data-e-type=\"container\">\n\t\t\t\t<div class=\"elementor-element elementor-element-d31448b elementor-widget elementor-widget-heading\" data-id=\"d31448b\" data-element_type=\"widget\" data-e-type=\"widget\" data-widget_type=\"heading.default\">\n\t\t\t\t\t<h2 class=\"elementor-heading-title elementor-size-default\">Desktop in die Cloud<\/h2>\t\t\t\t<\/div>\n\t\t\t\t<div class=\"elementor-element elementor-element-129cebf elementor-widget__width-initial elementor-widget elementor-widget-text-editor\" data-id=\"129cebf\" data-element_type=\"widget\" data-e-type=\"widget\" data-widget_type=\"text-editor.default\">\n\t\t\t\t\t\t\t\t\t<p>Ziehen und Ablegen. Verarbeiten Sie Daten \u00fcber Cyclone REGISTER 360 PLUS und laden Sie sie in mehreren Standardformaten auf Reality Cloud Studio hoch.<\/p>\t\t\t\t\t\t\t\t<\/div>\n\t\t\t\t<\/div>\n\t\t<div class=\"elementor-element elementor-element-60d9b4aa e-con-full e-flex e-con e-child\" data-id=\"60d9b4aa\" data-element_type=\"container\" data-e-type=\"container\">\n\t\t\t\t<div class=\"elementor-element elementor-element-46d4532 elementor-widget elementor-widget-image\" data-id=\"46d4532\" data-element_type=\"widget\" data-e-type=\"widget\" data-settings=\"{&quot;motion_fx_motion_fx_scrolling&quot;:&quot;yes&quot;,&quot;motion_fx_translateY_effect&quot;:&quot;yes&quot;,&quot;motion_fx_translateY_speed&quot;:{&quot;unit&quot;:&quot;px&quot;,&quot;size&quot;:1,&quot;sizes&quot;:[]},&quot;motion_fx_devices&quot;:[&quot;desktop&quot;],&quot;motion_fx_translateY_affectedRange&quot;:{&quot;unit&quot;:&quot;%&quot;,&quot;size&quot;:&quot;&quot;,&quot;sizes&quot;:{&quot;start&quot;:0,&quot;end&quot;:100}}}\" data-widget_type=\"image.default\">\n\t\t\t\t\t\t\t\t\t\t\t\t\t\t\t<img loading=\"lazy\" decoding=\"async\" width=\"2560\" height=\"2001\" src=\"https:\/\/hxdr.com\/wp-content\/uploads\/2023\/06\/reg360-2.png\" class=\"attachment-full size-full wp-image-7531\" alt=\"\" srcset=\"https:\/\/hxdr.com\/wp-content\/uploads\/2023\/06\/reg360-2.png 2560w, https:\/\/hxdr.com\/wp-content\/uploads\/2023\/06\/reg360-2-300x234.png 300w, https:\/\/hxdr.com\/wp-content\/uploads\/2023\/06\/reg360-2-1024x800.png 1024w, https:\/\/hxdr.com\/wp-content\/uploads\/2023\/06\/reg360-2-768x600.png 768w, https:\/\/hxdr.com\/wp-content\/uploads\/2023\/06\/reg360-2-1536x1201.png 1536w, https:\/\/hxdr.com\/wp-content\/uploads\/2023\/06\/reg360-2-2048x1601.png 2048w\" sizes=\"(max-width: 2560px) 100vw, 2560px\" \/>\t\t\t\t\t\t\t\t\t\t\t\t\t\t\t<\/div>\n\t\t\t\t<\/div>\n\t\t\t\t<\/div>\n\t\t\t\t\t<\/div>\n\t\t\t\t<\/div>\n\t\t<div class=\"elementor-element elementor-element-431c3a83 outerGridContainer e-flex e-con-boxed e-con e-parent\" data-id=\"431c3a83\" data-element_type=\"container\" data-e-type=\"container\">\n\t\t\t\t\t<div class=\"e-con-inner\">\n\t\t<div class=\"elementor-element elementor-element-cb2f750 e-con-full e-flex e-con e-child\" data-id=\"cb2f750\" data-element_type=\"container\" data-e-type=\"container\">\n\t\t<div class=\"elementor-element elementor-element-7e3abb31 e-con-full e-flex e-con e-child\" data-id=\"7e3abb31\" data-element_type=\"container\" data-e-type=\"container\">\n\t\t\t\t<div class=\"elementor-element elementor-element-0e55eef elementor-widget elementor-widget-heading\" data-id=\"0e55eef\" data-element_type=\"widget\" data-e-type=\"widget\" data-widget_type=\"heading.default\">\n\t\t\t\t\t<h2 class=\"elementor-heading-title elementor-size-default\">Von der Cloud zum Desktop<\/h2>\t\t\t\t<\/div>\n\t\t\t\t<div class=\"elementor-element elementor-element-cf252da elementor-widget__width-initial elementor-widget elementor-widget-text-editor\" data-id=\"cf252da\" data-element_type=\"widget\" data-e-type=\"widget\" data-widget_type=\"text-editor.default\">\n\t\t\t\t\t\t\t\t\t<p>Reality Cloud Studio bietet einen Roundtrip-Workflow von der Cloud in die Desktop-Software, um Punktwolken zur Analyse an Cyclone 3DR zu streamen.<\/p>\t\t\t\t\t\t\t\t<\/div>\n\t\t\t\t<div class=\"elementor-element elementor-element-287033d elementor-widget elementor-widget-image\" data-id=\"287033d\" data-element_type=\"widget\" data-e-type=\"widget\" data-widget_type=\"image.default\">\n\t\t\t\t\t\t\t\t\t\t\t\t\t\t\t<img loading=\"lazy\" decoding=\"async\" width=\"491\" height=\"141\" src=\"https:\/\/hxdr.com\/wp-content\/uploads\/2023\/06\/3dr-stream.svg\" class=\"attachment-full size-full wp-image-7555\" alt=\"\" \/>\t\t\t\t\t\t\t\t\t\t\t\t\t\t\t<\/div>\n\t\t\t\t<\/div>\n\t\t\t\t<\/div>\n\t\t\t\t\t<\/div>\n\t\t\t\t<\/div>\n\t\t<div class=\"elementor-element elementor-element-2d996868 outerGridContainer elementor-hidden-mobile e-flex e-con-boxed e-con e-parent\" data-id=\"2d996868\" data-element_type=\"container\" data-e-type=\"container\">\n\t\t\t\t\t<div class=\"e-con-inner\">\n\t\t<div class=\"elementor-element elementor-element-4864743d e-con-full e-flex e-con e-child\" data-id=\"4864743d\" data-element_type=\"container\" data-e-type=\"container\">\n\t\t<div class=\"elementor-element elementor-element-4cc03856 e-con-full e-flex e-con e-child\" data-id=\"4cc03856\" data-element_type=\"container\" data-e-type=\"container\" data-settings=\"{&quot;background_background&quot;:&quot;classic&quot;}\">\n\t\t\t\t<div class=\"elementor-element elementor-element-466f18e7 elementor-widget elementor-widget-heading\" data-id=\"466f18e7\" data-element_type=\"widget\" data-e-type=\"widget\" data-widget_type=\"heading.default\">\n\t\t\t\t\t<h2 class=\"elementor-heading-title elementor-size-default\">Cloud zu liefern<\/h2>\t\t\t\t<\/div>\n\t\t\t\t<div class=\"elementor-element elementor-element-1820bc66 elementor-widget__width-initial elementor-widget elementor-widget-heading\" data-id=\"1820bc66\" data-element_type=\"widget\" data-e-type=\"widget\" data-widget_type=\"heading.default\">\n\t\t\t\t\t<h5 class=\"elementor-heading-title elementor-size-default\">Exportieren Sie Daten von Reality Cloud Studio in Standardformaten. Importieren Sie die Daten in die Desktop-Software Ihrer Wahl zur Erstellung von Deliverables.<\/h5>\t\t\t\t<\/div>\n\t\t\t\t<\/div>\n\t\t\t\t<\/div>\n\t\t\t\t\t<\/div>\n\t\t\t\t<\/div>\n\t\t<div class=\"elementor-element elementor-element-7c492763 outerGridContainer elementor-hidden-desktop elementor-hidden-tablet e-flex e-con-boxed e-con e-parent\" data-id=\"7c492763\" data-element_type=\"container\" data-e-type=\"container\">\n\t\t\t\t\t<div class=\"e-con-inner\">\n\t\t<div class=\"elementor-element elementor-element-48b217e8 e-con-full e-flex e-con e-child\" data-id=\"48b217e8\" data-element_type=\"container\" data-e-type=\"container\">\n\t\t<div class=\"elementor-element elementor-element-4d883881 e-con-full e-flex e-con e-child\" data-id=\"4d883881\" data-element_type=\"container\" data-e-type=\"container\">\n\t\t\t\t<div class=\"elementor-element elementor-element-9a6ef6c elementor-widget elementor-widget-heading\" data-id=\"9a6ef6c\" data-element_type=\"widget\" data-e-type=\"widget\" data-widget_type=\"heading.default\">\n\t\t\t\t\t<h2 class=\"elementor-heading-title elementor-size-default\">Cloud to Deliverable<\/h2>\t\t\t\t<\/div>\n\t\t\t\t<div class=\"elementor-element elementor-element-e3d4a2f elementor-widget__width-initial elementor-widget elementor-widget-heading\" data-id=\"e3d4a2f\" data-element_type=\"widget\" data-e-type=\"widget\" data-widget_type=\"heading.default\">\n\t\t\t\t\t<h5 class=\"elementor-heading-title elementor-size-default\">Export data from Reality Cloud Studio in standard formats. Import data into your deliverable creation desktop software of choice.<\/h5>\t\t\t\t<\/div>\n\t\t\t\t<\/div>\n\t\t\t\t<\/div>\n\t\t<div class=\"elementor-element elementor-element-d5af8b5 e-con-full e-flex e-con e-child\" data-id=\"d5af8b5\" data-element_type=\"container\" data-e-type=\"container\">\n\t\t<div class=\"elementor-element elementor-element-0dead48 e-con-full e-flex e-con e-child\" data-id=\"0dead48\" data-element_type=\"container\" data-e-type=\"container\">\n\t\t\t\t<div class=\"elementor-element elementor-element-0729d5f elementor-widget elementor-widget-image\" data-id=\"0729d5f\" data-element_type=\"widget\" data-e-type=\"widget\" data-widget_type=\"image.default\">\n\t\t\t\t\t\t\t\t\t\t\t\t\t\t\t<img loading=\"lazy\" decoding=\"async\" width=\"800\" height=\"450\" src=\"https:\/\/hxdr.com\/wp-content\/uploads\/2023\/06\/arch_closeup_outer_perim-1024x576.png\" class=\"attachment-large size-large wp-image-7543\" alt=\"\" srcset=\"https:\/\/hxdr.com\/wp-content\/uploads\/2023\/06\/arch_closeup_outer_perim-1024x576.png 1024w, https:\/\/hxdr.com\/wp-content\/uploads\/2023\/06\/arch_closeup_outer_perim-300x169.png 300w, https:\/\/hxdr.com\/wp-content\/uploads\/2023\/06\/arch_closeup_outer_perim-768x432.png 768w, https:\/\/hxdr.com\/wp-content\/uploads\/2023\/06\/arch_closeup_outer_perim-1536x864.png 1536w, https:\/\/hxdr.com\/wp-content\/uploads\/2023\/06\/arch_closeup_outer_perim-2048x1152.png 2048w\" sizes=\"(max-width: 800px) 100vw, 800px\" \/>\t\t\t\t\t\t\t\t\t\t\t\t\t\t\t<\/div>\n\t\t\t\t<\/div>\n\t\t\t\t<\/div>\n\t\t\t\t\t<\/div>\n\t\t\t\t<\/div>\n\t\t<div class=\"elementor-element elementor-element-3f60e09 outerGridContainer e-flex e-con-boxed e-con e-parent\" data-id=\"3f60e09\" data-element_type=\"container\" data-e-type=\"container\">\n\t\t\t\t\t<div class=\"e-con-inner\">\n\t\t<div class=\"elementor-element elementor-element-c14b856 e-con-full e-flex e-con e-child\" data-id=\"c14b856\" data-element_type=\"container\" data-e-type=\"container\">\n\t\t<div class=\"elementor-element elementor-element-888446e e-con-full e-flex e-con e-child\" data-id=\"888446e\" data-element_type=\"container\" data-e-type=\"container\">\n\t\t\t\t<div class=\"elementor-element elementor-element-ed0a6b4 elementor-widget elementor-widget-heading\" data-id=\"ed0a6b4\" data-element_type=\"widget\" data-e-type=\"widget\" data-widget_type=\"heading.default\">\n\t\t\t\t\t<h2 class=\"elementor-heading-title elementor-size-default\">Erschlie\u00dfen Sie die Macht von Reality Cloud Studio.<\/h2>\t\t\t\t<\/div>\n\t\t\t\t<div class=\"elementor-element elementor-element-7713542 push-right-btn elementor-align-center elementor-widget elementor-widget-button\" data-id=\"7713542\" data-element_type=\"widget\" data-e-type=\"widget\" data-widget_type=\"button.default\">\n\t\t\t\t\t\t\t\t\t\t<a class=\"elementor-button elementor-button-link elementor-size-sm\" href=\"\/contact-sales\/\">\n\t\t\t\t\t\t<span class=\"elementor-button-content-wrapper\">\n\t\t\t\t\t\t<span class=\"elementor-button-icon\">\n\t\t\t\t<svg xmlns=\"http:\/\/www.w3.org\/2000\/svg\" width=\"19\" height=\"16\" viewBox=\"0 0 19 16\" fill=\"none\"><path d=\"M9.29362 14.5652L10.6036 15.8652L18.2436 8.22523L10.6036 0.585235L9.29362 1.90523L14.7036 7.28523H0.703613V9.16523H14.7036L9.29362 14.5652Z\" fill=\"white\"><\/path><\/svg>\t\t\t<\/span>\n\t\t\t\t\t\t\t\t\t<span class=\"elementor-button-text\">Sprechen Sie mit einem Experten<\/span>\n\t\t\t\t\t<\/span>\n\t\t\t\t\t<\/a>\n\t\t\t\t\t\t\t\t<\/div>\n\t\t\t\t<\/div>\n\t\t\t\t<\/div>\n\t\t\t\t\t<\/div>\n\t\t\t\t<\/div>\n\t\t\t\t<\/div>\n\t\t","protected":false},"excerpt":{"rendered":"<p>Arbeitsablauf Digitale Realit\u00e4t. Optimiert. Nahtlose Cloud-basierte Reality Capture Software-Workflows Vollst\u00e4ndiger End-to-End-Workflow in der Cloud. Feld zu Cloud Reality Cloud Studio ist f\u00fcr einen vollst\u00e4ndigen, durchg\u00e4ngigen Hardware-\/Software-Workflow f\u00fcr kompatible Leica BLK-Sensoren optimiert. Dr\u00fccken Sie in BLK Live Apps oder in Cyclone FIELD 360 einfach auf die Schaltfl\u00e4che \u201eHochladen\u201c und Ihr Datensatz wird automatisch hochgeladen, bereit f\u00fcr [&hellip;]<\/p>\n","protected":false},"author":7,"featured_media":7693,"parent":8918,"menu_order":0,"comment_status":"closed","ping_status":"closed","template":"","meta":{"footnotes":""},"class_list":["post-8910","page","type-page","status-publish","has-post-thumbnail","hentry"],"_links":{"self":[{"href":"https:\/\/hxdr.com\/de\/wp-json\/wp\/v2\/pages\/8910","targetHints":{"allow":["GET"]}}],"collection":[{"href":"https:\/\/hxdr.com\/de\/wp-json\/wp\/v2\/pages"}],"about":[{"href":"https:\/\/hxdr.com\/de\/wp-json\/wp\/v2\/types\/page"}],"author":[{"embeddable":true,"href":"https:\/\/hxdr.com\/de\/wp-json\/wp\/v2\/users\/7"}],"replies":[{"embeddable":true,"href":"https:\/\/hxdr.com\/de\/wp-json\/wp\/v2\/comments?post=8910"}],"version-history":[{"count":0,"href":"https:\/\/hxdr.com\/de\/wp-json\/wp\/v2\/pages\/8910\/revisions"}],"up":[{"embeddable":true,"href":"https:\/\/hxdr.com\/de\/wp-json\/wp\/v2\/pages\/8918"}],"wp:featuredmedia":[{"embeddable":true,"href":"https:\/\/hxdr.com\/de\/wp-json\/wp\/v2\/media\/7693"}],"wp:attachment":[{"href":"https:\/\/hxdr.com\/de\/wp-json\/wp\/v2\/media?parent=8910"}],"curies":[{"name":"wp","href":"https:\/\/api.w.org\/{rel}","templated":true}]}}