{"id":8905,"date":"2024-05-08T08:49:02","date_gmt":"2024-05-08T13:49:02","guid":{"rendered":"https:\/\/hxdrstage.wpengine.com\/reality-cloud-studio-datensaetze-formular\/"},"modified":"2026-02-17T05:28:17","modified_gmt":"2026-02-17T10:28:17","slug":"reality-cloud-studio-datensaetze-formular","status":"publish","type":"page","link":"https:\/\/hxdr.com\/de\/reality-cloud-studio-datensaetze-formular\/","title":{"rendered":"Reality Cloud Studio Datens\u00e4tze &#8211; Formular"},"content":{"rendered":"\t\t<div data-elementor-type=\"wp-page\" data-elementor-id=\"8905\" class=\"elementor elementor-8905 elementor-3753\" data-elementor-post-type=\"page\">\n\t\t\t\t<div class=\"elementor-element elementor-element-e74be09 outerGridContainer e-flex e-con-boxed e-con e-parent\" data-id=\"e74be09\" data-element_type=\"container\" data-e-type=\"container\">\n\t\t\t\t\t<div class=\"e-con-inner\">\n\t\t<div class=\"elementor-element elementor-element-ad2ce06 e-con-full e-flex e-con e-child\" data-id=\"ad2ce06\" data-element_type=\"container\" data-e-type=\"container\">\n\t\t<div class=\"elementor-element elementor-element-7786605 e-con-full e-flex e-con e-child\" data-id=\"7786605\" data-element_type=\"container\" data-e-type=\"container\">\n\t\t\t\t<div class=\"elementor-element elementor-element-aa3ab5e elementor-widget elementor-widget-image\" data-id=\"aa3ab5e\" data-element_type=\"widget\" data-e-type=\"widget\" data-widget_type=\"image.default\">\n\t\t\t\t\t\t\t\t\t\t\t\t\t\t\t<img fetchpriority=\"high\" decoding=\"async\" width=\"800\" height=\"800\" src=\"https:\/\/hxdr.com\/wp-content\/uploads\/2023\/05\/Reality-Cloud-Studio-Logo.svg\" class=\"attachment-large size-large wp-image-6283\" alt=\"\" srcset=\"https:\/\/hxdr.com\/wp-content\/uploads\/\/2023\/05\/Reality-Cloud-Studio-Logo.svg 150w, https:\/\/hxdr.com\/wp-content\/uploads\/\/2023\/05\/Reality-Cloud-Studio-Logo.svg 300w, https:\/\/hxdr.com\/wp-content\/uploads\/\/2023\/05\/Reality-Cloud-Studio-Logo.svg 1024w\" sizes=\"(max-width: 800px) 100vw, 800px\" \/>\t\t\t\t\t\t\t\t\t\t\t\t\t\t\t<\/div>\n\t\t\t\t<div class=\"elementor-element elementor-element-36eea3d elementor-widget elementor-widget-heading\" data-id=\"36eea3d\" data-element_type=\"widget\" data-e-type=\"widget\" data-widget_type=\"heading.default\">\n\t\t\t\t\t<h1 class=\"elementor-heading-title elementor-size-default\">Reality Cloud Studio - Datens\u00e4tze<\/h1>\t\t\t\t<\/div>\n\t\t\t\t<\/div>\n\t\t\t\t<\/div>\n\t\t\t\t\t<\/div>\n\t\t\t\t<\/div>\n\t\t<div class=\"elementor-element elementor-element-134a863d outerGridContainer e-flex e-con-boxed e-con e-parent\" data-id=\"134a863d\" data-element_type=\"container\" data-e-type=\"container\" data-settings=\"{&quot;background_background&quot;:&quot;classic&quot;}\">\n\t\t\t\t\t<div class=\"e-con-inner\">\n\t\t<div class=\"elementor-element elementor-element-24364d5a e-con-full e-flex e-con e-child\" data-id=\"24364d5a\" data-element_type=\"container\" data-e-type=\"container\">\n\t\t<div class=\"elementor-element elementor-element-2bbc3471 e-con-full e-flex e-con e-child\" data-id=\"2bbc3471\" data-element_type=\"container\" data-e-type=\"container\">\n\t\t\t\t<div class=\"elementor-element elementor-element-7b7a640 elementor-widget elementor-widget-heading\" data-id=\"7b7a640\" data-element_type=\"widget\" data-e-type=\"widget\" data-widget_type=\"heading.default\">\n\t\t\t\t\t<h3 class=\"elementor-heading-title elementor-size-default\">F\u00fcllen Sie das untenstehende Formular aus, um auf die Datens\u00e4tze von Reality Cloud Studio zuzugreifen.<\/h3>\t\t\t\t<\/div>\n\t\t\t\t<div class=\"elementor-element elementor-element-4ac59a7 elementor-widget elementor-widget-html\" data-id=\"4ac59a7\" data-element_type=\"widget\" data-e-type=\"widget\" data-widget_type=\"html.default\">\n\t\t\t\t\t<iframe src=\"https:\/\/marketing.hxdr.com\/l\/665443\/2024-05-22\/7tpzcy\" width=\"100%\" height=\"850\" type=\"text\/html\" frameborder=\"0\" allowTransparency=\"true\" style=\"border: 0\" scrolling=\"no\"><\/iframe>\t\t\t\t<\/div>\n\t\t\t\t<\/div>\n\t\t\t\t<\/div>\n\t\t\t\t\t<\/div>\n\t\t\t\t<\/div>\n\t\t\t\t<\/div>\n\t\t","protected":false},"excerpt":{"rendered":"<p>Reality Cloud Studio &#8211; Datens\u00e4tze F\u00fcllen Sie das untenstehende Formular aus, um auf die Datens\u00e4tze von Reality Cloud Studio zuzugreifen.<\/p>\n","protected":false},"author":7,"featured_media":5899,"parent":8918,"menu_order":0,"comment_status":"closed","ping_status":"closed","template":"elementor_header_footer","meta":{"footnotes":""},"class_list":["post-8905","page","type-page","status-publish","has-post-thumbnail","hentry"],"_links":{"self":[{"href":"https:\/\/hxdr.com\/de\/wp-json\/wp\/v2\/pages\/8905","targetHints":{"allow":["GET"]}}],"collection":[{"href":"https:\/\/hxdr.com\/de\/wp-json\/wp\/v2\/pages"}],"about":[{"href":"https:\/\/hxdr.com\/de\/wp-json\/wp\/v2\/types\/page"}],"author":[{"embeddable":true,"href":"https:\/\/hxdr.com\/de\/wp-json\/wp\/v2\/users\/7"}],"replies":[{"embeddable":true,"href":"https:\/\/hxdr.com\/de\/wp-json\/wp\/v2\/comments?post=8905"}],"version-history":[{"count":0,"href":"https:\/\/hxdr.com\/de\/wp-json\/wp\/v2\/pages\/8905\/revisions"}],"up":[{"embeddable":true,"href":"https:\/\/hxdr.com\/de\/wp-json\/wp\/v2\/pages\/8918"}],"wp:featuredmedia":[{"embeddable":true,"href":"https:\/\/hxdr.com\/de\/wp-json\/wp\/v2\/media\/5899"}],"wp:attachment":[{"href":"https:\/\/hxdr.com\/de\/wp-json\/wp\/v2\/media?parent=8905"}],"curies":[{"name":"wp","href":"https:\/\/api.w.org\/{rel}","templated":true}]}}