{"id":10321,"date":"2025-07-09T08:27:30","date_gmt":"2025-07-09T13:27:30","guid":{"rendered":"https:\/\/hxdrstage.wpengine.com\/reality-cloud-studio\/kostenlose-demo-reality-cloud-studio\/"},"modified":"2026-02-17T05:20:14","modified_gmt":"2026-02-17T10:20:14","slug":"kostenlose-demo-reality-cloud-studio","status":"publish","type":"page","link":"https:\/\/hxdr.com\/de\/reality-cloud-studio\/kostenlose-demo-reality-cloud-studio\/","title":{"rendered":"Kostenlose Demo &#8211;  Reality Cloud Studio"},"content":{"rendered":"\t\t<div data-elementor-type=\"wp-page\" data-elementor-id=\"10321\" class=\"elementor elementor-10321 elementor-9318\" data-elementor-post-type=\"page\">\n\t\t\t\t<div class=\"elementor-element elementor-element-252a094a outerGridContainer e-flex e-con-boxed e-con e-parent\" data-id=\"252a094a\" data-element_type=\"container\" data-e-type=\"container\">\n\t\t\t\t\t<div class=\"e-con-inner\">\n\t\t<div class=\"elementor-element elementor-element-1cee8cdb e-con-full e-flex e-con e-child\" data-id=\"1cee8cdb\" data-element_type=\"container\" data-e-type=\"container\">\n\t\t<div class=\"elementor-element elementor-element-72bbedb9 e-con-full e-flex e-con e-child\" data-id=\"72bbedb9\" data-element_type=\"container\" data-e-type=\"container\" data-settings=\"{&quot;background_background&quot;:&quot;classic&quot;}\">\n\t\t\t\t<div class=\"elementor-element elementor-element-919a0fe elementor-widget elementor-widget-image\" data-id=\"919a0fe\" data-element_type=\"widget\" data-e-type=\"widget\" data-widget_type=\"image.default\">\n\t\t\t\t\t\t\t\t\t\t\t\t\t\t\t<img fetchpriority=\"high\" decoding=\"async\" width=\"1646\" height=\"990\" src=\"https:\/\/hxdr.com\/wp-content\/uploads\/2023\/05\/Reality-Cloud-Studio-Logo-White.svg\" class=\"attachment-full size-full wp-image-6277\" alt=\"\" \/>\t\t\t\t\t\t\t\t\t\t\t\t\t\t\t<\/div>\n\t\t\t\t<div class=\"elementor-element elementor-element-70604cda elementor-widget elementor-widget-heading\" data-id=\"70604cda\" data-element_type=\"widget\" data-e-type=\"widget\" data-widget_type=\"heading.default\">\n\t\t\t\t\t<h2 class=\"elementor-heading-title elementor-size-default\">Kostenlose Demo zu HxDR Reality Cloud Studio<\/h2>\t\t\t\t<\/div>\n\t\t\t\t<\/div>\n\t\t\t\t<\/div>\n\t\t\t\t\t<\/div>\n\t\t\t\t<\/div>\n\t\t<div class=\"elementor-element elementor-element-2db58ff7 outerGridContainer e-flex e-con-boxed e-con e-parent\" data-id=\"2db58ff7\" data-element_type=\"container\" data-e-type=\"container\">\n\t\t\t\t\t<div class=\"e-con-inner\">\n\t\t<div class=\"elementor-element elementor-element-b4baa80 e-con-full e-flex e-con e-child\" data-id=\"b4baa80\" data-element_type=\"container\" data-e-type=\"container\">\n\t\t<div class=\"elementor-element elementor-element-34fc6dc0 e-con-full e-flex e-con e-child\" data-id=\"34fc6dc0\" data-element_type=\"container\" data-e-type=\"container\">\n\t\t\t\t<div class=\"elementor-element elementor-element-ef208cd elementor-widget elementor-widget-heading\" data-id=\"ef208cd\" data-element_type=\"widget\" data-e-type=\"widget\" data-widget_type=\"heading.default\">\n\t\t\t\t\t<h3 class=\"elementor-heading-title elementor-size-default\">Die effiziente Verwaltung von Digital Reality-Workflows\u00b0\u2013 von der Erfassung bis zum Austausch von Daten. <\/h3>\t\t\t\t<\/div>\n\t\t<div class=\"elementor-element elementor-element-d9bbcdc e-con-full e-flex e-con e-child\" data-id=\"d9bbcdc\" data-element_type=\"container\" data-e-type=\"container\">\n\t\t\t\t<div class=\"elementor-element elementor-element-f887ff1 elementor-widget__width-auto elementor-widget-tablet__width-auto elementor-widget elementor-widget-heading\" data-id=\"f887ff1\" data-element_type=\"widget\" data-e-type=\"widget\" data-widget_type=\"heading.default\">\n\t\t\t\t\t<h2 class=\"elementor-heading-title elementor-size-default\">10%<\/h2>\t\t\t\t<\/div>\n\t\t\t\t<div class=\"elementor-element elementor-element-5a02cc5 elementor-widget-tablet__width-inherit elementor-widget elementor-widget-heading\" data-id=\"5a02cc5\" data-element_type=\"widget\" data-e-type=\"widget\" data-widget_type=\"heading.default\">\n\t\t\t\t\t<h5 class=\"elementor-heading-title elementor-size-default\">k\u00fcrzere Modellierungszeit<\/h5>\t\t\t\t<\/div>\n\t\t\t\t<\/div>\n\t\t<div class=\"elementor-element elementor-element-8d2c2d6 e-con-full e-flex e-con e-child\" data-id=\"8d2c2d6\" data-element_type=\"container\" data-e-type=\"container\">\n\t\t\t\t<div class=\"elementor-element elementor-element-ddce7de elementor-widget__width-auto elementor-widget-tablet__width-auto elementor-widget elementor-widget-heading\" data-id=\"ddce7de\" data-element_type=\"widget\" data-e-type=\"widget\" data-widget_type=\"heading.default\">\n\t\t\t\t\t<h2 class=\"elementor-heading-title elementor-size-default\">50%<\/h2>\t\t\t\t<\/div>\n\t\t\t\t<div class=\"elementor-element elementor-element-281ec6f elementor-widget-tablet__width-inherit elementor-widget elementor-widget-heading\" data-id=\"281ec6f\" data-element_type=\"widget\" data-e-type=\"widget\" data-widget_type=\"heading.default\">\n\t\t\t\t\t<h5 class=\"elementor-heading-title elementor-size-default\">k\u00fcrzere Bearbeitung von Meshes und Punktwolkenverarbeitung<\/h5>\t\t\t\t<\/div>\n\t\t\t\t<\/div>\n\t\t<div class=\"elementor-element elementor-element-8ee3dc3 e-con-full e-flex e-con e-child\" data-id=\"8ee3dc3\" data-element_type=\"container\" data-e-type=\"container\">\n\t\t\t\t<div class=\"elementor-element elementor-element-0276853 elementor-widget__width-auto elementor-widget-tablet__width-auto elementor-widget elementor-widget-heading\" data-id=\"0276853\" data-element_type=\"widget\" data-e-type=\"widget\" data-widget_type=\"heading.default\">\n\t\t\t\t\t<h2 class=\"elementor-heading-title elementor-size-default\">10x<\/h2>\t\t\t\t<\/div>\n\t\t\t\t<div class=\"elementor-element elementor-element-9d3d758 elementor-widget-tablet__width-inherit elementor-widget elementor-widget-heading\" data-id=\"9d3d758\" data-element_type=\"widget\" data-e-type=\"widget\" data-widget_type=\"heading.default\">\n\t\t\t\t\t<h5 class=\"elementor-heading-title elementor-size-default\">h\u00f6here Datennutzung<\/h5>\t\t\t\t<\/div>\n\t\t\t\t<\/div>\n\t\t<div class=\"elementor-element elementor-element-b5fa8c7 e-con-full e-flex e-con e-child\" data-id=\"b5fa8c7\" data-element_type=\"container\" data-e-type=\"container\">\n\t\t\t\t<div class=\"elementor-element elementor-element-2ff7c71 elementor-widget__width-auto elementor-widget-tablet__width-auto elementor-widget elementor-widget-heading\" data-id=\"2ff7c71\" data-element_type=\"widget\" data-e-type=\"widget\" data-widget_type=\"heading.default\">\n\t\t\t\t\t<h2 class=\"elementor-heading-title elementor-size-default\">100%<\/h2>\t\t\t\t<\/div>\n\t\t\t\t<div class=\"elementor-element elementor-element-2338cf7 elementor-widget-tablet__width-inherit elementor-widget elementor-widget-heading\" data-id=\"2338cf7\" data-element_type=\"widget\" data-e-type=\"widget\" data-widget_type=\"heading.default\">\n\t\t\t\t\t<h5 class=\"elementor-heading-title elementor-size-default\">Eigentumsrechte an Daten<\/h5>\t\t\t\t<\/div>\n\t\t\t\t<\/div>\n\t\t<div class=\"elementor-element elementor-element-4068a2f e-con-full e-flex e-con e-child\" data-id=\"4068a2f\" data-element_type=\"container\" data-e-type=\"container\">\n\t\t\t\t<div class=\"elementor-element elementor-element-0173e0a elementor-widget__width-auto elementor-widget-tablet__width-auto elementor-widget elementor-widget-heading\" data-id=\"0173e0a\" data-element_type=\"widget\" data-e-type=\"widget\" data-widget_type=\"heading.default\">\n\t\t\t\t\t<h2 class=\"elementor-heading-title elementor-size-default\">75%<\/h2>\t\t\t\t<\/div>\n\t\t\t\t<div class=\"elementor-element elementor-element-faa5bb7 elementor-widget-tablet__width-inherit elementor-widget elementor-widget-heading\" data-id=\"faa5bb7\" data-element_type=\"widget\" data-e-type=\"widget\" data-widget_type=\"heading.default\">\n\t\t\t\t\t<h5 class=\"elementor-heading-title elementor-size-default\"> geringere Gesamtbetriebskosten oder weniger<\/h5>\t\t\t\t<\/div>\n\t\t\t\t<\/div>\n\t\t<div class=\"elementor-element elementor-element-c22189f e-con-full e-flex e-con e-child\" data-id=\"c22189f\" data-element_type=\"container\" data-e-type=\"container\" data-settings=\"{&quot;background_background&quot;:&quot;classic&quot;}\">\n\t\t\t\t<div class=\"elementor-element elementor-element-53c4f77 elementor-widget elementor-widget-heading\" data-id=\"53c4f77\" data-element_type=\"widget\" data-e-type=\"widget\" data-widget_type=\"heading.default\">\n\t\t\t\t\t<h4 class=\"elementor-heading-title elementor-size-default\">HxDR Reality Cloud Studio ist eine End-to-End-Plattform f\u00fcr klare und pr\u00e4zise Visualisierung sowie zum Teilen und Bereitstellen von Ergebnissen. Branchenunabh\u00e4ngig bietet diese ma\u00dfgeschneiderte Funktionen wie: <\/h4>\t\t\t\t<\/div>\n\t\t\t\t<div class=\"elementor-element elementor-element-3730b14 elementor-widget elementor-widget-heading\" data-id=\"3730b14\" data-element_type=\"widget\" data-e-type=\"widget\" data-widget_type=\"heading.default\">\n\t\t\t\t\t<h5 class=\"elementor-heading-title elementor-size-default\"><ul>  <li>Automatisierung Scan-to-BIM<\/li>  <li>Scan-Workflows versus BIM-Workflows<\/li>  <li>KI-gest\u00fctzte Klassifizierung<\/li>  <li>digitale Zwillinge aus Scandaten<\/li>  <li>Zusammenarbeit in Echtzeit mit allen Projektbeteiligten<\/li>  <li>cloudbasierten Zugriff auf digitale Zwillinge und Mesh-Modelle<\/li><\/ul><\/h5>\t\t\t\t<\/div>\n\t\t\t\t<\/div>\n\t\t\t\t<div class=\"elementor-element elementor-element-a1432cd elementor-widget elementor-widget-heading\" data-id=\"a1432cd\" data-element_type=\"widget\" data-e-type=\"widget\" data-widget_type=\"heading.default\">\n\t\t\t\t\t<h4 class=\"elementor-heading-title elementor-size-default\">Empowering teams across AEC, surveying, oil and gas, process manufacturing, discrete manufacturing, and more to collaborate and create at scale, no specialized skills required.<\/h4>\t\t\t\t<\/div>\n\t\t\t\t<\/div>\n\t\t<div class=\"elementor-element elementor-element-2e4991be e-con-full elementor-hidden-tablet elementor-hidden-mobile e-flex e-con e-child\" data-id=\"2e4991be\" data-element_type=\"container\" data-e-type=\"container\">\n\t\t\t\t<div class=\"elementor-element elementor-element-c23c542 elementor-widget elementor-widget-heading\" data-id=\"c23c542\" data-element_type=\"widget\" data-e-type=\"widget\" data-widget_type=\"heading.default\">\n\t\t\t\t\t<h3 class=\"elementor-heading-title elementor-size-default\">Live sehen \u2013 mit einer kostenlosen individuellen Demo<\/h3>\t\t\t\t<\/div>\n\t\t\t\t<div class=\"elementor-element elementor-element-964b9cc elementor-widget elementor-widget-html\" data-id=\"964b9cc\" data-element_type=\"widget\" data-e-type=\"widget\" data-widget_type=\"html.default\">\n\t\t\t\t\t<iframe src=\"https:\/\/marketing.hxdr.com\/l\/665443\/2025-07-10\/7w9p3r\" width=\"100%\" height=\"1200\" type=\"text\/html\" frameborder=\"0\" allowTransparency=\"true\" style=\"border: 0\"><\/iframe>\t\t\t\t<\/div>\n\t\t\t\t<\/div>\n\t\t\t\t<\/div>\n\t\t\t\t\t<\/div>\n\t\t\t\t<\/div>\n\t\t<div class=\"elementor-element elementor-element-b39c98e outerGridContainer e-flex e-con-boxed e-con e-parent\" data-id=\"b39c98e\" data-element_type=\"container\" data-e-type=\"container\">\n\t\t\t\t\t<div class=\"e-con-inner\">\n\t\t<div class=\"elementor-element elementor-element-39f44ec0 e-con-full e-flex e-con e-child\" data-id=\"39f44ec0\" data-element_type=\"container\" data-e-type=\"container\">\n\t\t<div class=\"elementor-element elementor-element-5dd9ebdd e-con-full e-flex e-con e-child\" data-id=\"5dd9ebdd\" data-element_type=\"container\" data-e-type=\"container\">\n\t\t\t\t<div class=\"elementor-element elementor-element-d55f4 elementor-widget elementor-widget-heading\" data-id=\"d55f4\" data-element_type=\"widget\" data-e-type=\"widget\" data-widget_type=\"heading.default\">\n\t\t\t\t\t<h2 class=\"elementor-heading-title elementor-size-default\">Vertrauen Sie dazu nicht nur auf unsere Meinung.<\/h2>\t\t\t\t<\/div>\n\t\t\t\t<div class=\"elementor-element elementor-element-5845df57 elementor-widget elementor-widget-heading\" data-id=\"5845df57\" data-element_type=\"widget\" data-e-type=\"widget\" data-widget_type=\"heading.default\">\n\t\t\t\t\t<h4 class=\"elementor-heading-title elementor-size-default\">Hier auch einige Stimmen unserer Kunden:<\/h4>\t\t\t\t<\/div>\n\t\t\t\t<\/div>\n\t\t\t\t<\/div>\n\t\t<div class=\"elementor-element elementor-element-750308b7 e-con-full e-grid e-con e-child\" data-id=\"750308b7\" data-element_type=\"container\" data-e-type=\"container\">\n\t\t\t\t<div class=\"elementor-element elementor-element-bcd52c2 elementor-widget elementor-widget-heading\" data-id=\"bcd52c2\" data-element_type=\"widget\" data-e-type=\"widget\" data-widget_type=\"heading.default\">\n\t\t\t\t\t<h4 class=\"elementor-heading-title elementor-size-default\"><span class=\"quote-before\">\"<\/span> Statt Kunden zu bitten, Viewer zu installieren oder Downloads zu verwalten, k\u00f6nnen wir mit Reality Cloud Studio Daten nun sofort teilen. Dies macht die Zusammenarbeit deutlich agiler.<span class=\"quote-after\">\"<\/span><\/h4>\t\t\t\t<\/div>\n\t\t\t\t<div class=\"elementor-element elementor-element-b68016f elementor-widget elementor-widget-heading\" data-id=\"b68016f\" data-element_type=\"widget\" data-e-type=\"widget\" data-widget_type=\"heading.default\">\n\t\t\t\t\t<h4 class=\"elementor-heading-title elementor-size-default\"><span class=\"quote-before\">\"<\/span> Die Mesh-Generierung mit nur einem Klick macht den gesamten Prozess schneller, einfacher und effizienter. <span class=\"quote-after\">\"<\/span><\/h4>\t\t\t\t<\/div>\n\t\t\t\t<\/div>\n\t\t\t\t\t<\/div>\n\t\t\t\t<\/div>\n\t\t<div class=\"elementor-element elementor-element-b9b33e outerGridContainer elementor-hidden-desktop e-flex e-con-boxed e-con e-parent\" data-id=\"b9b33e\" data-element_type=\"container\" data-e-type=\"container\">\n\t\t\t\t\t<div class=\"e-con-inner\">\n\t\t<div class=\"elementor-element elementor-element-5cbb71f9 e-con-full e-flex e-con e-child\" data-id=\"5cbb71f9\" data-element_type=\"container\" data-e-type=\"container\">\n\t\t<div class=\"elementor-element elementor-element-4c3b5f47 e-con-full e-flex e-con e-child\" data-id=\"4c3b5f47\" data-element_type=\"container\" data-e-type=\"container\">\n\t\t\t\t<div class=\"elementor-element elementor-element-63c845b elementor-widget elementor-widget-heading\" data-id=\"63c845b\" data-element_type=\"widget\" data-e-type=\"widget\" data-widget_type=\"heading.default\">\n\t\t\t\t\t<h3 class=\"elementor-heading-title elementor-size-default\">Live sehen \u2013 mit einer kostenlosen individuellen Demo<\/h3>\t\t\t\t<\/div>\n\t\t\t\t<div class=\"elementor-element elementor-element-f3753b8 elementor-widget elementor-widget-html\" data-id=\"f3753b8\" data-element_type=\"widget\" data-e-type=\"widget\" data-widget_type=\"html.default\">\n\t\t\t\t\t<iframe src=\"https:\/\/marketing.hxdr.com\/l\/665443\/2025-07-10\/7w9p3r\" width=\"100%\" height=\"1500\" type=\"text\/html\" frameborder=\"0\" allowTransparency=\"true\" style=\"border: 0\"><\/iframe>\t\t\t\t<\/div>\n\t\t\t\t<\/div>\n\t\t\t\t<\/div>\n\t\t\t\t\t<\/div>\n\t\t\t\t<\/div>\n\t\t\t\t<\/div>\n\t\t","protected":false},"excerpt":{"rendered":"<p>Kostenlose Demo zu HxDR Reality Cloud Studio Die effiziente Verwaltung von Digital Reality-Workflows\u00b0\u2013 von der Erfassung bis zum Austausch von Daten. 10% k\u00fcrzere Modellierungszeit 50% k\u00fcrzere Bearbeitung von Meshes und Punktwolkenverarbeitung 10x h\u00f6here Datennutzung 100% Eigentumsrechte an Daten 75% geringere Gesamtbetriebskosten oder weniger HxDR Reality Cloud Studio ist eine End-to-End-Plattform f\u00fcr klare und pr\u00e4zise Visualisierung [&hellip;]<\/p>\n","protected":false},"author":7,"featured_media":7693,"parent":8918,"menu_order":0,"comment_status":"closed","ping_status":"closed","template":"","meta":{"footnotes":""},"class_list":["post-10321","page","type-page","status-publish","has-post-thumbnail","hentry"],"_links":{"self":[{"href":"https:\/\/hxdr.com\/de\/wp-json\/wp\/v2\/pages\/10321","targetHints":{"allow":["GET"]}}],"collection":[{"href":"https:\/\/hxdr.com\/de\/wp-json\/wp\/v2\/pages"}],"about":[{"href":"https:\/\/hxdr.com\/de\/wp-json\/wp\/v2\/types\/page"}],"author":[{"embeddable":true,"href":"https:\/\/hxdr.com\/de\/wp-json\/wp\/v2\/users\/7"}],"replies":[{"embeddable":true,"href":"https:\/\/hxdr.com\/de\/wp-json\/wp\/v2\/comments?post=10321"}],"version-history":[{"count":0,"href":"https:\/\/hxdr.com\/de\/wp-json\/wp\/v2\/pages\/10321\/revisions"}],"up":[{"embeddable":true,"href":"https:\/\/hxdr.com\/de\/wp-json\/wp\/v2\/pages\/8918"}],"wp:featuredmedia":[{"embeddable":true,"href":"https:\/\/hxdr.com\/de\/wp-json\/wp\/v2\/media\/7693"}],"wp:attachment":[{"href":"https:\/\/hxdr.com\/de\/wp-json\/wp\/v2\/media?parent=10321"}],"curies":[{"name":"wp","href":"https:\/\/api.w.org\/{rel}","templated":true}]}}